{"id":108,"date":"2019-09-04T12:56:12","date_gmt":"2019-09-04T10:56:12","guid":{"rendered":"https:\/\/webs.uab.cat\/spl\/unitat-de-trastorns-de-la-veu-2\/"},"modified":"2023-02-28T15:18:43","modified_gmt":"2023-02-28T13:18:43","slug":"unitat-de-trastorns-de-la-veu-2","status":"publish","type":"page","link":"https:\/\/webs.uab.cat\/spl\/unitat-de-trastorns-de-la-veu-2\/","title":{"rendered":"Unitat de Trastorns de la Veu"},"content":{"rendered":"\n<p>Es procedir\u00e0 a un&nbsp;<strong>diagn\u00f2stic de la Veu<\/strong>, mitjan\u00e7ant una revisi\u00f3 ORL i una&nbsp;<strong>Avaluaci\u00f3 funcional<\/strong>&nbsp;de la veu del pacient.<\/p>\n\n\n\n<p>Una vegada es disposa del diagn\u00f2stic i l\u2019avaluaci\u00f3 funcional, segons el tipus de demanda, la Unitat procedir\u00e0 a:<\/p>\n\n\n\n<p>&#8211;&nbsp;<strong>Educaci\u00f3 vocal<\/strong>: A aquelles persones que, sense tenir cap patologia, vulguin educar la seva veu per desenvolupar feines o activitats de lleure en qu\u00e8 la veu hi sigui part implicada o eina fonamental, per tal de desenvolupar-les sense cap risc.<\/p>\n\n\n\n<p>&#8211;&nbsp;<strong>Rehabilitaci\u00f3 de la Veu<\/strong>&nbsp;en qualsevol de les seves patologies (afonies, disfonies funcionals, n\u00f2duls, p\u00f2lips, edemes, hematomes&#8230;), disfonies per afectacions cong\u00e8nites (quists intra-cordals, sulcus, vergetures, asimetries,&#8230;), disfonies per patologies org\u00e0niques adquirides (papil\u00b7loma laringi, fongs a les cordes vocals, traumatismes laringis, granulomes,&#8230;), disfonies psic\u00f2genes, disfonies espasm\u00f2diques, par\u00e0lisis lar\u00edngies, laringectomies totals o parcials, trastorns de la muda vocal, androfonies, etc.<\/p>\n\n\n\n<p>&#8211;&nbsp;<strong>Reeducaci\u00f3 de la veu en processos transg\u00e8nere<\/strong>. Els processos de canvi de g\u00e8nere (home a dona \/ dona a home) requereixen d\u2019un tractament especialitzat de la veu per adequar la imatge vocal de la persona a la seva nova imatge f\u00edsica, i per assegurar la nova veu als requeriments vocals, professionals o no, de la nova situaci\u00f3 de la persona. Aquests tractaments de canvi de veu poden tenir una durada d\u2019entre sis mesos a un any.<\/p>\n\n\n\n<p>&#8211;&nbsp;<strong>Rehabilitaci\u00f3 de l\u2019olfacte i de la Veu<\/strong>&nbsp;a pacients laringectomitzats (<strong>Veu Esof\u00e0gica<\/strong>&nbsp;o Erigmof\u00f2nica, i&nbsp;<strong>Veu Traqueoesof\u00e0gica<\/strong>&nbsp;o Prot\u00e8tica). Les persones laringectomitzades veuen interrompuda bruscament la seva comunicaci\u00f3 oral per la mutilaci\u00f3 que suposa la laringectomia. Tamb\u00e9 veuen afectat d\u2019una forma molt important l\u2019olfacte al tenir l\u2019aire una nova via d\u2019entrada, \u00fanica i diferent del nas, i per tant tamb\u00e9 el sentit del gust. El logopeda \u00e9s l\u2019encarregat d\u2019educar una nova forma d\u2019olorar i recuperar aix\u00ed l\u2019olfacte i el gust (qualitat de vida). Tamb\u00e9 \u00e9s el logopeda l\u2019encarregat d\u2019instaurar una nova forma de parlar, amb aire bucal, anomenada Veu esof\u00e0gica o Erigmof\u00f2nica, que, en molts casos es complementar\u00e0 amb la veu Traqueo-esof\u00e0gica si al pacient se li posa una pr\u00f2tesi fonat\u00f2ria.<\/p>\n\n\n\n<p>&#8211;&nbsp;<strong>Formaci\u00f3 a col\u00b7lectius en prevenci\u00f3 Vocal<\/strong>: Una altra funci\u00f3 de la Unitat \u00e9s la de fer cursos i xerrades de prevenci\u00f3 vocal per a col\u00b7lectius espec\u00edfics de professionals de la veu (mestres, professors universitaris, docents en general, agents de telem\u00e0rqueting, personal d\u2019atenci\u00f3 al client, advocats, i altres), i per a col\u00b7lectius de persones que tenen problem\u00e0tiques de veu ocupacional (infermeres d\u2019atenci\u00f3 al p\u00fablic en Centres d\u2019Atenci\u00f3 Prim\u00e0ria, Hospitals i Centres M\u00e8dics, secret\u00e0ries, etc.).<\/p>\n\n\n\n<p><strong>Responsable de la Unitat: Angie Bellmunt<\/strong><\/p>\n","protected":false},"excerpt":{"rendered":"<p>Es procedir\u00e0 a un&nbsp;diagn\u00f2stic de la Veu, mitjan\u00e7ant una revisi\u00f3 ORL i una&nbsp;Avaluaci\u00f3 funcional&nbsp;de la veu del pacient. Una vegada es disposa del diagn\u00f2stic i l\u2019avaluaci\u00f3 funcional, segons el tipus de demanda, la Unitat procedir\u00e0 a: &#8211;&nbsp;Educaci\u00f3 vocal: A aquelles persones que, sense tenir cap patologia, vulguin educar la seva veu per desenvolupar feines o [&hellip;]<\/p>\n","protected":false},"author":20,"featured_media":0,"parent":0,"menu_order":0,"comment_status":"closed","ping_status":"closed","template":"","meta":{"footnotes":""},"class_list":["post-108","page","type-page","status-publish","hentry"],"_links":{"self":[{"href":"https:\/\/webs.uab.cat\/spl\/wp-json\/wp\/v2\/pages\/108","targetHints":{"allow":["GET"]}}],"collection":[{"href":"https:\/\/webs.uab.cat\/spl\/wp-json\/wp\/v2\/pages"}],"about":[{"href":"https:\/\/webs.uab.cat\/spl\/wp-json\/wp\/v2\/types\/page"}],"author":[{"embeddable":true,"href":"https:\/\/webs.uab.cat\/spl\/wp-json\/wp\/v2\/users\/20"}],"replies":[{"embeddable":true,"href":"https:\/\/webs.uab.cat\/spl\/wp-json\/wp\/v2\/comments?post=108"}],"version-history":[{"count":1,"href":"https:\/\/webs.uab.cat\/spl\/wp-json\/wp\/v2\/pages\/108\/revisions"}],"predecessor-version":[{"id":334,"href":"https:\/\/webs.uab.cat\/spl\/wp-json\/wp\/v2\/pages\/108\/revisions\/334"}],"wp:attachment":[{"href":"https:\/\/webs.uab.cat\/spl\/wp-json\/wp\/v2\/media?parent=108"}],"curies":[{"name":"wp","href":"https:\/\/api.w.org\/{rel}","templated":true}]}}