{"id":124,"date":"2021-01-26T17:05:41","date_gmt":"2021-01-26T15:05:41","guid":{"rendered":"https:\/\/webs.uab.cat\/spl\/unitat-de-coaching-i-acompanyament-academic-uaca\/"},"modified":"2023-02-28T15:12:30","modified_gmt":"2023-02-28T13:12:30","slug":"unitat-de-coaching-i-acompanyament-academic-uaca","status":"publish","type":"page","link":"https:\/\/webs.uab.cat\/spl\/unitat-de-coaching-i-acompanyament-academic-uaca\/","title":{"rendered":"Unitat de Coaching i Acompanyament Acad\u00e8mic (UACA)"},"content":{"rendered":"\n<p>La unitat de Coaching i Acompanyament Acad\u00e8mic \u00e9s un servei assistencial dirigit als estudiants de cadascuna de les etapes formatives en educaci\u00f3 superior (grau, m\u00e0sters, doctorat i equips de recerca consolidats) en resposta a les necessitats\u00a0 de motivaci\u00f3 espec\u00edfiques de cada etapa. A partir de la psicoeducaci\u00f3 i altres t\u00e8cniques pr\u00f2pies del coaching i de la psicologia positiva, la UCAA posa al servei de la comunitat acad\u00e8mica un equip de psic\u00f2legs doctors, assessors i tutors especialitzats en orientaci\u00f3, motivaci\u00f3 professional i superaci\u00f3 personal per tal de fomentar el benestar, promoure la salut i facilitar l\u2019\u00e8xit acad\u00e8mic de la comunitat UAB.<\/p>\n\n\n<div class=\"wp-block-image\">\n<figure class=\"aligncenter size-full is-resized\"><img loading=\"lazy\" decoding=\"async\" src=\"https:\/\/webs.uab.cat\/spl\/wp-content\/uploads\/sites\/357\/2021\/01\/ucaa_coaching_mentoring.jpg\" alt=\"ucaa_coaching_mentoring.jpg\" class=\"wp-image-113\" width=\"701\" height=\"393\" srcset=\"https:\/\/webs.uab.cat\/spl\/wp-content\/uploads\/sites\/357\/2021\/01\/ucaa_coaching_mentoring.jpg 640w, https:\/\/webs.uab.cat\/spl\/wp-content\/uploads\/sites\/357\/2021\/01\/ucaa_coaching_mentoring-300x168.jpg 300w\" sizes=\"auto, (max-width: 701px) 100vw, 701px\" \/><\/figure>\n<\/div>\n\n\n<h2 class=\"wp-block-heading\"><strong>Subunitats:<\/strong><\/h2>\n\n\n\n<ul class=\"wp-block-list\"><li><strong>UCAA_GRAUS<\/strong>: acompanyament especialitzat amb m\u00e8todes de coaching educatiu, mentoring i psicologia positiva per a alumnes de grau que estan desmotivats, desorientats o davant de reptes personals i acad\u00e8mics que demanen un exercici de superaci\u00f3 personal. Demana m\u00e9s informaci\u00f3 a\u00a0<a href=\"mailto:spl@uab.cat\">spl@uab.cat<\/a>\u00a0o omple aquest\u00a0<a href=\"https:\/\/webs.uab.cat\/spl\/webform\/contacta-amb-nosaltres\/\" data-type=\"webform\" data-id=\"241\">formulari.<\/a><\/li><\/ul>\n\n\n\n<ul class=\"wp-block-list\"><li><a href=\"https:\/\/webs.uab.cat\/spl\/wp-content\/uploads\/sites\/357\/2021\/01\/ucaa_doctorands_abril_2021.pdf\" data-type=\"attachment\" data-id=\"114\">UCAA_DOCS<\/a>: un equip de psic\u00f2legs doctors amb experi\u00e8ncia dins l\u2019acad\u00e8mia i la carrera investigadora es posa al servei dels doctorands i els seus supervisors i equips de recerca, per tal de facilitar la formaci\u00f3 en compet\u00e8ncies transversals relacionades amb la motivaci\u00f3 acad\u00e8mica, la promoci\u00f3 del benestar psicol\u00f2gic, la prevenci\u00f3 de l\u2019estr\u00e8s, l\u2019execuci\u00f3 de la tesi, la resoluci\u00f3 de conflictes,\u00a0 la millora de les habilitats de comunicaci\u00f3 i d\u2019auto-lideratge. Es pret\u00e9n aix\u00ed, oferir un acompanyament psicol\u00f2gic especialitzat\u00a0a\u00a0investigadors\u00a0<strong><u>j\u00faniors i s\u00e8niors<\/u><\/strong>\u00a0que complementi la formaci\u00f3 investigadora, que els ajudi a superar moments complicats i treure el m\u00e0xim potencial individual possible per assolir els objectius professionals i personals amb \u00e8xit. Poden fer \u00fas d\u2019aquest servei tamb\u00e9 estudiants de m\u00e0ster que han de completar els seus treballs de recerca.\u00a0Si necessites m\u00e9s informacio accedeix al\u00a0<a href=\"https:\/\/webs.uab.cat\/spl\/wp-content\/uploads\/sites\/357\/2021\/01\/ucaa_doctorands_abril_2021.pdf\" data-type=\"attachment\" data-id=\"114\">document explicatiu de la subunitat.<\/a>\u00a0Demana m\u00e9s informaci\u00f3 a\u00a0<a href=\"mailto:spl@uab.cat\">spl@uab.cat<\/a>\u00a0o omple aquest\u00a0<a href=\"https:\/\/webs.uab.cat\/spl\/webform\/contacta-amb-nosaltres\/\" data-type=\"webform\" data-id=\"241\">formulari.<\/a><\/li><\/ul>\n\n\n\n<h2 class=\"wp-block-heading\">Equip Formatiu i Assitencial<\/h2>\n\n\n\n<div class=\"wp-block-media-text is-stacked-on-mobile has-primary-background-color has-background\" style=\"grid-template-columns:15% auto\"><figure class=\"wp-block-media-text__media\"><img loading=\"lazy\" decoding=\"async\" width=\"90\" height=\"90\" src=\"https:\/\/webs.uab.cat\/spl\/wp-content\/uploads\/sites\/357\/2021\/01\/small_joan_deus.jpg\" alt=\"small_joan_deus.jpg\" class=\"wp-image-115 size-full\"\/><\/figure><div class=\"wp-block-media-text__content\">\n<h3 class=\"wp-block-heading\">Dr. Joan D\u00e9us<\/h3>\n<\/div><\/div>\n\n\n\n<p><strong>Coordiador del Servei de Psicologia i Logop\u00e8dia de la UAB<\/strong>.\u00a0Especialista en Neuropsicologia est\u00e0 acreditat com a especialista en Psicologia Cl\u00ednica amb el Certificat Europeu de Psic\u00f2leg Cl\u00ednic (EuroPsy). Professor titular del Departament de Psicologia Cl\u00ednica i de la Salut de la Facultat de Psicologia. \u00c9s codirector, de la Unitat de Recerca en Resson\u00e0ncia Magn\u00e8tica de CRC-Hospital del Mar, de la l\u00ednia d&#8217;investigaci\u00f3 de Neuroimatge en Neuropsicologia i Neuroci\u00e8ncies.<\/p>\n\n\n\n<div class=\"wp-block-media-text is-stacked-on-mobile has-primary-background-color has-background\" style=\"grid-template-columns:15% auto\"><figure class=\"wp-block-media-text__media\"><img loading=\"lazy\" decoding=\"async\" width=\"108\" height=\"81\" src=\"https:\/\/webs.uab.cat\/spl\/wp-content\/uploads\/sites\/357\/2021\/01\/jordi_fernandez.jpg\" alt=\"jordi_fernandez.jpg\" class=\"wp-image-116 size-full\"\/><\/figure><div class=\"wp-block-media-text__content\">\n<h3 class=\"has-large-font-size wp-block-heading\">Dr. Jordi Fern\u00e1ndez<\/h3>\n<\/div><\/div>\n\n\n\n<p><strong>Coordinador de la Unitat de Salut i Estr\u00e8s,\u00a0<\/strong>\u00e9s Catedr\u00e0tic de Psicologia de la UAB. Actualment, \u00e9s Director del Grup d\u2019Investigaci\u00f3 en Estr\u00e8s i Salut, amb m\u00e9s de trenta anys d\u2019experi\u00e8ncia en recerca i intervenci\u00f3 en<strong>\u00a0estr\u00e8s i el seu impacte sobre la salut.\u00a0<\/strong>Recentment, ha publicat el llibre\u00a0<em>Lib\u00e9rate del Estr\u00e9s<\/em>\u00a0i imparteix tallers de prevenci\u00f3 i gesti\u00f3 de l\u2019estr\u00e8s en personal d\u2019administraci\u00f3 i serveis (PAS), docent i investigador (PDI).<\/p>\n\n\n\n<div class=\"wp-block-media-text is-stacked-on-mobile has-primary-background-color has-background\" style=\"grid-template-columns:15% auto\"><figure class=\"wp-block-media-text__media\"><img loading=\"lazy\" decoding=\"async\" width=\"120\" height=\"120\" src=\"https:\/\/webs.uab.cat\/spl\/wp-content\/uploads\/sites\/357\/2021\/01\/medium_sanchez_sonia.png\" alt=\"medium_sanchez_sonia.png\" class=\"wp-image-117 size-full\"\/><\/figure><div class=\"wp-block-media-text__content\">\n<h3 class=\"has-large-font-size wp-block-heading\">Dra. S\u00f2nia S\u00e1nchez<\/h3>\n<\/div><\/div>\n\n\n\n<p><strong>Dra.&nbsp;<a href=\"https:\/\/www.researchgate.net\/profile\/Sonia_Sanchez-Busques\">S\u00f2nia S\u00e1nchez<\/a>, coordinadora de la Comunitat de Recerca Estrat\u00e8gica en Salut Mental de la UAB.<\/strong><\/p>\n\n\n\n<p>Coordinadora del&nbsp;<a href=\"https:\/\/www.uab.cat\/web\/investigar\/cores-uab\/core-en-salut-mental\/la-xarxa-core-en-salut-mental-1345696629751.html\">CORE en&nbsp;Salut Mental<\/a>&nbsp;de la UAB. Doctora en Psicologia, especialista en Psicologia de l\u2019Educaci\u00f3 i col\u00b7lectius vulnerables, va ser investigadora post doctoral i professora del Departament de Psicologia B\u00e0sica, Evolutiva i de l\u2019Educaci\u00f3. Actualment articula, a trav\u00e9s del CORE en Salut Mental, els grups i centres de recerca de l\u2019entorn del Campus d&#8217;Excel\u00b7l\u00e8ncia Internacional (CEI), creant xarxa, donant visibilitat i posicionant als seus membres a nivell local i internacional, unint esfor\u00e7os en la coordinaci\u00f3 de les actuacions, i compartint recursos i informaci\u00f3 de forma transversal.<\/p>\n\n\n\n<div class=\"wp-block-media-text is-stacked-on-mobile has-primary-background-color has-background\" style=\"grid-template-columns:15% auto\"><figure class=\"wp-block-media-text__media\"><img loading=\"lazy\" decoding=\"async\" width=\"89\" height=\"119\" src=\"https:\/\/webs.uab.cat\/spl\/wp-content\/uploads\/sites\/357\/2021\/01\/anna_muro.jpg\" alt=\"anna_muro.jpg\" class=\"wp-image-118 size-full\"\/><\/figure><div class=\"wp-block-media-text__content\">\n<h3 class=\"has-large-font-size wp-block-heading\">Dra. Anna Muro<\/h3>\n<\/div><\/div>\n\n\n\n<p><strong>\u00c9s professora lectora i investigadora\u00a0<\/strong>de la Unitat de Psicologia de l\u2019Educaci\u00f3 de la UAB, i conta amb m\u00e9s de 15 anys d\u2019experi\u00e8ncia com a psic\u00f2loga coach i formadora en l\u2019\u00e0mbit acad\u00e8mic, sanitari i empresarial. Ha acompanyat i motivat centenars d\u2019estudiants, docents i professionals cap a la superaci\u00f3 personal amb m\u00e8todes propis de la Psicologia Positiva, el Coaching o la Psicologia Cognitiu-Conductual.\u00a0Actualment, co-lidera un projecte europeu Erasmus+ de motivaci\u00f3 i acompanyament a joves investigadors.<\/p>\n\n\n\n<div class=\"wp-block-media-text is-stacked-on-mobile has-primary-background-color has-background\" style=\"grid-template-columns:15% auto\"><figure class=\"wp-block-media-text__media\"><img loading=\"lazy\" decoding=\"async\" width=\"98\" height=\"108\" src=\"https:\/\/webs.uab.cat\/spl\/wp-content\/uploads\/sites\/357\/2021\/01\/albert_feliu.png\" alt=\"albert_feliu.png\" class=\"wp-image-119 size-full\"\/><\/figure><div class=\"wp-block-media-text__content\">\n<h3 class=\"has-large-font-size wp-block-heading\">Dr. Albert Feliu<\/h3>\n<\/div><\/div>\n\n\n\n<p><strong>\u00c9s professor lector i investigador<\/strong>&nbsp;del Departament de Psicologia Cl\u00ednica i de la Salut, psic\u00f2leg sanitari i bi\u00f2leg i ha treballat com a investigador post doctoral a la Fundaci\u00f3 Sant Joan de D\u00e9u, avaluant l&#8217;efic\u00e0cia i mecanismes neurobiol\u00f2gics de tractaments no farmacol\u00f2gics en pacients amb dolor cr\u00f2nic. Compta amb m\u00e9s de 10 anys d&#8217;experi\u00e8ncia com a instructor de grups de promoci\u00f3 de la salut basats en l&#8217;entrenament de l&#8217;atenci\u00f3 plena (Mindfulness-Based Cognitive Therapy) i recentment, ha impulsat la formaci\u00f3 psicoeducativa \u201cResearch Yourself\u201d, juntament amb la dra. Elvira Reche, als Estudis de Doctorat de la UAB.<\/p>\n\n\n\n<div class=\"wp-block-media-text is-stacked-on-mobile has-primary-background-color has-background\" style=\"grid-template-columns:15% auto\"><figure class=\"wp-block-media-text__media\"><img loading=\"lazy\" decoding=\"async\" width=\"90\" height=\"90\" src=\"https:\/\/webs.uab.cat\/spl\/wp-content\/uploads\/sites\/357\/2021\/01\/small_nuria_sune.png\" alt=\"small_nuria_sune.png\" class=\"wp-image-120 size-full\"\/><\/figure><div class=\"wp-block-media-text__content\">\n<h3 class=\"has-large-font-size wp-block-heading\">Dra. N\u00faria Su\u00f1\u00e9<\/h3>\n<\/div><\/div>\n\n\n\n<p><strong>\u00c9s professora associada<\/strong>\u00a0del Departament de Psicologia B\u00e0sica, Evolutiva i de l\u2019Educaci\u00f3 i exerceix com a psic\u00f2loga coach. La seva tesi doctoral va girar entorn la identitat de l\u2019investigador i ha format part de projectes europeus de suport als joves investigadors, en els quals s\u2019han impulsat iniciatives de formaci\u00f3 en compet\u00e8ncies transversals, tant per a doctorands com per a supervisors i directors de tesi.<\/p>\n\n\n\n<div class=\"wp-block-media-text is-stacked-on-mobile has-primary-background-color has-background\" style=\"grid-template-columns:15% auto\"><figure class=\"wp-block-media-text__media\"><img loading=\"lazy\" decoding=\"async\" width=\"120\" height=\"120\" src=\"https:\/\/webs.uab.cat\/spl\/wp-content\/uploads\/sites\/357\/2021\/01\/medium_reche_elvira.png\" alt=\"medium_reche_elvira.png\" class=\"wp-image-121 size-full\"\/><\/figure><div class=\"wp-block-media-text__content\">\n<h3 class=\"has-large-font-size wp-block-heading\">Dra. Elvira Reche<\/h3>\n<\/div><\/div>\n\n\n\n<p><strong>Dra.&nbsp;<a href=\"https:\/\/www.linkedin.com\/in\/elvirareche\/\">Elvira Reche<\/a>, psic\u00f2loga sanit\u00e0ria col\u00b7legiada i coach acreditada pel COPC.<\/strong><\/p>\n\n\n\n<p>Psic\u00f2loga sanit\u00e0ria (N\u00fam. Col. 20403) i coach acreditada pel Col\u00b7legi de Psicologia de Catalunya (COPC), M\u00e0ster en Gesti\u00f3 i Direcci\u00f3 de Recursos Humans (URL), M\u00e0ster en Gesti\u00f3 P\u00fablica Avan\u00e7ada (UB) i Postgrau en Ter\u00e0pia Breu Estrat\u00e8gica (UdG). Amb 15 anys d\u2019experi\u00e8ncia en gesti\u00f3 d\u2019ajudes p\u00fabliques a la investigaci\u00f3, \u00e9s autora de la metodologia Research Yourself per al desenvolupament de compet\u00e8ncies transversals en l\u2019\u00e0mbit acad\u00e8mic, universitari i investigador, que va rebre el Premi al Millor Projecte de la Secci\u00f3 de Psicologia del Coaching del Col\u00b7legi Oficial de Psic\u00f2legs de Catalunya. \u00c9s instructora acreditada en reducci\u00f3 de l\u2019estr\u00e8s basat en minfulness i en compassi\u00f3 (protocols MBSR y MBCL), consultora de l\u2019Institut Relacional (IR) i exerceix com a psic\u00f2loga del Servei de Selecci\u00f3 Avaluaci\u00f3 i Seguiment de l\u2019Institut de Seguretat P\u00fablica de Catalunya.<\/p>\n\n\n\n<div class=\"wp-block-media-text is-stacked-on-mobile has-primary-background-color has-background\" style=\"grid-template-columns:15% auto\"><figure class=\"wp-block-media-text__media\"><img loading=\"lazy\" decoding=\"async\" width=\"90\" height=\"90\" src=\"https:\/\/webs.uab.cat\/spl\/wp-content\/uploads\/sites\/357\/2021\/01\/small_neus_crespo.jpg\" alt=\"small_neus_crespo.jpg\" class=\"wp-image-122 size-full\"\/><\/figure><div class=\"wp-block-media-text__content\">\n<h3 class=\"has-large-font-size wp-block-heading\">Neus Crespo<\/h3>\n<\/div><\/div>\n\n\n\n<p><strong>Professora associada<\/strong>\u00a0del Departament de Psicologia B\u00e0sica, Evolutiva i de l&#8217;Educaci\u00f3. Exerceix com a psic\u00f2loga sanit\u00e0ria (N\u00fam. Col. 26301) especialitzada en trastorns emocionals, afectius i conductuals en la poblaci\u00f3 adolescent i adulta. Compta amb experi\u00e8ncia en assessorament i acompanyament acad\u00e8mic i\u00a0coach\u00a0en diferents etapes educatives i vitals. La seva \u00e0rea d&#8217;investigaci\u00f3 principal se situa en l&#8217;\u00e0mbit de trastorns d&#8217;aprenentatge, estr\u00e8s i salut mental, i innovaci\u00f3 educativa.<\/p>\n\n\n\n<div class=\"wp-block-media-text is-stacked-on-mobile has-primary-background-color has-background\" style=\"grid-template-columns:15% auto\"><figure class=\"wp-block-media-text__media\"><img loading=\"lazy\" decoding=\"async\" width=\"90\" height=\"90\" src=\"https:\/\/webs.uab.cat\/spl\/wp-content\/uploads\/sites\/357\/2021\/01\/small_ivan_bonilla.jpg\" alt=\"small_ivan_bonilla.jpg\" class=\"wp-image-123 size-full\"\/><\/figure><div class=\"wp-block-media-text__content\">\n<h3 class=\"has-large-font-size wp-block-heading\">Ivan Bonilla<\/h3>\n<\/div><\/div>\n\n\n\n<p><strong>Professor associat\u00a0<\/strong>del Departament de Psicologia B\u00e0sica, Evolutiva i de l&#8217;Educaci\u00f3. Col\u00b7labora amb diferents clubs i organitzacions en l&#8217;\u00e0mbit nacional i internacional en el m\u00f3n dels esports i la gamificaci\u00f3, donant eines per millorar el rendiment i el benestar. Actualment, est\u00e0 treballant en la seva tesi titulada &#8220;Tilt en els e-sports: conceptualitzaci\u00f3, mesura i proposta d&#8217;intervenci\u00f3&#8221;.<\/p>\n\n\n\n<p>&nbsp;<\/p>\n","protected":false},"excerpt":{"rendered":"<p>La unitat de Coaching i Acompanyament Acad\u00e8mic \u00e9s un servei assistencial dirigit als estudiants de cadascuna de les etapes formatives en educaci\u00f3 superior (grau, m\u00e0sters, doctorat i equips de recerca consolidats) en resposta a les necessitats\u00a0 de motivaci\u00f3 espec\u00edfiques de cada etapa. A partir de la psicoeducaci\u00f3 i altres t\u00e8cniques pr\u00f2pies del coaching i de [&hellip;]<\/p>\n","protected":false},"author":20,"featured_media":0,"parent":0,"menu_order":0,"comment_status":"closed","ping_status":"closed","template":"","meta":{"footnotes":""},"class_list":["post-124","page","type-page","status-publish","hentry"],"_links":{"self":[{"href":"https:\/\/webs.uab.cat\/spl\/wp-json\/wp\/v2\/pages\/124","targetHints":{"allow":["GET"]}}],"collection":[{"href":"https:\/\/webs.uab.cat\/spl\/wp-json\/wp\/v2\/pages"}],"about":[{"href":"https:\/\/webs.uab.cat\/spl\/wp-json\/wp\/v2\/types\/page"}],"author":[{"embeddable":true,"href":"https:\/\/webs.uab.cat\/spl\/wp-json\/wp\/v2\/users\/20"}],"replies":[{"embeddable":true,"href":"https:\/\/webs.uab.cat\/spl\/wp-json\/wp\/v2\/comments?post=124"}],"version-history":[{"count":2,"href":"https:\/\/webs.uab.cat\/spl\/wp-json\/wp\/v2\/pages\/124\/revisions"}],"predecessor-version":[{"id":332,"href":"https:\/\/webs.uab.cat\/spl\/wp-json\/wp\/v2\/pages\/124\/revisions\/332"}],"wp:attachment":[{"href":"https:\/\/webs.uab.cat\/spl\/wp-json\/wp\/v2\/media?parent=124"}],"curies":[{"name":"wp","href":"https:\/\/api.w.org\/{rel}","templated":true}]}}