{"id":354,"date":"2023-02-28T15:59:44","date_gmt":"2023-02-28T13:59:44","guid":{"rendered":"https:\/\/webs.uab.cat\/spl\/?page_id=354"},"modified":"2025-07-14T10:43:30","modified_gmt":"2025-07-14T08:43:30","slug":"inici-4","status":"publish","type":"page","link":"https:\/\/webs.uab.cat\/spl\/","title":{"rendered":"Inici"},"content":{"rendered":"\n\n\n<div class=\"wp-block-group\"><div class=\"wp-block-group__inner-container is-layout-constrained wp-block-group-is-layout-constrained\">\n<div class=\"wp-block-columns is-layout-flex wp-container-core-columns-is-layout-9d6595d7 wp-block-columns-is-layout-flex\">\n<div class=\"wp-block-column is-layout-flow wp-block-column-is-layout-flow\">\n<div class=\"wp-block-media-text is-stacked-on-mobile\"><figure class=\"wp-block-media-text__media\"><img loading=\"lazy\" decoding=\"async\" width=\"1024\" height=\"576\" src=\"https:\/\/webs.uab.cat\/spl\/wp-content\/uploads\/sites\/357\/2025\/07\/Imatge_Prova-1-2-1024x576.png\" alt=\"\" class=\"wp-image-542 size-full\" srcset=\"https:\/\/webs.uab.cat\/spl\/wp-content\/uploads\/sites\/357\/2025\/07\/Imatge_Prova-1-2-1024x576.png 1024w, https:\/\/webs.uab.cat\/spl\/wp-content\/uploads\/sites\/357\/2025\/07\/Imatge_Prova-1-2-300x169.png 300w, https:\/\/webs.uab.cat\/spl\/wp-content\/uploads\/sites\/357\/2025\/07\/Imatge_Prova-1-2-768x432.png 768w, https:\/\/webs.uab.cat\/spl\/wp-content\/uploads\/sites\/357\/2025\/07\/Imatge_Prova-1-2-1536x864.png 1536w, https:\/\/webs.uab.cat\/spl\/wp-content\/uploads\/sites\/357\/2025\/07\/Imatge_Prova-1-2-1200x675.png 1200w, https:\/\/webs.uab.cat\/spl\/wp-content\/uploads\/sites\/357\/2025\/07\/Imatge_Prova-1-2.png 1920w\" sizes=\"auto, (max-width: 1024px) 100vw, 1024px\" \/><\/figure><div class=\"wp-block-media-text__content\">\n<p><strong>Especialistes de la UAB oferiran assessorament i formaci\u00f3 en atenci\u00f3 psicol\u00f2gica a Fundesplai<\/strong><\/p>\n\n\n\n<p><a href=\"https:\/\/webs.uab.cat\/spl\/2025\/07\/11\/especialistes-de-la-uab-oferiran-assessorament-i-formacio-en-atencio-psicologica-a-fundesplai-2\/\" data-type=\"link\" data-id=\"https:\/\/webs.uab.cat\/spl\/2025\/07\/11\/especialistes-de-la-uab-oferiran-assessorament-i-formacio-en-atencio-psicologica-a-fundesplai-2\/\">Fundesplai<\/a><\/p>\n<\/div><\/div>\n<\/div>\n<\/div>\n<\/div><\/div>\n\n\n\n<div class=\"wp-block-group\"><div class=\"wp-block-group__inner-container is-layout-constrained wp-block-group-is-layout-constrained\">\n<div class=\"wp-block-columns is-layout-flex wp-container-core-columns-is-layout-9d6595d7 wp-block-columns-is-layout-flex\">\n<div class=\"wp-block-column is-layout-flow wp-block-column-is-layout-flow\">\n<figure class=\"wp-block-image alignwide size-full\"><img loading=\"lazy\" decoding=\"async\" width=\"180\" height=\"180\" src=\"https:\/\/webs.uab.cat\/spl\/wp-content\/uploads\/sites\/357\/2010\/06\/large_pexels-pixabay-265702_1.jpg\" alt=\"\" class=\"wp-image-52\" srcset=\"https:\/\/webs.uab.cat\/spl\/wp-content\/uploads\/sites\/357\/2010\/06\/large_pexels-pixabay-265702_1.jpg 180w, https:\/\/webs.uab.cat\/spl\/wp-content\/uploads\/sites\/357\/2010\/06\/large_pexels-pixabay-265702_1-150x150.jpg 150w\" sizes=\"auto, (max-width: 180px) 100vw, 180px\" \/><\/figure>\n\n\n\n<p><\/p>\n\n\n\n<p><\/p>\n\n\n\n<h2 class=\"wp-block-heading\">Servei a les persones<\/h2>\n\n\n\n<p><a href=\"https:\/\/webs.uab.cat\/spl\/area-assistencial\/\" data-type=\"page\" data-id=\"88\">\u00c0rea assistencial de serveis especialitzats de Psicologia i Logop\u00e8dia<\/a><\/p>\n\n\n\n<p><\/p>\n\n\n\n<p><\/p>\n<\/div>\n\n\n\n<div class=\"wp-block-column is-layout-flow wp-block-column-is-layout-flow\">\n<figure class=\"wp-block-image alignwide size-full is-style-default\"><img loading=\"lazy\" decoding=\"async\" width=\"180\" height=\"180\" src=\"https:\/\/webs.uab.cat\/spl\/wp-content\/uploads\/sites\/357\/2010\/06\/large_pexels-meo-724994_1.jpg\" alt=\"\" class=\"wp-image-53\" srcset=\"https:\/\/webs.uab.cat\/spl\/wp-content\/uploads\/sites\/357\/2010\/06\/large_pexels-meo-724994_1.jpg 180w, https:\/\/webs.uab.cat\/spl\/wp-content\/uploads\/sites\/357\/2010\/06\/large_pexels-meo-724994_1-150x150.jpg 150w\" sizes=\"auto, (max-width: 180px) 100vw, 180px\" \/><\/figure>\n\n\n\n<p><\/p>\n\n\n\n<p><\/p>\n\n\n\n<h2 class=\"wp-block-heading\">Recerca, intervenci\u00f3 i formaci\u00f3<\/h2>\n\n\n\n<p><a href=\"https:\/\/webs.uab.cat\/spl\/area-de-transferencia-i-recerca-aplicada\/\" data-type=\"page\" data-id=\"89\">\u00c0rea de transfer\u00e8ncia i recerca aplicada<\/a><\/p>\n\n\n\n<p><\/p>\n\n\n\n<p class=\"has-text-align-center\"><\/p>\n\n\n\n<p><\/p>\n\n\n\n<p><\/p>\n<\/div>\n<\/div>\n<\/div><\/div>\n\n\n\n<div class=\"wp-block-buttons is-layout-flex wp-block-buttons-is-layout-flex\">\n<div class=\"wp-block-button has-custom-width wp-block-button__width-100\"><a class=\"wp-block-button__link wp-element-button\" href=\"https:\/\/webs.uab.cat\/spl\/noticies\/\">Veure totes les not\u00edcies<\/a><\/div>\n<\/div>\n\n\n\n<p><\/p>\n","protected":false},"excerpt":{"rendered":"<p>Especialistes de la UAB oferiran assessorament i formaci\u00f3 en atenci\u00f3 psicol\u00f2gica a Fundesplai Fundesplai Servei a les persones \u00c0rea assistencial de serveis especialitzats de Psicologia i Logop\u00e8dia Recerca, intervenci\u00f3 i formaci\u00f3 \u00c0rea de transfer\u00e8ncia i recerca aplicada<\/p>\n","protected":false},"author":20,"featured_media":0,"parent":0,"menu_order":0,"comment_status":"closed","ping_status":"closed","template":"","meta":{"footnotes":""},"class_list":["post-354","page","type-page","status-publish","hentry"],"_links":{"self":[{"href":"https:\/\/webs.uab.cat\/spl\/wp-json\/wp\/v2\/pages\/354","targetHints":{"allow":["GET"]}}],"collection":[{"href":"https:\/\/webs.uab.cat\/spl\/wp-json\/wp\/v2\/pages"}],"about":[{"href":"https:\/\/webs.uab.cat\/spl\/wp-json\/wp\/v2\/types\/page"}],"author":[{"embeddable":true,"href":"https:\/\/webs.uab.cat\/spl\/wp-json\/wp\/v2\/users\/20"}],"replies":[{"embeddable":true,"href":"https:\/\/webs.uab.cat\/spl\/wp-json\/wp\/v2\/comments?post=354"}],"version-history":[{"count":39,"href":"https:\/\/webs.uab.cat\/spl\/wp-json\/wp\/v2\/pages\/354\/revisions"}],"predecessor-version":[{"id":552,"href":"https:\/\/webs.uab.cat\/spl\/wp-json\/wp\/v2\/pages\/354\/revisions\/552"}],"wp:attachment":[{"href":"https:\/\/webs.uab.cat\/spl\/wp-json\/wp\/v2\/media?parent=354"}],"curies":[{"name":"wp","href":"https:\/\/api.w.org\/{rel}","templated":true}]}}