{"id":43,"date":"2010-06-22T15:31:18","date_gmt":"2010-06-22T13:31:18","guid":{"rendered":"https:\/\/webs.uab.cat\/spl\/utccb\/"},"modified":"2025-07-02T11:45:14","modified_gmt":"2025-07-02T09:45:14","slug":"utccb","status":"publish","type":"page","link":"https:\/\/webs.uab.cat\/spl\/utccb\/","title":{"rendered":"Unitat de Trauma, Crisis i Conflictes de Barcelona, UTCCB"},"content":{"rendered":"\n<p>La Unitat de Trauma, Crisi i Conflictes de Barcelona (UTCCB) \u00e9s el primer centre d\u2019abordatge integral de situacions de crisi, estr\u00e8s i conflictes que es produeixen el territori espanyol.<\/p>\n\n\n\n<p>Fundat al 2010 per un grup de psic\u00f2legs d\u2019emerg\u00e8ncies, al 2011 s\u2019integra als Serveis i Projectes Estrat\u00e8gics en Psicologia i, actualment, \u00e9s una de les unitats assistencials del SPL, que actua abans, durant i despr\u00e9s de situacions cr\u00edtiques.<\/p>\n\n\n\n<p>Proporciona servei d\u2019atenci\u00f3 en situacions de crisi individual, familiar o massiva per enc\u00e0rrec dels afectats, del Consorci Sanitari de Barcelona, de les companyies que signen conveni amb la UAB o de qualsevol altra entitat que aix\u00ed ho sol\u00b7liciti.<\/p>\n\n\n\n<p><strong>Responsable de la Unitat:<\/strong> Ingeborg Porcar Becker<\/p>\n\n\n\n<p><strong>Professionals Col\u00b7laboradors: <\/strong>Carles Cort\u00e9s Mendoza, Alicia \u00c1lvarez Garc\u00eda <strong>UTCCB: <\/strong>https:\/\/www.utccb.net\/conozcanos\/centro-de-crisis-de-barcelona.htm<\/p>\n\n\n\n<p><\/p>\n","protected":false},"excerpt":{"rendered":"<p>La Unitat de Trauma, Crisi i Conflictes de Barcelona (UTCCB) \u00e9s el primer centre d\u2019abordatge integral de situacions de crisi, estr\u00e8s i conflictes que es produeixen el territori espanyol. Fundat al 2010 per un grup de psic\u00f2legs d\u2019emerg\u00e8ncies, al 2011 s\u2019integra als Serveis i Projectes Estrat\u00e8gics en Psicologia i, actualment, \u00e9s una de les unitats [&hellip;]<\/p>\n","protected":false},"author":20,"featured_media":0,"parent":0,"menu_order":0,"comment_status":"closed","ping_status":"closed","template":"","meta":{"footnotes":""},"class_list":["post-43","page","type-page","status-publish","hentry"],"_links":{"self":[{"href":"https:\/\/webs.uab.cat\/spl\/wp-json\/wp\/v2\/pages\/43","targetHints":{"allow":["GET"]}}],"collection":[{"href":"https:\/\/webs.uab.cat\/spl\/wp-json\/wp\/v2\/pages"}],"about":[{"href":"https:\/\/webs.uab.cat\/spl\/wp-json\/wp\/v2\/types\/page"}],"author":[{"embeddable":true,"href":"https:\/\/webs.uab.cat\/spl\/wp-json\/wp\/v2\/users\/20"}],"replies":[{"embeddable":true,"href":"https:\/\/webs.uab.cat\/spl\/wp-json\/wp\/v2\/comments?post=43"}],"version-history":[{"count":2,"href":"https:\/\/webs.uab.cat\/spl\/wp-json\/wp\/v2\/pages\/43\/revisions"}],"predecessor-version":[{"id":446,"href":"https:\/\/webs.uab.cat\/spl\/wp-json\/wp\/v2\/pages\/43\/revisions\/446"}],"wp:attachment":[{"href":"https:\/\/webs.uab.cat\/spl\/wp-json\/wp\/v2\/media?parent=43"}],"curies":[{"name":"wp","href":"https:\/\/api.w.org\/{rel}","templated":true}]}}