{"id":44,"date":"2010-06-22T15:31:41","date_gmt":"2010-06-22T13:31:41","guid":{"rendered":"https:\/\/webs.uab.cat\/spl\/unitat-de-veu\/"},"modified":"2025-07-02T11:43:47","modified_gmt":"2025-07-02T09:43:47","slug":"unitat-de-veu","status":"publish","type":"page","link":"https:\/\/webs.uab.cat\/spl\/unitat-de-veu\/","title":{"rendered":"Unitat de Psicologia Cl\u00ednica i Neuropsicologia"},"content":{"rendered":"<p>La UPCN ofereix assist\u00e8ncia psicol\u00f2gica cl\u00ednica en persones en edat adulta, infanto-juvenil i geri\u00e0trica. Es realitzen avaluacions i diagn\u00f2stics psicopatol\u00f2gics i neuropsicol\u00f2gics per poder establir la m\u00e9s adequada intervenci\u00f3 psicol\u00f2gica i neuropsicol\u00f2gica des d\u2019una perspectiva bio-psico-social i sota un model te\u00f2ric cognitiu-conductual i neurocognitiu, sense renunciar a altres tipus d\u2019intervenci\u00f3 psicol\u00f2gica o a l\u2019\u00fas de la fitoter\u00e0pia.<\/p>\n<p>La tipologia de pacients abasta tot tipus de trastorns mentals i neuropsicol\u00f2gics que no requereixin una avaluaci\u00f3 i\/o intervenci\u00f3 de les unitats especialitzades del SPL.<\/p>\n<p>En l\u2019\u00e0mbit neuropsicol\u00f2gic s\u2019avalua i es realitza intervencions en desordres neurocognitius per lesions cerebrals adquirides, trastorns del neurodesenvolupament, disfuncions cerebrals m\u00ednimes, dificultats en l\u2019aprenentatge, dem\u00e8ncies i trastorns mentals que cursen amb deteriorament neuropsicol\u00f2gic.<\/p>\n<p>Tota la informaci\u00f3 queda arxivada en l\u2019historial del cas i el seu curs cl\u00ednic i, a petici\u00f3 del pacient o d\u2019altres professionals, s\u2019emetr\u00e0 un informe escrit.<\/p>\n<p><strong>Responsable de la Unitat:<\/strong> Joan Deus Yela<\/p>\n<p><strong>Professionals Col\u00b7laboradors:<\/strong> Bel\u00e9n Hermoso Garrido, Andrea Doreste Soler, Abigail Mora Sanz<\/p>\n<p class=\"rtejustify\">\n","protected":false},"excerpt":{"rendered":"<p>La UPCN ofereix assist\u00e8ncia psicol\u00f2gica cl\u00ednica en persones en edat adulta, infanto-juvenil i geri\u00e0trica. Es realitzen avaluacions i diagn\u00f2stics psicopatol\u00f2gics i neuropsicol\u00f2gics per poder establir la m\u00e9s adequada intervenci\u00f3 psicol\u00f2gica i neuropsicol\u00f2gica des d\u2019una perspectiva bio-psico-social i sota un model te\u00f2ric cognitiu-conductual i neurocognitiu, sense renunciar a altres tipus d\u2019intervenci\u00f3 psicol\u00f2gica o a l\u2019\u00fas de [&hellip;]<\/p>\n","protected":false},"author":20,"featured_media":0,"parent":0,"menu_order":0,"comment_status":"closed","ping_status":"closed","template":"","meta":{"footnotes":""},"class_list":["post-44","page","type-page","status-publish","hentry"],"_links":{"self":[{"href":"https:\/\/webs.uab.cat\/spl\/wp-json\/wp\/v2\/pages\/44","targetHints":{"allow":["GET"]}}],"collection":[{"href":"https:\/\/webs.uab.cat\/spl\/wp-json\/wp\/v2\/pages"}],"about":[{"href":"https:\/\/webs.uab.cat\/spl\/wp-json\/wp\/v2\/types\/page"}],"author":[{"embeddable":true,"href":"https:\/\/webs.uab.cat\/spl\/wp-json\/wp\/v2\/users\/20"}],"replies":[{"embeddable":true,"href":"https:\/\/webs.uab.cat\/spl\/wp-json\/wp\/v2\/comments?post=44"}],"version-history":[{"count":1,"href":"https:\/\/webs.uab.cat\/spl\/wp-json\/wp\/v2\/pages\/44\/revisions"}],"predecessor-version":[{"id":444,"href":"https:\/\/webs.uab.cat\/spl\/wp-json\/wp\/v2\/pages\/44\/revisions\/444"}],"wp:attachment":[{"href":"https:\/\/webs.uab.cat\/spl\/wp-json\/wp\/v2\/media?parent=44"}],"curies":[{"name":"wp","href":"https:\/\/api.w.org\/{rel}","templated":true}]}}