{"id":48,"date":"2010-06-22T16:07:07","date_gmt":"2010-06-22T14:07:07","guid":{"rendered":"https:\/\/webs.uab.cat\/spl\/funcionament\/"},"modified":"2024-05-22T11:39:35","modified_gmt":"2024-05-22T09:39:35","slug":"funcionament","status":"publish","type":"page","link":"https:\/\/webs.uab.cat\/spl\/funcionament\/","title":{"rendered":"Funcionament i composici\u00f3"},"content":{"rendered":"<p>El <strong>Servei de Psicologia i Logop\u00e8dia<\/strong> \u00e9s una estructura universit\u00e0ria, sense personalitat jur\u00eddica pr\u00f2pia, de suport a la transfer\u00e8ncia de coneixement, amb naturalesa de\u00a0Laboratori de Prestaci\u00f3 de Serveis, ubicat a la Facultat de Psicologia de la Universitat Aut\u00f2noma de Barcelona i org\u00e0nicament vinculada a aquesta.<\/p>\n<p>La seva estructura funcional consisteix en:<\/p>\n<ul>\n<li><strong>Comit\u00e8 de Direcci\u00f3<\/strong>\n<ul>\n<li>Delegada del Deg\u00e0 per la Direcci\u00f3 del Servei de Psicologia i Logop\u00e8dia: <strong>Dra. Teresa Guti\u00e9rrez<\/strong><\/li>\n<li>Coordinador de l&#8217;\u00c0rea de Projectes Estrat\u00e8gics en Recerca aplicada:\u00a0 <strong>Dr. Jose Luis Lalueza<\/strong><\/li>\n<li>Coordinador de l&#8217;\u00c0rea de Prestaci\u00f3 de Serveis Assistencials:\u00a0 <strong>Dr. Joan Deus<\/strong><\/li>\n<\/ul>\n<\/li>\n<\/ul>\n<ul>\n<li><strong>L&#8217;\u00c0rea de prestaci\u00f3 de serveis de recerca aplicada<\/strong>, organitzada en \u00e0mbits en els que participen els grups de recerca de la Facultat<\/li>\n<\/ul>\n<ul>\n<li><strong>L&#8217;\u00c0rea de prestaci\u00f3 de serveis assitencials<\/strong> a les persones o grups, organitzada en unitats formades per experts en la intervenci\u00f3 psicol\u00f2gica i logop\u00e8dica<\/li>\n<\/ul>\n","protected":false},"excerpt":{"rendered":"<p>El Servei de Psicologia i Logop\u00e8dia \u00e9s una estructura universit\u00e0ria, sense personalitat jur\u00eddica pr\u00f2pia, de suport a la transfer\u00e8ncia de coneixement, amb naturalesa de\u00a0Laboratori de Prestaci\u00f3 de Serveis, ubicat a la Facultat de Psicologia de la Universitat Aut\u00f2noma de Barcelona i org\u00e0nicament vinculada a aquesta. La seva estructura funcional consisteix en: Comit\u00e8 de Direcci\u00f3 Delegada [&hellip;]<\/p>\n","protected":false},"author":20,"featured_media":0,"parent":0,"menu_order":0,"comment_status":"closed","ping_status":"closed","template":"","meta":{"footnotes":""},"class_list":["post-48","page","type-page","status-publish","hentry"],"_links":{"self":[{"href":"https:\/\/webs.uab.cat\/spl\/wp-json\/wp\/v2\/pages\/48","targetHints":{"allow":["GET"]}}],"collection":[{"href":"https:\/\/webs.uab.cat\/spl\/wp-json\/wp\/v2\/pages"}],"about":[{"href":"https:\/\/webs.uab.cat\/spl\/wp-json\/wp\/v2\/types\/page"}],"author":[{"embeddable":true,"href":"https:\/\/webs.uab.cat\/spl\/wp-json\/wp\/v2\/users\/20"}],"replies":[{"embeddable":true,"href":"https:\/\/webs.uab.cat\/spl\/wp-json\/wp\/v2\/comments?post=48"}],"version-history":[{"count":1,"href":"https:\/\/webs.uab.cat\/spl\/wp-json\/wp\/v2\/pages\/48\/revisions"}],"predecessor-version":[{"id":407,"href":"https:\/\/webs.uab.cat\/spl\/wp-json\/wp\/v2\/pages\/48\/revisions\/407"}],"wp:attachment":[{"href":"https:\/\/webs.uab.cat\/spl\/wp-json\/wp\/v2\/media?parent=48"}],"curies":[{"name":"wp","href":"https:\/\/api.w.org\/{rel}","templated":true}]}}