{"id":50,"date":"2010-06-22T16:07:29","date_gmt":"2010-06-22T14:07:29","guid":{"rendered":"https:\/\/webs.uab.cat\/spl\/qui-som\/"},"modified":"2025-07-02T11:37:20","modified_gmt":"2025-07-02T09:37:20","slug":"qui-som","status":"publish","type":"page","link":"https:\/\/webs.uab.cat\/spl\/qui-som\/","title":{"rendered":"QUI SOM?"},"content":{"rendered":"\n<p>&nbsp;<\/p>\n\n\n<div class=\"wp-block-image\">\n<figure class=\"aligncenter is-resized\"><img loading=\"lazy\" decoding=\"async\" width=\"180\" height=\"180\" src=\"https:\/\/webs.uab.cat\/spl\/wp-content\/uploads\/sites\/357\/2010\/06\/large_spl_porta.jpeg\" alt=\"large_spl_porta.jpeg\" class=\"wp-image-49\" style=\"width:194px;height:auto\" srcset=\"https:\/\/webs.uab.cat\/spl\/wp-content\/uploads\/sites\/357\/2010\/06\/large_spl_porta.jpeg 180w, https:\/\/webs.uab.cat\/spl\/wp-content\/uploads\/sites\/357\/2010\/06\/large_spl_porta-150x150.jpeg 150w\" sizes=\"auto, (max-width: 180px) 100vw, 180px\" \/><\/figure>\n<\/div>\n\n\n<p><span style=\"font-size: 14px\"><span style=\"font-family: arial,helvetica,sans-serif\">El Servei de Psicologia i Logop\u00e8dia (SPL) \u00e9s una entitat sense \u00e0nim de lucre, que presta el seus serveis dins i fora de la comunitat UAB. Est\u00e0 format per docents i investigadors de la Facultat de Psicologia i Logop\u00e8dia, i per professionals reconeguts d\u2019aquests camps cient\u00edfics. Els seus fonaments s\u00f3n la recerca en els \u00e0mbits de la Salut, la Intervenci\u00f3 Social, les Organitzacions i la Educaci\u00f3. La seva activitat s\u2019orienta a donar resposta a les demandes socials, tan en el camp de l\u2019atenci\u00f3 assistencial a persones individuals i a grups, com a la col\u00b7laboraci\u00f3 amb administracions, serveis i organismes en la realitzaci\u00f3 d\u2019estudis, disseny de projectes i elaboraci\u00f3 de plans de formaci\u00f3. Per tant, el servei a la comunitat es basa en les l\u00ednies de recerca cient\u00edfica i en la innovaci\u00f3 permanent, al temps que es proporciona un espai de formaci\u00f3 per futurs professionals de la Psicologia i de la Logop\u00e8dia.<\/span><\/span><\/p>\n\n\n<div class=\"wp-block-image\">\n<figure class=\"aligncenter size-full is-resized\"><img loading=\"lazy\" decoding=\"async\" width=\"1600\" height=\"1264\" src=\"https:\/\/webs.uab.cat\/spl\/wp-content\/uploads\/sites\/357\/2025\/07\/WhatsApp-Image-2025-07-01-at-13.37.11.jpeg\" alt=\"\" class=\"wp-image-435\" style=\"width:630px;height:auto\" srcset=\"https:\/\/webs.uab.cat\/spl\/wp-content\/uploads\/sites\/357\/2025\/07\/WhatsApp-Image-2025-07-01-at-13.37.11.jpeg 1600w, https:\/\/webs.uab.cat\/spl\/wp-content\/uploads\/sites\/357\/2025\/07\/WhatsApp-Image-2025-07-01-at-13.37.11-300x237.jpeg 300w, https:\/\/webs.uab.cat\/spl\/wp-content\/uploads\/sites\/357\/2025\/07\/WhatsApp-Image-2025-07-01-at-13.37.11-1024x809.jpeg 1024w, https:\/\/webs.uab.cat\/spl\/wp-content\/uploads\/sites\/357\/2025\/07\/WhatsApp-Image-2025-07-01-at-13.37.11-768x607.jpeg 768w, https:\/\/webs.uab.cat\/spl\/wp-content\/uploads\/sites\/357\/2025\/07\/WhatsApp-Image-2025-07-01-at-13.37.11-1536x1213.jpeg 1536w, https:\/\/webs.uab.cat\/spl\/wp-content\/uploads\/sites\/357\/2025\/07\/WhatsApp-Image-2025-07-01-at-13.37.11-1200x948.jpeg 1200w\" sizes=\"auto, (max-width: 1600px) 100vw, 1600px\" \/><\/figure>\n<\/div>\n\n\n<p><\/p>\n","protected":false},"excerpt":{"rendered":"<p>&nbsp; El Servei de Psicologia i Logop\u00e8dia (SPL) \u00e9s una entitat sense \u00e0nim de lucre, que presta el seus serveis dins i fora de la comunitat UAB. Est\u00e0 format per docents i investigadors de la Facultat de Psicologia i Logop\u00e8dia, i per professionals reconeguts d\u2019aquests camps cient\u00edfics. Els seus fonaments s\u00f3n la recerca en els [&hellip;]<\/p>\n","protected":false},"author":20,"featured_media":0,"parent":0,"menu_order":0,"comment_status":"closed","ping_status":"closed","template":"","meta":{"footnotes":""},"class_list":["post-50","page","type-page","status-publish","hentry"],"_links":{"self":[{"href":"https:\/\/webs.uab.cat\/spl\/wp-json\/wp\/v2\/pages\/50","targetHints":{"allow":["GET"]}}],"collection":[{"href":"https:\/\/webs.uab.cat\/spl\/wp-json\/wp\/v2\/pages"}],"about":[{"href":"https:\/\/webs.uab.cat\/spl\/wp-json\/wp\/v2\/types\/page"}],"author":[{"embeddable":true,"href":"https:\/\/webs.uab.cat\/spl\/wp-json\/wp\/v2\/users\/20"}],"replies":[{"embeddable":true,"href":"https:\/\/webs.uab.cat\/spl\/wp-json\/wp\/v2\/comments?post=50"}],"version-history":[{"count":3,"href":"https:\/\/webs.uab.cat\/spl\/wp-json\/wp\/v2\/pages\/50\/revisions"}],"predecessor-version":[{"id":438,"href":"https:\/\/webs.uab.cat\/spl\/wp-json\/wp\/v2\/pages\/50\/revisions\/438"}],"wp:attachment":[{"href":"https:\/\/webs.uab.cat\/spl\/wp-json\/wp\/v2\/media?parent=50"}],"curies":[{"name":"wp","href":"https:\/\/api.w.org\/{rel}","templated":true}]}}