{"id":59,"date":"2010-07-05T12:03:22","date_gmt":"2010-07-05T10:03:22","guid":{"rendered":"https:\/\/webs.uab.cat\/spl\/quienes-somos\/"},"modified":"2010-07-05T12:03:22","modified_gmt":"2010-07-05T10:03:22","slug":"quienes-somos","status":"publish","type":"page","link":"https:\/\/webs.uab.cat\/spl\/quienes-somos\/","title":{"rendered":"Qui\u00e9nes Somos"},"content":{"rendered":"<p><span id=\"result_box\" lang=\"es\"><span class=\"hps\">El objetivo<\/span> <span class=\"hps\">fundamental<\/span><span>, que abarca<\/span> <span class=\"hps\">todas las \u00e1reas<\/span> <span class=\"hps\">de la Psicolog\u00eda<\/span> <span class=\"hps\">y la<\/span> <span class=\"hps\">Logopedia,<\/span> <span class=\"hps\">es potenciar<\/span> <span class=\"hps\">la transferencia del conocimiento<\/span> <span class=\"hps\">y el servicio<\/span> <span class=\"hps\">a la sociedad.<\/span> <span class=\"hps\">Este objetivo<\/span> <span class=\"hps\">se expresa<\/span> <span class=\"hps\">mediante tres<\/span> <span class=\"hps\">grandes l\u00edneas<\/span> <span class=\"hps\">de acci\u00f3n<\/span>: <span class=\"hps\">la gesti\u00f3n de proyectos<\/span> <span class=\"hps\">estrat\u00e9gicos<\/span><span>, las pr\u00e1cticas<\/span> <span class=\"hps\">profesionales<\/span> <span class=\"hps\">y<\/span> <span class=\"hps\">la asistencia.<\/span><\/p>\n<p> <span class=\"hps\">Por tanto, el<\/span> <span class=\"hps\">SiPEP<\/span> <span class=\"hps\">es una<\/span> <span class=\"hps\">herramienta<\/span> <span class=\"hps\">de servicio,<\/span> <span class=\"hps\">en<\/span> <span class=\"hps\">todos los \u00e1mbitos de<\/span> <span class=\"hps\">la sociedad<\/span> <span class=\"hps\">que lo soliciten<\/span>, que hace <span class=\"hps\">uso<\/span> <span class=\"hps\">de<\/span> <span class=\"hps\">la experiencia<\/span> <span class=\"hps\">que sobre<\/span> <span class=\"hps\">el factor humano<\/span> <span class=\"hps\">tienen los<\/span> <span class=\"hps\">investigadores<\/span> <span class=\"hps\">y<\/span> <span class=\"hps\">las<\/span> <span class=\"hps\">investigadoras<\/span> <span class=\"hps\">en Psicolog\u00eda y<\/span> <span class=\"hps\">Logopedia<\/span><span>.<\/span><\/span><\/p>\n<p><span lang=\"es\"><span><img decoding=\"async\" alt=\"\" src=\"\/spl\/sites\/sct.uab.cat.spl\/files\/images\/SiPEP.thumbnail.jpg\" style=\"width: 500px; height: 394px;\"><\/span><\/span><\/p>\n","protected":false},"excerpt":{"rendered":"<p>El objetivo fundamental, que abarca todas las \u00e1reas de la Psicolog\u00eda y la Logopedia, es potenciar la transferencia del conocimiento y el servicio a la sociedad. Este objetivo se expresa mediante tres grandes l\u00edneas de acci\u00f3n: la gesti\u00f3n de proyectos estrat\u00e9gicos, las pr\u00e1cticas profesionales y la asistencia. Por tanto, el SiPEP es una herramienta de [&hellip;]<\/p>\n","protected":false},"author":20,"featured_media":0,"parent":0,"menu_order":0,"comment_status":"closed","ping_status":"closed","template":"","meta":{"footnotes":""},"class_list":["post-59","page","type-page","status-publish","hentry"],"_links":{"self":[{"href":"https:\/\/webs.uab.cat\/spl\/wp-json\/wp\/v2\/pages\/59","targetHints":{"allow":["GET"]}}],"collection":[{"href":"https:\/\/webs.uab.cat\/spl\/wp-json\/wp\/v2\/pages"}],"about":[{"href":"https:\/\/webs.uab.cat\/spl\/wp-json\/wp\/v2\/types\/page"}],"author":[{"embeddable":true,"href":"https:\/\/webs.uab.cat\/spl\/wp-json\/wp\/v2\/users\/20"}],"replies":[{"embeddable":true,"href":"https:\/\/webs.uab.cat\/spl\/wp-json\/wp\/v2\/comments?post=59"}],"version-history":[{"count":0,"href":"https:\/\/webs.uab.cat\/spl\/wp-json\/wp\/v2\/pages\/59\/revisions"}],"wp:attachment":[{"href":"https:\/\/webs.uab.cat\/spl\/wp-json\/wp\/v2\/media?parent=59"}],"curies":[{"name":"wp","href":"https:\/\/api.w.org\/{rel}","templated":true}]}}