{"id":70,"date":"2012-02-09T13:53:48","date_gmt":"2012-02-09T11:53:48","guid":{"rendered":"https:\/\/webs.uab.cat\/spl\/umip\/"},"modified":"2025-07-02T11:44:31","modified_gmt":"2025-07-02T09:44:31","slug":"umip","status":"publish","type":"page","link":"https:\/\/webs.uab.cat\/spl\/umip\/","title":{"rendered":"Unitat de Psicologia Forense"},"content":{"rendered":"<div><\/div>\n<p>L\u2019UPC \u00e9s la Unitat d\u2019assist\u00e8ncia psicol\u00f2gica forense, civil i penal.<\/p>\n<p>Es realitzen avaluacions i assessoraments psicol\u00f2gics i neuropsicol\u00f2gics judicials per poder aportar objectivament coneixements psicol\u00f2gics que ajudin als tribunals a prendre les millor decisions judicials pel cas.<\/p>\n<p>\u00c0mbits d\u2019actuaci\u00f3:<\/p>\n<p>a) \u00c0mbit de fam\u00edlia (procediment civil) &#8211; Es determina la idone\u00eftat parental del o dels progenitors, aix\u00ed com l\u2019estat emocional dels menors davant la situaci\u00f3 de ruptura marital i la seva voluntat d\u2019estada amb ells, i s\u2019estableixen conclusions relatives al millor r\u00e8gim de custodia.<\/p>\n<p>b) \u00c0mbit Civil i Social &#8211; Casos d\u2019assetjament laboral, escolar o sexual, discriminaci\u00f3. Alhora, es pot peritar assumptes relacionats amb incapacitaci\u00f3 civil, laboral o capacitat testamentaria.<\/p>\n<p>c) \u00c0mbit Penal &#8211; Valoracions de seq\u00fceles, imputabilitat, capacitat de testimoni, capacitats cognitives i volitives, sospita d\u2019abusos sexuals. Assessorament legal.<\/p>\n<p>d) An\u00e0lisi de la Conducta Criminal i Perfilaci\u00f3 &#8211; Informes de perfilaci\u00f3 i d\u2019an\u00e0lisi de conducta criminal, perfilaci\u00f3 criminal, i assessorament psicol\u00f2gic en la motivaci\u00f3 delictiva.<\/p>\n<p>Serveis associats:<\/p>\n<p>\u2013 Servei Penal<\/p>\n<p>\u2013 Servei Civil i Familiar<\/p>\n<p>\u2013 Servei de Neuropsicologia Forense<\/p>\n<p><strong>Responsables de la Unitat:<\/strong> Joan Deus Yela, Elena Garrido Gaitan<\/p>\n<p><strong>Professionals Col\u00b7laboradors:<\/strong> Sergio Mora Montserrat, Gerard Mart\u00ednez Vilella, Abigail Mora Sanz<\/p>\n","protected":false},"excerpt":{"rendered":"<p>L\u2019UPC \u00e9s la Unitat d\u2019assist\u00e8ncia psicol\u00f2gica forense, civil i penal. Es realitzen avaluacions i assessoraments psicol\u00f2gics i neuropsicol\u00f2gics judicials per poder aportar objectivament coneixements psicol\u00f2gics que ajudin als tribunals a prendre les millor decisions judicials pel cas. \u00c0mbits d\u2019actuaci\u00f3: a) \u00c0mbit de fam\u00edlia (procediment civil) &#8211; Es determina la idone\u00eftat parental del o dels progenitors, [&hellip;]<\/p>\n","protected":false},"author":20,"featured_media":0,"parent":0,"menu_order":0,"comment_status":"closed","ping_status":"closed","template":"","meta":{"footnotes":""},"class_list":["post-70","page","type-page","status-publish","hentry"],"_links":{"self":[{"href":"https:\/\/webs.uab.cat\/spl\/wp-json\/wp\/v2\/pages\/70","targetHints":{"allow":["GET"]}}],"collection":[{"href":"https:\/\/webs.uab.cat\/spl\/wp-json\/wp\/v2\/pages"}],"about":[{"href":"https:\/\/webs.uab.cat\/spl\/wp-json\/wp\/v2\/types\/page"}],"author":[{"embeddable":true,"href":"https:\/\/webs.uab.cat\/spl\/wp-json\/wp\/v2\/users\/20"}],"replies":[{"embeddable":true,"href":"https:\/\/webs.uab.cat\/spl\/wp-json\/wp\/v2\/comments?post=70"}],"version-history":[{"count":1,"href":"https:\/\/webs.uab.cat\/spl\/wp-json\/wp\/v2\/pages\/70\/revisions"}],"predecessor-version":[{"id":445,"href":"https:\/\/webs.uab.cat\/spl\/wp-json\/wp\/v2\/pages\/70\/revisions\/445"}],"wp:attachment":[{"href":"https:\/\/webs.uab.cat\/spl\/wp-json\/wp\/v2\/media?parent=70"}],"curies":[{"name":"wp","href":"https:\/\/api.w.org\/{rel}","templated":true}]}}