{"id":75,"date":"2015-06-05T12:41:25","date_gmt":"2015-06-05T10:41:25","guid":{"rendered":"https:\/\/webs.uab.cat\/spl\/politiques-de-drogues\/"},"modified":"2015-06-05T12:41:25","modified_gmt":"2015-06-05T10:41:25","slug":"politiques-de-drogues","status":"publish","type":"page","link":"https:\/\/webs.uab.cat\/spl\/politiques-de-drogues\/","title":{"rendered":"Pol\u00edtiques de Drogues"},"content":{"rendered":"<p><span><strong>Unitat de&nbsp;Pol\u00edtiques de Drogues<\/strong><\/span><\/p>\n<p><span>La Unitat de Pol\u00edtiques de Drogues (UdPdD) \u00e9s un servei d&#8217;an\u00e0lisi, difusi\u00f3 i recerca sobre drogues fiscalitzades que ofereix solucions en l&#8217;\u00e0mbit de les pol\u00edtiques de drogues en el context nacional i internacional. La UdPdD treballa per oferir un coneixement exhaustiu que permeti millorar les intervencions i reduir els problemes ocasionats per les pol\u00edtiques prohibicionistes. Des de la UdPdD elaborem informes t\u00e8cnics sobre pol\u00edtiques de drogues locals i globals; dissenyem, executem i avaluem programes tant de prevenci\u00f3 com d&#8217;intervenci\u00f3 social i comunit\u00e0ria en mat\u00e8ria de drogues; avaluem pol\u00edtiques p\u00fabliques; fem recerca sobre patrons de consum de subst\u00e0ncies i epidemiologia comunit\u00e0ria; observem l&#8217;aparici\u00f3 i consum de noves subst\u00e0ncies; assessorem en el disseny, l&#8217;execuci\u00f3 i l&#8217;an\u00e0lisi de resultats de projectes vinculats a les pol\u00edtiques de drogues; Elaborem materials escrits i audiovisuals, cient\u00edfics i divulgatius; oferim xerrades, cursos de formaci\u00f3, taules rodones i confer\u00e8ncies sobre la mat\u00e8ria; tenim la capacitat d&#8217;oferir places de pr\u00e0ctiques per a estudiants, aix\u00ed com de dirigir treballs de fi de grau, de m\u00e0ster o tesis doctorals.<\/span><\/p>\n<p><strong><span>Director: Joel Feliu Sanuel Lajeunesse<\/span><\/strong><\/p>\n<p><span>Telefon: +34 93 581 2901 &#8211; 2460<\/span><\/p>\n<p><span>e-mail: <a href=\"mailto:upd.spl@uab.cat\">upd.spl@uab.cat<\/a><\/span><\/p>\n<p>&nbsp;<\/p>\n<p>&nbsp;<\/p>\n","protected":false},"excerpt":{"rendered":"<p>Unitat de&nbsp;Pol\u00edtiques de Drogues La Unitat de Pol\u00edtiques de Drogues (UdPdD) \u00e9s un servei d&#8217;an\u00e0lisi, difusi\u00f3 i recerca sobre drogues fiscalitzades que ofereix solucions en l&#8217;\u00e0mbit de les pol\u00edtiques de drogues en el context nacional i internacional. La UdPdD treballa per oferir un coneixement exhaustiu que permeti millorar les intervencions i reduir els problemes ocasionats [&hellip;]<\/p>\n","protected":false},"author":20,"featured_media":0,"parent":0,"menu_order":0,"comment_status":"closed","ping_status":"closed","template":"","meta":{"footnotes":""},"class_list":["post-75","page","type-page","status-publish","hentry"],"_links":{"self":[{"href":"https:\/\/webs.uab.cat\/spl\/wp-json\/wp\/v2\/pages\/75","targetHints":{"allow":["GET"]}}],"collection":[{"href":"https:\/\/webs.uab.cat\/spl\/wp-json\/wp\/v2\/pages"}],"about":[{"href":"https:\/\/webs.uab.cat\/spl\/wp-json\/wp\/v2\/types\/page"}],"author":[{"embeddable":true,"href":"https:\/\/webs.uab.cat\/spl\/wp-json\/wp\/v2\/users\/20"}],"replies":[{"embeddable":true,"href":"https:\/\/webs.uab.cat\/spl\/wp-json\/wp\/v2\/comments?post=75"}],"version-history":[{"count":0,"href":"https:\/\/webs.uab.cat\/spl\/wp-json\/wp\/v2\/pages\/75\/revisions"}],"wp:attachment":[{"href":"https:\/\/webs.uab.cat\/spl\/wp-json\/wp\/v2\/media?parent=75"}],"curies":[{"name":"wp","href":"https:\/\/api.w.org\/{rel}","templated":true}]}}