{"id":89,"date":"2019-04-03T15:10:21","date_gmt":"2019-04-03T13:10:21","guid":{"rendered":"https:\/\/webs.uab.cat\/spl\/area-de-transferencia-i-recerca-aplicada\/"},"modified":"2023-02-28T15:20:47","modified_gmt":"2023-02-28T13:20:47","slug":"area-de-transferencia-i-recerca-aplicada","status":"publish","type":"page","link":"https:\/\/webs.uab.cat\/spl\/area-de-transferencia-i-recerca-aplicada\/","title":{"rendered":"\u00c0REA DE TRANSFER\u00c8NCIA I RECERCA APLICADA"},"content":{"rendered":"\n<p><strong>L\u2019\u00c0rea de Transfer\u00e8ncia i Recerca Aplicada del Servei de Psicologia i Logop\u00e8dia (SPL) <\/strong>reuneix a un conjunt d\u2019unitats especialitzades en diferents \u00e0mbits de la Psicologia (salut, cl\u00ednica de la inf\u00e0ncia, adolesc\u00e8ncia i edat adulta, educaci\u00f3, organitzacions, intervenci\u00f3 comunit\u00e0ria i estudis psicosocials, psicologia de l\u2019esport, etc). Operen a partir de demandes de institucions, entitats i empreses en el desenvolupament de recerca aplicada, estudis de necessitats, avaluaci\u00f3 de processos, disseny de projectes d\u2019intervenci\u00f3, formaci\u00f3 de professionals i difusi\u00f3 del coneixement.&nbsp;<\/p>\n\n\n\n<p>Les unitats del SPL tenen experi\u00e8ncia en la transfer\u00e8ncia i desenvolupament col\u00b7laboratiu de coneixement i eines per a la intervenci\u00f3 psicol\u00f2gica, i estan integrades per investigadors i investigadores de la UAB amb traject\u00f2ria de recerca en l\u2019\u00e0mbit corresponent i per professionals experts en intervencions en entorns reals, tot i que els projectes que assumeixen poden requerir la contractaci\u00f3 de recursos humans espec\u00edfics, sota la direcci\u00f3 dels membres de la unitat.<\/p>\n\n\n\n<p>Les institucions, entitats i empreses poden realitzar contractes o convenis amb el SPL per a la prestaci\u00f3 de serveis (recerca o estudis, implementaci\u00f3 de projectes, formaci\u00f3 o divulgaci\u00f3). En determinats casos d\u2019inter\u00e8s social i sense \u00e0nim de lucre, les unitats del SPL poden oferir recursos sense cost, com per exemple programes d\u2019aprenentatge servei, per\u00f2 no tenen capacitat per <em>contractar personal o adquirir material sense recursos prove\u00efts per les entitats contractants.<\/em><\/p>\n\n\n\n<p>&nbsp;<\/p>\n\n\n\n<p><em><strong>Recerca aplicada<\/strong>. Disseny i desenvolupament de projectes de recerca a partir de les demandes d\u2019una instituci\u00f3, entitat o empresa.<\/em><\/p>\n\n\n\n<p>En funci\u00f3 dels interessos de l\u2019entitat, aquests projectes poden suposar diversos graus de participaci\u00f3 del seu personal en les tasques de recerca. En uns casos, l\u2019entitat es limita a realitzar una demanda i posa a disposici\u00f3 dels equips&nbsp; del SPL recursos i informaci\u00f3. En altres, professionals de l\u2019entitat participen activament en la recerca, concebuda com projecte conjunt i participatiu. Finalment, en determinats casos els i les professionals desenvolupen la recerca amb l\u2019assessorament extern de l\u2019equip del SPL. Una modalitat habitual de recerca aplicada s\u00f3n els estudis de necessitats d\u2019una instituci\u00f3, d\u2019una comunitat o d\u2019un col\u00b7lectiu previs al disseny de programes d\u2019intervenci\u00f3. Tamb\u00e9 es pot requerir analitzar els processos que es donen en una organitzaci\u00f3, identificaci\u00f3 de bones pr\u00e0ctiques, an\u00e0lisi de les interaccions, distribuci\u00f3 de tasques, an\u00e0lisi de les cures dispensades a les persones ateses, entre d&#8217;altres.<\/p>\n\n\n\n<p>&nbsp;<\/p>\n\n\n\n<p><em><strong>Disseny de projectes d\u2018intervenci\u00f3. <\/strong>Disseny, implementaci\u00f3 i avaluaci\u00f3 de projectes en els camps de la salut, l\u2019educaci\u00f3 i la intervenci\u00f3 social i comunit\u00e0ria.<\/em><\/p>\n\n\n\n<p>Disseny en col\u00b7laboraci\u00f3 amb les entitats i administracions que hodemanin, de projectes d\u2018intervenci\u00f3 sectorial o projectes de desenvolupament i millora d\u2019un servei, aix\u00ed com la gesti\u00f3 de la seva implementaci\u00f3 i avaluaci\u00f3. En alguns casos la implementaci\u00f3 directa es portada a terme pel personal propi de les entitats, i en altres l\u2019equip SPL cerca els recursos humans per a la mateixa.<\/p>\n\n\n\n<p>&nbsp;<\/p>\n\n\n\n<p><em><strong>Formaci\u00f3 i divulgaci\u00f3<\/strong>. Plans formatius per a la pr\u00e0ctica professional. <\/em><\/p>\n\n\n\n<p>A demanda d\u2019una entitat o administraci\u00f3 es poden desenvolupar programes a mida de determinades necessitats per a la millora de la intervenci\u00f3 en \u00e0rees de salut, educaci\u00f3, intervenci\u00f3 social i comunit\u00e0ria i organitzacions. Els equips del SPL realitzen tasques de difusi\u00f3 del coneixent cient\u00edfic i social en els respectius camps d\u2019experi\u00e8ncia.&nbsp; Els formats s\u00f3n diversos, des de les confer\u00e8ncies o col\u00b7loquis, fins al disseny de campanyes amb diversitat de suports.<\/p>\n\n\n\n<p>&nbsp;<\/p>\n\n\n\n<p><em><strong>\u00c0mbits de Transfer\u00e8ncia i Recerca Aplicada<\/strong><\/em><\/p>\n\n\n\n<p><a href=\"https:\/\/webs.uab.cat\/spl\/ambit-datencio-a-la-infancia-i-families\/\" data-type=\"page\" data-id=\"98\" target=\"_blank\" rel=\"noreferrer noopener\">&#8211; Atenci\u00f3 a la inf\u00e0ncia i intervenci\u00f3 amb fam\u00edlies<\/a><\/p>\n\n\n\n<p><a href=\"https:\/\/webs.uab.cat\/spl\/ambit-de-ciencia-tecnologia-i-societat\/\" data-type=\"page\" data-id=\"99\" target=\"_blank\" rel=\"noreferrer noopener\">&#8211; Ci\u00e8ncia, tecnologia i societat<\/a><\/p>\n\n\n\n<p><a href=\"https:\/\/webs.uab.cat\/spl\/ambit-de-genere-desigualtats-diversitat-sexual-i-interseccionalitats\/\" data-type=\"page\" data-id=\"92\" target=\"_blank\" rel=\"noreferrer noopener\">&#8211; G\u00e8nere: desigualtats, diversitat sexual i interseccionalitats<\/a><\/p>\n\n\n\n<p><a href=\"https:\/\/webs.uab.cat\/spl\/ambit-dimatge-corporal-i-trastorns-alimentaris-en-ladolescencia-i-ledat-adulta\/\" data-type=\"page\" data-id=\"104\">&#8211; Imatge corporal i trastorns alimentaris en l\u2019adolesc\u00e8ncia i l\u2019edat adulta<\/a><\/p>\n\n\n\n<p><a href=\"https:\/\/webs.uab.cat\/spl\/ambit-dintervencio-psicoeducativa\/\" data-type=\"page\" data-id=\"95\" target=\"_blank\" rel=\"noreferrer noopener\">&#8211; Intervenci\u00f3 psicoeducativa<\/a><\/p>\n\n\n\n<p><a href=\"https:\/\/webs.uab.cat\/spl\/ambit-dintervencio-psicosocial-per-a-la-inclusio-social\/\" data-type=\"page\" data-id=\"94\" target=\"_blank\" rel=\"noreferrer noopener\">&#8211; Intervenci\u00f3 psicosocial per a la inclusi\u00f3 social<\/a><\/p>\n\n\n\n<p><a href=\"https:\/\/webs.uab.cat\/spl\/ambit-de-politica-de-drogues-2\/\" data-type=\"page\" data-id=\"93\" target=\"_blank\" rel=\"noreferrer noopener\">&#8211; Pol\u00edtiques de drogues<\/a><\/p>\n\n\n\n<p><a href=\"https:\/\/webs.uab.cat\/spl\/ambit-de-promocio-i-prevencio-en-psicologia-de-la-salut-i-tractament-de-lestres\/\" data-type=\"page\" data-id=\"97\" target=\"_blank\" rel=\"noreferrer noopener\">&#8211; Promoci\u00f3 i prevenci\u00f3 en Psicologia de la Salut i tractament de l&#8217;estr\u00e9s<\/a><\/p>\n\n\n\n<p><a href=\"https:\/\/webs.uab.cat\/spl\/ambit-de-psicologia-de-lesport\/\" data-type=\"page\" data-id=\"96\" target=\"_blank\" rel=\"noreferrer noopener\">&#8211; Psicologia de l&#8217;esport<\/a><\/p>\n\n\n\n<p><a href=\"https:\/\/webs.uab.cat\/spl\/ambit-de-trauma-crisis-i-emergencies\/\" data-type=\"page\" data-id=\"90\" target=\"_blank\" rel=\"noreferrer noopener\">&#8211; Trauma, crisis i emerg\u00e8ncies<\/a><\/p>\n\n\n\n<p>&nbsp;<\/p>\n\n\n\n<p><em><strong>Comunitats de Recerca en les que participa el SPL<\/strong><\/em><\/p>\n\n\n\n<p><strong><a href=\"http:\/\/ajuntament.barcelona.cat\/dretssocials\/ca\/content\/comunitat-de-recerca-i-coneixement\">Comunitat de Recerca i Coneixement de l&#8217;Ajuntament de Barcelona&nbsp;<\/a> <\/strong>Entorn de coneixement que connecta virtualment els equips professionals de l&#8217;\u00c0rea de Drets Socials, Just\u00edcia Global, Feminismes i LGTBI amb els grups de recerca universitaris i el personal investigador de les universitats.<\/p>\n\n\n\n<p><a href=\"https:\/\/www.uab.cat\/web\/investigar\/cores-uab\/core-en-salut-mental\/la-xarxa-core-en-salut-mental-1345696629751.html\"><strong>Comunitat de Recerca Estrat\u00e8gica (CORE) en Salut Mental de la UAB<\/strong><\/a>. Agrupaci\u00f3 generadora de coneixement, formada per grups i centres de recerca de l\u2019entorn del Campus d&#8217;Excelencia Internacional (CEI), que t\u00e9 com a objectius crear xarxa, donar visibilitat i posicionar als seus membres a nivell local i internacional.<\/p>\n\n\n\n<p><a href=\"https:\/\/www.uab.cat\/web\/investigar\/cores-uab\/core-en-educacio-i-ocupabilitat\/la-xarxa-core-en-educacio-i-ocupabilitat-1345777093014.html\"><strong>Comunitat de Recerca Estrat\u00e8gica (CORE) en Educaci\u00f3 i Ocupabilitat de la UAB<\/strong><\/a>. Xarxa de grups de recerca de la UAB, orientada a crear vincles entre els processos educatius, l&#8217;acc\u00e9s a l&#8217;empleabilitat, les noves demandes d&#8217;cupaci\u00f3 i l&#8217;equitat.<\/p>\n\n\n\n<p><strong><a href=\"https:\/\/www.uab.cat\/web\/investigar\/cores-uab\/core-en-ciutats-intel-ligents-i-sostenibles\/la-xarxa-core-en-ciutats-intel-ligents-i-sostenibles-1345696629737.html\">Comunitat de Recerca Estrat\u00e8gica (CORE) en Ciutats Intel\u00b7ligents i Sostenibles<\/a><\/strong>&nbsp; Formada per especialistes cient\u00edfics en \u00e0rees relacionades amb la gesti\u00f3 dels entorns urbans de forma sostenible.<\/p>\n\n\n\n<p>&nbsp;<\/p>\n","protected":false},"excerpt":{"rendered":"<p>L\u2019\u00c0rea de Transfer\u00e8ncia i Recerca Aplicada del Servei de Psicologia i Logop\u00e8dia (SPL) reuneix a un conjunt d\u2019unitats especialitzades en diferents \u00e0mbits de la Psicologia (salut, cl\u00ednica de la inf\u00e0ncia, adolesc\u00e8ncia i edat adulta, educaci\u00f3, organitzacions, intervenci\u00f3 comunit\u00e0ria i estudis psicosocials, psicologia de l\u2019esport, etc). Operen a partir de demandes de institucions, entitats i empreses [&hellip;]<\/p>\n","protected":false},"author":20,"featured_media":0,"parent":0,"menu_order":0,"comment_status":"closed","ping_status":"closed","template":"","meta":{"footnotes":""},"class_list":["post-89","page","type-page","status-publish","hentry"],"_links":{"self":[{"href":"https:\/\/webs.uab.cat\/spl\/wp-json\/wp\/v2\/pages\/89","targetHints":{"allow":["GET"]}}],"collection":[{"href":"https:\/\/webs.uab.cat\/spl\/wp-json\/wp\/v2\/pages"}],"about":[{"href":"https:\/\/webs.uab.cat\/spl\/wp-json\/wp\/v2\/types\/page"}],"author":[{"embeddable":true,"href":"https:\/\/webs.uab.cat\/spl\/wp-json\/wp\/v2\/users\/20"}],"replies":[{"embeddable":true,"href":"https:\/\/webs.uab.cat\/spl\/wp-json\/wp\/v2\/comments?post=89"}],"version-history":[{"count":1,"href":"https:\/\/webs.uab.cat\/spl\/wp-json\/wp\/v2\/pages\/89\/revisions"}],"predecessor-version":[{"id":336,"href":"https:\/\/webs.uab.cat\/spl\/wp-json\/wp\/v2\/pages\/89\/revisions\/336"}],"wp:attachment":[{"href":"https:\/\/webs.uab.cat\/spl\/wp-json\/wp\/v2\/media?parent=89"}],"curies":[{"name":"wp","href":"https:\/\/api.w.org\/{rel}","templated":true}]}}