{"id":90,"date":"2019-04-03T16:15:17","date_gmt":"2019-04-03T14:15:17","guid":{"rendered":"https:\/\/webs.uab.cat\/spl\/ambit-de-trauma-crisis-i-emergencies\/"},"modified":"2023-02-28T15:39:25","modified_gmt":"2023-02-28T13:39:25","slug":"ambit-de-trauma-crisis-i-emergencies","status":"publish","type":"page","link":"https:\/\/webs.uab.cat\/spl\/ambit-de-trauma-crisis-i-emergencies\/","title":{"rendered":"\u00c0mbit de trauma, crisis i emerg\u00e8ncies"},"content":{"rendered":"\n<p>La Unitat de Trauma, Crisisi i Conflictes de Barcelona (UTCCB) \u00e9s el primer centre d\u2019abordatge integral de situacions de crisi, estr\u00e8s i conflictes que constitueixen el territori espanyol. Fundat el 2010 per un grup de psic\u00f2legs d\u2019emerg\u00e8ncies, el 2011 s\u2019integra en els Serveis i Projectes Estrat\u00e8gics en Psicologia i actualment \u00e9s una de les unitats assistencials del SPL, que actua abans, durant i despr\u00e9s de situacions cr\u00edtiques. Configura un dels \u00e0mbits de transfer\u00e8ncia i recerca aplicada amb les activitats de formaci\u00f3, aix\u00ed com l\u2019assessoria i la investigaci\u00f3 sobre l\u2019abordatge multidisciplinari de la crisi, l\u2019estr\u00e9s i els conflictes cotidians o massius, aix\u00ed com de les emerg\u00e8ncies i les cat\u00e0strofes.<\/p>\n\n\n\n<p>La missi\u00f3 de la UTCCB consisteix en minimitzar l\u2019impacte que les situacions que tenen sobre la salut i la seguretat de les persones en els seus entorns personals, familiars, laborals i socials, tant a nivell local, nacional o internacional, ajudant-se i dotant als destinataris. amb herramients de prevenci\u00f3 i gesti\u00f3 eficients de gesti\u00f3 de situacions cr\u00edtiques, estats o conflictes. El seu \u00e0mbit de transfer\u00e9ncia inclou:<\/p>\n\n\n\n<ul class=\"wp-block-list\"><li>Facilitar la prevenci\u00f3 i gesti\u00f3 de crisi per a les diferents ag\u00e8ncies i actors de la societat civil, les empreses i organitzacions i administracions p\u00fabliques.<\/li><li>Formar i innovar en el suport a qualsevol persona, fam\u00edlia, empresa, organitzaci\u00f3 o administraci\u00f3 que es pugui enfrontar a un incident cr\u00edtic pugui obtenir recursos, assist\u00e8ncia i assessorament immediats, altament eficients i individualitzats, permanentment actualitzats en continguts a procediments i bones pr\u00e0ctiques, i basats en evid\u00e8ncies cient\u00edfiques.<\/li><li>&nbsp;Integrar als professionals i les organitzacions que treballen en els \u00e0mbits de la crisi i les emerg\u00e8ncies en una xarxa internacional i multidisciplin\u00e0ria.<\/li><\/ul>\n\n\n\n<p><strong>Convenis, contractes, participacions i projectes<\/strong><\/p>\n\n\n\n<ul class=\"wp-block-list\"><li><em><u>Suport psicol\u00f2gic maquinistes Metro y conductors Bus.&nbsp;<\/u>Atenci\u00f3 afectats per TEA\/TEPT.An\u00e0lisi i recomanacions als responsables de seguretat \/ TMB \/<\/em><\/li><li><em><u>Aplicaci\u00f3 de les TRT per nens en situaci\u00f3 d\u2019emerg\u00e8ncia.&nbsp;<\/u>Investigaci\u00f3 en camp sobre impacte de les TRT combinades amb les actuacions de PSF \/<u>&nbsp;Pallassos sense Fronteres (PSF)<\/u><\/em><\/li><li><em><u>Intervenci\u00f3 post IMA.&nbsp;<\/u>Centre d\u2019Expertesa IMA del Consorci Sanitari de Barcelona, realitzant diverses assist\u00e8ncies i sessions psico-educatives \/&nbsp;<u>Consorci Sanitari de Barcelona (CSB)<\/u><\/em><\/li><li><em><u>Suport Psicol\u00f2gic en situacions cr\u00edtiques.<\/u>Assessorament, intercanvi d\u2019informaci\u00f3, prestaci\u00f3 de serveis d\u2019assist\u00e8ncia, seguiment preventiu dels afectats directes i indirectes per situacions cr\u00edtiques viscudes durant la realitzaci\u00f3 de les activitats de MEiGC \/&nbsp;<u>Minyons Escoltes i Guies de Catalunya (MEiGC)<\/u><\/em><\/li><\/ul>\n\n\n\n<p><em>Exemples de sessions divulgatives i articles:<\/em><\/p>\n\n\n\n<ul class=\"wp-block-list\"><li><em>\u201cUn abordatge eficient per gestionar el malestar: actuar i prevenir\u201d; \u201cPersones, salut Psicol\u00f2gica i efectes en l\u2019activitat laboral\u201d. Fundaci\u00f3 Factor Hum\u00e0.<\/em><\/li><li><em>\u201cLas personas en un abordaje integral de la gesti\u00f3n de situaciones cr\u00edticas: impacto en los planes de continuidad del negocio\u201d \/ Institut Cerd\u00e0.<\/em><\/li><\/ul>\n\n\n\n<p><em>Exemples de serveis a organitzacions:<\/em><\/p>\n\n\n\n<ul class=\"wp-block-list\"><li><em>Training on Crisis and Disaster Psychology \/ Vilnius Crisis Center. Lituania.<\/em><\/li><li><em>\u201cPrograma Preventivo sobre gesti\u00f3n de situaciones cr\u00edticas\u201d \/ Varies empreses i entitats p\u00fabliques i privades.<\/em><\/li><\/ul>\n\n\n\n<p><em>Exemples de projectes:<\/em><\/p>\n\n\n\n<ul class=\"wp-block-list\"><li><em>Portal web per tractar l\u2019estr\u00e8s causat per les situacions cr\u00edtiques<\/em><\/li><\/ul>\n\n\n\n<p><a href=\"https:\/\/www.utccb.net\/conozcanos\/centro-de-crisis-de-barcelona.htm\">UTCCB<\/a><\/p>\n\n\n\n<p><\/p>\n","protected":false},"excerpt":{"rendered":"<p>La Unitat de Trauma, Crisisi i Conflictes de Barcelona (UTCCB) \u00e9s el primer centre d\u2019abordatge integral de situacions de crisi, estr\u00e8s i conflictes que constitueixen el territori espanyol. Fundat el 2010 per un grup de psic\u00f2legs d\u2019emerg\u00e8ncies, el 2011 s\u2019integra en els Serveis i Projectes Estrat\u00e8gics en Psicologia i actualment \u00e9s una de les unitats [&hellip;]<\/p>\n","protected":false},"author":20,"featured_media":0,"parent":0,"menu_order":0,"comment_status":"closed","ping_status":"closed","template":"","meta":{"footnotes":""},"class_list":["post-90","page","type-page","status-publish","hentry"],"_links":{"self":[{"href":"https:\/\/webs.uab.cat\/spl\/wp-json\/wp\/v2\/pages\/90","targetHints":{"allow":["GET"]}}],"collection":[{"href":"https:\/\/webs.uab.cat\/spl\/wp-json\/wp\/v2\/pages"}],"about":[{"href":"https:\/\/webs.uab.cat\/spl\/wp-json\/wp\/v2\/types\/page"}],"author":[{"embeddable":true,"href":"https:\/\/webs.uab.cat\/spl\/wp-json\/wp\/v2\/users\/20"}],"replies":[{"embeddable":true,"href":"https:\/\/webs.uab.cat\/spl\/wp-json\/wp\/v2\/comments?post=90"}],"version-history":[{"count":1,"href":"https:\/\/webs.uab.cat\/spl\/wp-json\/wp\/v2\/pages\/90\/revisions"}],"predecessor-version":[{"id":347,"href":"https:\/\/webs.uab.cat\/spl\/wp-json\/wp\/v2\/pages\/90\/revisions\/347"}],"wp:attachment":[{"href":"https:\/\/webs.uab.cat\/spl\/wp-json\/wp\/v2\/media?parent=90"}],"curies":[{"name":"wp","href":"https:\/\/api.w.org\/{rel}","templated":true}]}}