{"id":93,"date":"2019-04-03T16:20:10","date_gmt":"2019-04-03T14:20:10","guid":{"rendered":"https:\/\/webs.uab.cat\/spl\/ambit-de-politica-de-drogues-2\/"},"modified":"2023-02-28T15:34:24","modified_gmt":"2023-02-28T13:34:24","slug":"ambit-de-politica-de-drogues-2","status":"publish","type":"page","link":"https:\/\/webs.uab.cat\/spl\/ambit-de-politica-de-drogues-2\/","title":{"rendered":"\u00c0mbit de pol\u00edtica de drogues"},"content":{"rendered":"\n<p>Estudis orientats a l\u2019adequaci\u00f3 de les pol\u00edtiques de drogues a la realitat actual dels consums. En l\u2019actual escenari de normalitzaci\u00f3 dels consums de drogues i de difusi\u00f3 del consum i les pr\u00e0ctiques de risc, millora de les intervencions i afrontament dels problemes creats per programes de prevenci\u00f3 i assist\u00e8ncia dissenyats des de la l\u00f2gica prohibicionista i punitivista. . Recerca en l\u2019\u00e0mbit dels consums de drogues, amb especial \u00e8mfasi en els col\u00b7lectius vulnerables i amb perspectiva de g\u00e8nere.<\/p>\n\n\n\n<ul class=\"wp-block-list\"><li>Recerca qualitativa i quantitativa en l\u2019\u00e0mbit dels consums de drogues, amb especial atenci\u00f3 als col\u00b7lectius vulnerables<\/li><li>An\u00e0lisis de pol\u00edtiques de drogues des d\u2019\u00e0mbit local fins a nivell internacional<\/li><li>Disseny, implementaci\u00f3 i avaluaci\u00f3 de programes d\u2019intervenci\u00f3 social en l\u2019\u00e0mbit de les drogues<\/li><li>Realitzaci\u00f3 de diagn\u00f2stics en l\u2019\u00e0mbit municipal o provincial.<\/li><li>Mediaci\u00f3 en conflictes urbans derivats dels consums de drogues.<\/li><li>Dinamitzaci\u00f3 comunit\u00e0ria i programes participatius en l\u2019\u00e0mbit dels consums de drogues<\/li><li>Avaluaci\u00f3 de proc\u00e9s, resultats, impacte i cost-benefici de projectes de prevenci\u00f3.<\/li><li>Redacci\u00f3 d\u2019informes t\u00e8cnics en l\u2019\u00e0mbit de drogues.<\/li><li>Assessorament expert en els diferents nivells de l\u2019administraci\u00f3 p\u00fablica.<\/li><li>Formaci\u00f3 espec\u00edfica a professionals en l\u2019\u00e0mbit de drogues.<\/li><li>Atenci\u00f3 als mitjans de comunicaci\u00f3.<\/li><li>Oferta de coneixement sobre poblacions ocultes, web profunda (darknet), noves subst\u00e0ncies de s\u00edntesi, etc.<\/li><\/ul>\n\n\n\n<p><strong>&nbsp;Algunes activitats de transfer\u00e8ncia desenvolupades des d\u2019aquest \u00e0mbit:<\/strong><\/p>\n\n\n\n<p><em>(Nom del projecte \/ Entitat contractant \/ Investigadors i professionals)<\/em><\/p>\n\n\n\n<ul class=\"wp-block-list\"><li><em>Espai de millora cont\u00ednua dels plans locals de prevenci\u00f3 de drogues \/ Diputaci\u00f3 de Barcelona \/ Joel Feliu, \u00d2scar Par\u00e9s i David Pere Mart\u00ednez Or\u00f3<\/em><\/li><li><em>El cost de la legalitzaci\u00f3 del c\u00e0nnabis a l\u2019Estat Espanyol\/Revista C\u00e1\u00f1amo\/David Pere Mart\u00ednez Or\u00f3<\/em><\/li><li><em>II F\u00f2rum cann\u00e0bic catal\u00e0 \/ ICEERS i d\u2019altres col\u00b7laboradors \/ \u00d2scar Par\u00e9s, David Pere Mart\u00ednez Or\u00f3 i Joel Feliu<\/em><\/li><li><em>Opioides en Espa\u00f1a. Ni repunte de hero\u00edna ni crisis a la americana \/ Delegaci\u00f3n del Gobierno para el Plan Nacional sobre drogas. Ministerio de Sanidad \/ David Pere Mart\u00ednez Or\u00f3<\/em><\/li><li><em>Las sendas de la regulaci\u00f3n del c\u00e0nnabis \/ Regulaci\u00f3n Responsable \/ Joel Feliu, David Pere Mart\u00ednez Or\u00f3, Constanza S\u00e1nchez, Jos\u00e9 Carlos Bouso, \u00d2scar Par\u00e9s<\/em><\/li><\/ul>\n\n\n\n<p><strong>Grup de recerca vinculat a aquest \u00e0mbit<\/strong><\/p>\n\n\n\n<p><a href=\"https:\/\/webs.uab.cat\/spl\/politiques-de-drogues\/\" data-type=\"page\" data-id=\"75\">UdPdD<\/a>. Unitat de Pol\u00edtica de Drogues.<\/p>\n\n\n\n<p><\/p>\n\n\n\n<p>&nbsp;<\/p>\n","protected":false},"excerpt":{"rendered":"<p>Estudis orientats a l\u2019adequaci\u00f3 de les pol\u00edtiques de drogues a la realitat actual dels consums. En l\u2019actual escenari de normalitzaci\u00f3 dels consums de drogues i de difusi\u00f3 del consum i les pr\u00e0ctiques de risc, millora de les intervencions i afrontament dels problemes creats per programes de prevenci\u00f3 i assist\u00e8ncia dissenyats des de la l\u00f2gica prohibicionista [&hellip;]<\/p>\n","protected":false},"author":20,"featured_media":0,"parent":0,"menu_order":0,"comment_status":"closed","ping_status":"closed","template":"","meta":{"footnotes":""},"class_list":["post-93","page","type-page","status-publish","hentry"],"_links":{"self":[{"href":"https:\/\/webs.uab.cat\/spl\/wp-json\/wp\/v2\/pages\/93","targetHints":{"allow":["GET"]}}],"collection":[{"href":"https:\/\/webs.uab.cat\/spl\/wp-json\/wp\/v2\/pages"}],"about":[{"href":"https:\/\/webs.uab.cat\/spl\/wp-json\/wp\/v2\/types\/page"}],"author":[{"embeddable":true,"href":"https:\/\/webs.uab.cat\/spl\/wp-json\/wp\/v2\/users\/20"}],"replies":[{"embeddable":true,"href":"https:\/\/webs.uab.cat\/spl\/wp-json\/wp\/v2\/comments?post=93"}],"version-history":[{"count":1,"href":"https:\/\/webs.uab.cat\/spl\/wp-json\/wp\/v2\/pages\/93\/revisions"}],"predecessor-version":[{"id":343,"href":"https:\/\/webs.uab.cat\/spl\/wp-json\/wp\/v2\/pages\/93\/revisions\/343"}],"wp:attachment":[{"href":"https:\/\/webs.uab.cat\/spl\/wp-json\/wp\/v2\/media?parent=93"}],"curies":[{"name":"wp","href":"https:\/\/api.w.org\/{rel}","templated":true}]}}