{"id":95,"date":"2019-04-04T08:57:10","date_gmt":"2019-04-04T06:57:10","guid":{"rendered":"https:\/\/webs.uab.cat\/spl\/ambit-dintervencio-psicoeducativa\/"},"modified":"2023-02-28T15:23:44","modified_gmt":"2023-02-28T13:23:44","slug":"ambit-dintervencio-psicoeducativa","status":"publish","type":"page","link":"https:\/\/webs.uab.cat\/spl\/ambit-dintervencio-psicoeducativa\/","title":{"rendered":"\u00c0mbit d&#8217;intervenci\u00f3 psicoeducativa"},"content":{"rendered":"\n<p>Serveis i materials per a l\u2019an\u00e0lisi de contextos educatius i per la innovaci\u00f3 educativa en els diversos nivells, des de preescolar fins a la Universitat i el sector productiu, aix\u00ed com en els \u00e0mbits informals. Assessorament de centres i disseny d\u2019estrat\u00e8gies formatives.<\/p>\n\n\n\n<ul class=\"wp-block-list\"><li>Identitat i compet\u00e8ncies del docent. Formaci\u00f3 en doc\u00e8ncia i investigaci\u00f3<\/li><li>Estrat\u00e8gies d&#8217;ensenyament, aprenentatge i avaluaci\u00f3<\/li><li>Identitat emprenedora, desenvolupament i avaluaci\u00f3 de compet\u00e8ncies<\/li><li>Inclusi\u00f3 educativa en contexts de dificultat social<\/li><li>Intervenci\u00f3 en situacions d&#8217;assetjament escolar<\/li><li>Disseny educatiu inclusiu: g\u00e8nere, cultura, i diversitat funcional<\/li><li>Patrons d\u2019aprenentatge<\/li><\/ul>\n\n\n\n<p><strong>&nbsp;Algunes activitats de transfer\u00e8ncia desenvolupades des d\u2019aquest \u00e0mbit:<\/strong><\/p>\n\n\n\n<p><em>(Nom del projecte \/ Entitat contractant \/ Investigadors i professionals)<\/em><\/p>\n\n\n\n<ul class=\"wp-block-list\"><li><em>Avaluaci\u00f3 per compet\u00e8ncies\/Escuelas P\u00edas (provincia de Betania, amb 20 centres educatius a tota Espanya)\/Carles Monereo, N\u00faria Su\u00f1\u00e9, Andy Morodo, Esperanza Mej\u00edas<\/em><\/li><li><em>Avaluaci\u00f3 per compet\u00e8ncies\/Escoles diocesanes de Mallorca (amb 11 centres educatius a les illes balears)\/Carles Monereo, N\u00faria Su\u00f1\u00e9, Montserrat Castell\u00f3<\/em><\/li><li><em>Formaci\u00f3 de directors de Tesis doctorals\/Universitat Aut\u00f2noma de Barcelona\/Universidad de Deusto\/UNiversidad de Nebrija\/Montserrat Castell\u00f3, Eva Liesa, Crista Weise<\/em><\/li><li><em>Afrontament d\u2019Incidents Cr\u00edtics\/ Universitat Aut\u00f2noma de Barcelona\/Universidad de C\u00f3rdoba\/ Carles Monereo, Eva Liesa, Crista Weise<\/em><\/li><li><em>Afrontament d\u2019Incidents Cr\u00edtics\/ \u0426\u0435\u043d\u0442\u0440 \u043f\u0440\u0435\u0434\u043f\u0440\u0438\u043d\u0438\u043c\u0430\u0442\u0435\u043b\u044c\u0441\u0442\u0432\u0430 (Centre d\u2019Emprenedoria de R\u00fassia)\/ Carles Monereo, Alina Valencia<\/em><\/li><li><em>Avaluaci\u00f3 per compet\u00e8ncies\/ICE Universitat d\u2019Alacant\/Carles Monereo, Montserrat Castell\u00f3, Eva Liesa<\/em><\/li><li><em>Assessorament sobre el Curr\u00edculum per compet\u00e8ncies del principat d\u2019Andorra\/Departament d\u2019Educaci\u00f3 d\u2019Andorra\/Carles Monereo, N\u00faria Su\u00f1\u00e9, Mireya Giralt, Ester Miquel, Juan Jes\u00fas Arrausi<\/em><\/li><li><em>Disseny i implementaci\u00f3 d&#8217;un moodle per prim\u00e0ria \/ Departament d&#8217;Ensenyament, Generalitat de Catalunya \/&nbsp; Jos\u00e9 Luis Lalueza, S\u00f2nia S\u00e1nchez Busqu\u00e9s i Marta Padr\u00f3s<\/em><\/li><\/ul>\n\n\n\n<p><strong>Grups de recerca vinculats a aqust \u00e0mbit<\/strong><\/p>\n\n\n\n<p><a href=\"https:\/\/www.sinte.me\/\">SINTE<\/a>&nbsp;(seminari Interunivesitari d\u2019investigaci\u00f3 sobre estrat\u00e8gies d\u2019ensenyame nt, aprenentatge i avaluaci\u00f3)<\/p>\n\n\n\n<p><a href=\"https:\/\/www.sinte.me\/sintediSI\">SINTEdi&nbsp;<\/a>(desenvolupament i innovaci\u00f3):&nbsp;<\/p>\n\n\n\n<p><a href=\"https:\/\/grupsderecerca.uab.cat\/dehisi\/ca\">DEHISI<\/a>&nbsp;(desenvolupament hum\u00e0, intervenci\u00f3 social i interculturalitat)<\/p>\n\n\n\n<p>&nbsp;<\/p>\n","protected":false},"excerpt":{"rendered":"<p>Serveis i materials per a l\u2019an\u00e0lisi de contextos educatius i per la innovaci\u00f3 educativa en els diversos nivells, des de preescolar fins a la Universitat i el sector productiu, aix\u00ed com en els \u00e0mbits informals. Assessorament de centres i disseny d\u2019estrat\u00e8gies formatives. Identitat i compet\u00e8ncies del docent. Formaci\u00f3 en doc\u00e8ncia i investigaci\u00f3 Estrat\u00e8gies d&#8217;ensenyament, aprenentatge [&hellip;]<\/p>\n","protected":false},"author":20,"featured_media":0,"parent":0,"menu_order":0,"comment_status":"closed","ping_status":"closed","template":"","meta":{"footnotes":""},"class_list":["post-95","page","type-page","status-publish","hentry"],"_links":{"self":[{"href":"https:\/\/webs.uab.cat\/spl\/wp-json\/wp\/v2\/pages\/95","targetHints":{"allow":["GET"]}}],"collection":[{"href":"https:\/\/webs.uab.cat\/spl\/wp-json\/wp\/v2\/pages"}],"about":[{"href":"https:\/\/webs.uab.cat\/spl\/wp-json\/wp\/v2\/types\/page"}],"author":[{"embeddable":true,"href":"https:\/\/webs.uab.cat\/spl\/wp-json\/wp\/v2\/users\/20"}],"replies":[{"embeddable":true,"href":"https:\/\/webs.uab.cat\/spl\/wp-json\/wp\/v2\/comments?post=95"}],"version-history":[{"count":1,"href":"https:\/\/webs.uab.cat\/spl\/wp-json\/wp\/v2\/pages\/95\/revisions"}],"predecessor-version":[{"id":339,"href":"https:\/\/webs.uab.cat\/spl\/wp-json\/wp\/v2\/pages\/95\/revisions\/339"}],"wp:attachment":[{"href":"https:\/\/webs.uab.cat\/spl\/wp-json\/wp\/v2\/media?parent=95"}],"curies":[{"name":"wp","href":"https:\/\/api.w.org\/{rel}","templated":true}]}}