{"id":97,"date":"2019-04-04T09:00:15","date_gmt":"2019-04-04T07:00:15","guid":{"rendered":"https:\/\/webs.uab.cat\/spl\/ambit-de-promocio-i-prevencio-en-psicologia-de-la-salut-i-tractament-de-lestres\/"},"modified":"2023-02-28T15:37:45","modified_gmt":"2023-02-28T13:37:45","slug":"ambit-de-promocio-i-prevencio-en-psicologia-de-la-salut-i-tractament-de-lestres","status":"publish","type":"page","link":"https:\/\/webs.uab.cat\/spl\/ambit-de-promocio-i-prevencio-en-psicologia-de-la-salut-i-tractament-de-lestres\/","title":{"rendered":"\u00c0mbit de promoci\u00f3 i prevenci\u00f3 en Psicologia de la Salut i tractament de l&#8217;estr\u00e9s"},"content":{"rendered":"\n<p>De les diverses potencials aplicacions de la Psicologia en la promoci\u00f3 de la salut, el SPL ofereix dos \u00e0mbits d\u2019expertesa. D\u2019una banda, la gesti\u00f3 de l\u2019estr\u00e8s laboral i la promoci\u00f3 de la salut en l\u2019\u00e0mbit de les organitzacions i empreses, especialment en infermeria i personal sanitari i professorat no universitari. D\u2019altra, els problemes d\u2019estr\u00e8s i trastorns de l\u2019estat d\u2019\u00e0nim en els i les estudiants universitaris.&nbsp;<\/p>\n\n\n\n<ul class=\"wp-block-list\"><li>Estr\u00e8s laboral<\/li><li>Promoci\u00f3 salut ocupacional&nbsp; i&nbsp; Implicaci\u00f3 laboral<\/li><li>Estr\u00e8s i malestar en la poblaci\u00f3 estudiantil<\/li><\/ul>\n\n\n\n<p><strong>&nbsp;Algunes activitats de transfer\u00e8ncia desenvolupades des d\u2019aquest \u00e0mbit:<\/strong><\/p>\n\n\n\n<p><em>(Nom del projecte \/ Entitat contractant \/ Investigadors i professionals)<\/em><\/p>\n\n\n\n<ul class=\"wp-block-list\"><li><em>La salut i l\u2019estr\u00e8s dels mestres de Catalunya \/ Departament d\u2019Ensenyament \/ Jordi Fern\u00e1ndez Castro, S\u00edlvia Edo i Eduardo Doval.<\/em><\/li><li><em>Els treballadors de m\u00e9s edat: capacitat laboral i manteniment de l\u2019activitat \/ Instituto Nacional de Seguridad e Higiene en el Trabajo \/ Jordi Fern\u00e1ndez,<\/em><em>&nbsp;Mari Pau Gonz\u00e1lez de Olmedo i Xavier Orpella, coordinant un equip de professionals del GIES de la Unoiversitat Aut\u00f2noma de Barcelona, d\u2019EADA i de la Societat Catalana de Medicina del Treball.<\/em><\/li><li><em>Assessorament sobre l\u2019ansietat en la conducci\u00f3 \/ Volkswagen-Audi Espa\u00f1a S.A \/ Jordi Fern\u00e1ndez Castro i Eduado Doval.<\/em><\/li><li><em>Demandes i afrontament de l\u2019estr\u00e8s laboral del personal d\u2019infermeria \/ Ministerio de Ciencia e Innovaci\u00f3n \/ Jordi Fern\u00e1ndez Castro i Ferm\u00edn Mart\u00ednez Zaragoza, coordinant un equip del GIES de la Universitat Aut\u00f2noma de Barcelona i de la Universidad Miguel Hern\u00e1ndez de Alicante.<\/em><\/li><li><em>Assessorament en psicologia de la Salut i Estr\u00e8s Laboral \/ Fundaci\u00f3 Galatea \/ Jordi Fern\u00e1ndez Castro, tutoritzant&nbsp; estudiants en pr\u00e0ctiques de la UAB.<\/em><\/li><\/ul>\n\n\n\n<p><strong>Grup de recerca vinculat a aquest \u00e0m<\/strong><em>bit<\/em><\/p>\n\n\n\n<p><em><a href=\"https:\/\/ddd.uab.cat\/collection\/gies?ln=ca\">GRUP D\u2019INVESTIGACI\u00d3 EN ESTR\u00c8S I SALUT<\/a>\u00a0(GIES)<\/em><\/p>\n\n\n\n<p>&nbsp;<\/p>\n","protected":false},"excerpt":{"rendered":"<p>De les diverses potencials aplicacions de la Psicologia en la promoci\u00f3 de la salut, el SPL ofereix dos \u00e0mbits d\u2019expertesa. D\u2019una banda, la gesti\u00f3 de l\u2019estr\u00e8s laboral i la promoci\u00f3 de la salut en l\u2019\u00e0mbit de les organitzacions i empreses, especialment en infermeria i personal sanitari i professorat no universitari. D\u2019altra, els problemes d\u2019estr\u00e8s i [&hellip;]<\/p>\n","protected":false},"author":20,"featured_media":0,"parent":0,"menu_order":0,"comment_status":"closed","ping_status":"closed","template":"","meta":{"footnotes":""},"class_list":["post-97","page","type-page","status-publish","hentry"],"_links":{"self":[{"href":"https:\/\/webs.uab.cat\/spl\/wp-json\/wp\/v2\/pages\/97","targetHints":{"allow":["GET"]}}],"collection":[{"href":"https:\/\/webs.uab.cat\/spl\/wp-json\/wp\/v2\/pages"}],"about":[{"href":"https:\/\/webs.uab.cat\/spl\/wp-json\/wp\/v2\/types\/page"}],"author":[{"embeddable":true,"href":"https:\/\/webs.uab.cat\/spl\/wp-json\/wp\/v2\/users\/20"}],"replies":[{"embeddable":true,"href":"https:\/\/webs.uab.cat\/spl\/wp-json\/wp\/v2\/comments?post=97"}],"version-history":[{"count":1,"href":"https:\/\/webs.uab.cat\/spl\/wp-json\/wp\/v2\/pages\/97\/revisions"}],"predecessor-version":[{"id":345,"href":"https:\/\/webs.uab.cat\/spl\/wp-json\/wp\/v2\/pages\/97\/revisions\/345"}],"wp:attachment":[{"href":"https:\/\/webs.uab.cat\/spl\/wp-json\/wp\/v2\/media?parent=97"}],"curies":[{"name":"wp","href":"https:\/\/api.w.org\/{rel}","templated":true}]}}