{"id":98,"date":"2019-04-04T09:01:00","date_gmt":"2019-04-04T07:01:00","guid":{"rendered":"https:\/\/webs.uab.cat\/spl\/ambit-datencio-a-la-infancia-i-families\/"},"modified":"2023-02-28T15:22:28","modified_gmt":"2023-02-28T13:22:28","slug":"ambit-datencio-a-la-infancia-i-families","status":"publish","type":"page","link":"https:\/\/webs.uab.cat\/spl\/ambit-datencio-a-la-infancia-i-families\/","title":{"rendered":"\u00c0mbit d&#8217;atenci\u00f3 a la inf\u00e0ncia i fam\u00edlies"},"content":{"rendered":"\n<p>Estudis, assessorament i disseny de projectes en l\u2019\u00e0mbit de la protecci\u00f3 de menors, la inf\u00e0ncia en contexts de dificultat social i familiar, i intervenci\u00f3 en fam\u00edlies i institucions. Treball m\u00e9s espec\u00edfic sobre la diversitat cultural en els processos de crian\u00e7a i la socialitzaci\u00f3 en entorns minoritaris.<\/p>\n\n\n\n<ul class=\"wp-block-list\"><li class=\"rtejustify\">An\u00e0lisis sist\u00e8mic d&#8217; institucions i serveis de protecci\u00f3 a la inf\u00e0ncia<\/li><li class=\"rtejustify\">Processos d&#8217;acolliment i adopci\u00f3<\/li><li class=\"rtejustify\">Intervenci\u00f3 amb fam\u00edlies en situaci\u00f3 de risc<\/li><li class=\"rtejustify\">Intervenci\u00f3 amb menors immigrants no acompanyats<\/li><li class=\"rtejustify\">Atenci\u00f3 a fam\u00edlies en contexts de diversitat cultural<\/li><\/ul>\n\n\n\n<p>&nbsp;<\/p>\n\n\n\n<p><strong>&nbsp;Algunes activitats de transfer\u00e8ncia desenvolupades des d\u2019aquest \u00e0mbit:<\/strong><\/p>\n\n\n\n<p><em>(Nom del projecte \/ Entitat contractant \/ Investigadors i professionals)<\/em><\/p>\n\n\n\n<ul class=\"wp-block-list\"><li class=\"rtejustify\">Activaci\u00f3 de la Taula d\u2019Inf\u00e0ncia del Vall\u00e8s Occidental i elaboraci\u00f3 &nbsp;de protocol&nbsp; comarcal per a la intervenci\u00f3 en xarxa&nbsp;en situacions de risc o mals tractes en la inf\u00e0ncia i l\u2019adolesc\u00e8ncia \/ Consell Comarcal del Vall\u00e8s Occidental \/ Bel\u00e9n Albizu<\/li><li class=\"rtejustify\"><em>Acompanyament i mentoratge de joves tutelats en el seu proc\u00e9s d&#8217;emancipaci\u00f3, realitzat per joves extutelats que han viscut aquest proc\u00e9s \/ Fundaci\u00f3 Nou Barris i ISOM \/ Miquel Dom\u00e8nech i Marta Padr\u00f3s.<\/em><\/li><li class=\"rtejustify\"><em>Suport t\u00e8cnic per a l&#8217;elaboraci\u00f3 de plans de treball amb inf\u00e0ncia i fam\u00edlies a desenvolupar en \u00e0mbits municipals \/ Diputaci\u00f3 de Barcelona \/ Jos\u00e9 Luis Lalueza<\/em><\/li><li class=\"rtejustify\"><em>Suport t\u00e8cnic per al desenvolupament del projecte &#8220;Xarxa d&#8217;intercanvis Professionals sobre Maltractame \/ Associaci\u00f3 Catalana per a la Inf\u00e0ncia Maltractada \/ Jos\u00e9 Luis Lalueza<\/em><\/li><li class=\"rtejustify\"><em>Col\u00b7laboraci\u00f3 en el disseny d&#8217;un estudi sobre les necessitats, a nivell local, en els \u00e0mbits d&#8217;inf\u00e0ncia, joventut i fam\u00edlia \/ Diputaci\u00f3 de Barcelona \/ Jos\u00e9 Luis Lalueza<\/em><\/li><li class=\"rtejustify\"><em>Activitat formativa adre\u00e7ada al personal t\u00e8cnic adscrit als centres de la Secci\u00f3 d\u2019Inf\u00e0ncia i Joventut de l\u2019\u00c0rea de Serveis Socials \/ Diputaci\u00f3 de Barcelona \/ Jos\u00e9 Luis Lalueza<\/em><\/li><\/ul>\n\n\n\n<p><strong>Grup de recerca vinculat a aquest \u00e0mbit:<\/strong><\/p>\n\n\n\n<p>DEHISI (desenvolupament hum\u00e0, intervenci\u00f3 social i interculturalitat) <a href=\"http:\/\/webs.uab.cat\/dehisi\/\">http:\/\/webs.uab.cat\/dehisi\/<\/a><\/p>\n","protected":false},"excerpt":{"rendered":"<p>Estudis, assessorament i disseny de projectes en l\u2019\u00e0mbit de la protecci\u00f3 de menors, la inf\u00e0ncia en contexts de dificultat social i familiar, i intervenci\u00f3 en fam\u00edlies i institucions. Treball m\u00e9s espec\u00edfic sobre la diversitat cultural en els processos de crian\u00e7a i la socialitzaci\u00f3 en entorns minoritaris. An\u00e0lisis sist\u00e8mic d&#8217; institucions i serveis de protecci\u00f3 a [&hellip;]<\/p>\n","protected":false},"author":20,"featured_media":0,"parent":0,"menu_order":0,"comment_status":"closed","ping_status":"closed","template":"","meta":{"footnotes":""},"class_list":["post-98","page","type-page","status-publish","hentry"],"_links":{"self":[{"href":"https:\/\/webs.uab.cat\/spl\/wp-json\/wp\/v2\/pages\/98","targetHints":{"allow":["GET"]}}],"collection":[{"href":"https:\/\/webs.uab.cat\/spl\/wp-json\/wp\/v2\/pages"}],"about":[{"href":"https:\/\/webs.uab.cat\/spl\/wp-json\/wp\/v2\/types\/page"}],"author":[{"embeddable":true,"href":"https:\/\/webs.uab.cat\/spl\/wp-json\/wp\/v2\/users\/20"}],"replies":[{"embeddable":true,"href":"https:\/\/webs.uab.cat\/spl\/wp-json\/wp\/v2\/comments?post=98"}],"version-history":[{"count":1,"href":"https:\/\/webs.uab.cat\/spl\/wp-json\/wp\/v2\/pages\/98\/revisions"}],"predecessor-version":[{"id":337,"href":"https:\/\/webs.uab.cat\/spl\/wp-json\/wp\/v2\/pages\/98\/revisions\/337"}],"wp:attachment":[{"href":"https:\/\/webs.uab.cat\/spl\/wp-json\/wp\/v2\/media?parent=98"}],"curies":[{"name":"wp","href":"https:\/\/api.w.org\/{rel}","templated":true}]}}