{"id":90,"date":"2010-07-06T11:44:04","date_gmt":"2010-07-06T11:44:04","guid":{"rendered":"https:\/\/webs.uab.cat\/sti\/posters-2\/"},"modified":"2010-07-06T11:44:04","modified_gmt":"2010-07-06T11:44:04","slug":"posters-2","status":"publish","type":"page","link":"https:\/\/webs.uab.cat\/sti\/en\/posters-2\/","title":{"rendered":"Posters"},"content":{"rendered":"<ul>\n<li>\n<p>Pdf document, how to generate a pdf from a <strong>poster<\/strong> to check printing problems:<\/p>\n<ul>\n<li>\n<p><a href=\"http:\/\/sct.uab.cat\/sti\/sites\/sct.uab.cat.sti\/files\/Convertir_PDF-CAT.pdf\" target=\"_blank\" rel=\"noopener\">En Catal\u00e0<\/a> (convertir un <strong>p\u00f2ster<\/strong> a pdf per a previsualitzar possibles problemes d&#8217;impressi\u00f3)<\/p>\n<\/li>\n<li>\n<p><a href=\"http:\/\/sct.uab.cat\/sti\/sites\/sct.uab.cat.sti\/files\/Convertir_PDF-ESP.pdf\" target=\"_top\" rel=\"noopener\">En Castellano<\/a> (realizar un pdf del <strong>p\u00f3ster<\/strong> para ver posibles problemas de impresi\u00f3n)<\/p>\n<\/li>\n<\/ul>\n<\/li>\n<\/ul>\n<ul>\n<li>\n<p>Tips to make <strong>p\u00f3sters<\/strong>:<\/p>\n<ul>\n<li>\n<p>The maximum slide size allowed by powerpoint <strong>2003<\/strong> is 142cm but just 135cm can be printed (in powerpoint 2007 the 142cm are printable).<\/p>\n<\/li>\n<li>\n<p>Transparencies <strong>made with powerpoint<\/strong> can&#8217;t be printed correctly, when you generate the pdf it will look latticed (dotted) and that&#8217;s how will look when is printed, we recommend to use colors without transparency or make it with another software ( like Photoshop).<\/p>\n<\/li>\n<li>\n<p>Usually we have two roll sizes, 90cm (36 inches) and 105cm (42 inches). Try to adapt the <span id=\"result_box\" lang=\"en\"><span>width or the height<\/span><\/span> of your poster into one of this two sizes and it will be printed quickly and easily.<\/p>\n<\/li>\n<li>\n<p>If you use an <strong>uncommon font<\/strong>, bring it to us, so we will be able to install it in our computer and your poster will look like it should be.<\/p>\n<\/li>\n<li>\n<p>The most used file format to make a poster is powerpoint, but we can also print PDFs, CorelDraw12, Photoshop, images&#8230; but its size and quality have to be good enough.<\/p>\n<\/li>\n<li>\n<p>To print into uncommon media (vinyl, canvas&#8230;) ask us for its availability.<\/p>\n<\/li>\n<\/ul>\n<\/li>\n<\/ul>\n","protected":false},"excerpt":{"rendered":"<p>Pdf document, how to generate a pdf from a poster to check printing problems: En Catal\u00e0 (convertir un p\u00f2ster a pdf per a previsualitzar possibles problemes d&#8217;impressi\u00f3) En Castellano (realizar un pdf del p\u00f3ster para ver posibles problemas de impresi\u00f3n) Tips to make p\u00f3sters: The maximum slide size allowed by powerpoint 2003 is 142cm but [&hellip;]<\/p>\n","protected":false},"author":20,"featured_media":0,"parent":0,"menu_order":0,"comment_status":"closed","ping_status":"closed","template":"","meta":{"footnotes":""},"class_list":["post-90","page","type-page","status-publish","hentry"],"_links":{"self":[{"href":"https:\/\/webs.uab.cat\/sti\/en\/wp-json\/wp\/v2\/pages\/90","targetHints":{"allow":["GET"]}}],"collection":[{"href":"https:\/\/webs.uab.cat\/sti\/en\/wp-json\/wp\/v2\/pages"}],"about":[{"href":"https:\/\/webs.uab.cat\/sti\/en\/wp-json\/wp\/v2\/types\/page"}],"author":[{"embeddable":true,"href":"https:\/\/webs.uab.cat\/sti\/en\/wp-json\/wp\/v2\/users\/20"}],"replies":[{"embeddable":true,"href":"https:\/\/webs.uab.cat\/sti\/en\/wp-json\/wp\/v2\/comments?post=90"}],"version-history":[{"count":0,"href":"https:\/\/webs.uab.cat\/sti\/en\/wp-json\/wp\/v2\/pages\/90\/revisions"}],"wp:attachment":[{"href":"https:\/\/webs.uab.cat\/sti\/en\/wp-json\/wp\/v2\/media?parent=90"}],"curies":[{"name":"wp","href":"https:\/\/api.w.org\/{rel}","templated":true}]}}