{"id":109,"date":"2010-07-06T11:55:12","date_gmt":"2010-07-06T11:55:12","guid":{"rendered":"https:\/\/webs.uab.cat\/sti\/3d-2\/"},"modified":"2010-07-06T11:55:12","modified_gmt":"2010-07-06T11:55:12","slug":"3d-2","status":"publish","type":"page","link":"https:\/\/webs.uab.cat\/sti\/es\/3d-2\/","title":{"rendered":"3D"},"content":{"rendered":"<div><img loading=\"lazy\" decoding=\"async\" src=\"http:\/\/sct.uab.cat\/sti\/sites\/sct.uab.cat.sti\/files\/images\/z450ES.jpg\" alt=\"\" height=\"184\" width=\"482\"><\/div>\n<ul>\n<li>\n<p>La composici\u00f3n exacta del material del que est\u00e1n hechas las impresiones solo la conoce el fabricante, pero el material inicial es parecido al yeso en polvo y la figura resultante tendr\u00e1 una resistencia similar a la cer\u00e1mica. Son maquetas, si caen al suelo se rompen.<\/p>\n<\/li>\n<\/ul>\n<ul>\n<li>\n<p>La caracter\u00edstica b\u00e1sica de esta clase de impresora es el hecho de que imprime en color, las figuras ya salen directamente de la impresora pintadas, adem\u00e1s, el coste por pieza es inferior al de otros tipos de impresi\u00f3n.<\/p>\n<\/li>\n<\/ul>\n<ul>\n<li>\n<p>La cubeta donde se realizan las impresiones tiene una medida aproximada de 8 pulgadas c\u00fabicas (unos 20 cent\u00edmetros por cada uno de los 3 ejes de coordenadas) esta, pues ser\u00e1 la medida m\u00e1xima que podremos imprimir de una sola vez. La medida m\u00ednima est\u00e1 m\u00e1s limitada por la resist\u00e9ncia del material que no por lo que es capaz la impresora, no se recomienda hacer nada m\u00e1s peque\u00f1o de 3mm de grosor o al menos, se ha de ser conciente de que es muy posible que en todo el proceso de impresi\u00f3n estas partes se puedan romper.<\/p>\n<\/li>\n<\/ul>\n<ul>\n<li>\n<p>La impresora soporta los siguientes formatos de archivo:<\/p>\n<ul>\n<li>\n<p>DeskArtes (*.3de)<\/p>\n<\/li>\n<li>\n<p>STL (*.stl, *.astl, *.ast)<\/p>\n<\/li>\n<li>\n<p>VRML (*.wrl)<\/p>\n<\/li>\n<li>\n<p>Z coporation (*.zpr)<\/p>\n<\/li>\n<\/ul>\n<\/li>\n<\/ul>\n<ul>\n<li>\n<p>Normalmente los programas de edici\u00f3n 3D guardan los archivos en un formato propio pero seguro que tienen la posibilidad de exportar a alguno de los formatos citados ya que son est\u00e1ndares libres, a malas se podr\u00eda usar un programa intermedio para hacer el cambio de formato pero esto puede suponer perdida de calidad en la malla 3D. Como servicio paralelo ofrecemos la posibilidad de convertir a 3D im\u00e1genes TAC seriadas en formato DICOM o con otros formatos con calidad suficiente <a href=\"http:\/\/www.youtube.com\/watch?v=1EmYmDgQ_vA\" target=\"_blank\" rel=\"noopener\">(Ejemplo cerebro en 3D extra\u00eddo de un TAC)<\/a>.<\/p>\n<\/li>\n<\/ul>\n<ul>\n<li>\n<p>De los formatos de archivo citados  solo VRML soporta color, por lo tanto, si se quiere una impresi\u00f3n en color se deber\u00e1 traer en este formato. VRML lleva los colores b\u00e1sicos incrustados en el archivo, pero si hemos usado texturas estas se almacenan en un archivo paralelo .jpg que deberemos traer junto con el VRML.<\/p>\n<\/li>\n<\/ul>\n<ul>\n<li>\n<p>El tiempo de impresi\u00f3n ser\u00e1 muy variable dependiendo de la estructura y el tama\u00f1o de la pieza. La impresi\u00f3n en si va a una velocidad de unos 10mm de altura\/hora, pero esta figura despu\u00e9s de imprimirse se ha de extraer de la impresora (cuanto m\u00e1s fr\u00e1gil m\u00e1s costar\u00e1) y para darle resistencia, se ha de impregnar con un l\u00edquido, el tiempo de secado del cual ser\u00e1 muy variable, seg\u00fan el volumen de la pieza puede estar m\u00e1s de un d\u00eda sec\u00e1ndose.<\/p>\n<\/li>\n<\/ul>\n<ul>\n<li>\n<p>Pod\u00e9is ver las caracter\u00edsticas t\u00e9cnicas de la impresora en su <a href=\"http:\/\/www.zcorp.com\/en\/Products\/3D-Printers\/ZPrinter-450\/spage.aspx\" target=\"_blank\" rel=\"noopener\">Ficha t\u00e9cnica<\/a>.<\/p>\n<\/li>\n<\/ul>\n<ul>\n<li>\n<p>Ejemplos de objetos impresos:<\/p>\n<ul>\n<li> <a href=\"http:\/\/sct.uab.cat\/sti\/sites\/sct.uab.cat.sti\/files\/images\/122_007.jpg\" target=\"_blank\" rel=\"noopener\"><img loading=\"lazy\" decoding=\"async\" src=\"http:\/\/sct.uab.cat\/sti\/sites\/sct.uab.cat.sti\/files\/images\/122_007PET.jpg\" alt=\"En gran fent click\" border=\"0\" height=\"62\" width=\"70\"><\/a> <a href=\"http:\/\/sct.uab.cat\/sti\/sites\/sct.uab.cat.sti\/files\/images\/155_002.jpg\" target=\"_blank\" rel=\"noopener\"><img loading=\"lazy\" decoding=\"async\" src=\"http:\/\/sct.uab.cat\/sti\/sites\/sct.uab.cat.sti\/files\/images\/155_002PET.jpg\" alt=\"En gran fent click\" border=\"0\" height=\"65\" width=\"70\"><\/a> <a href=\"http:\/\/sct.uab.cat\/sti\/sites\/sct.uab.cat.sti\/files\/images\/407_003.jpg\" target=\"_blank\" rel=\"noopener\"><img loading=\"lazy\" decoding=\"async\" src=\"http:\/\/sct.uab.cat\/sti\/sites\/sct.uab.cat.sti\/files\/images\/407_003PET.jpg\" alt=\"En gran fent click\" border=\"0\" height=\"48\" width=\"70\"><\/a> <a href=\"http:\/\/sct.uab.cat\/sti\/sites\/sct.uab.cat.sti\/files\/images\/83_018.jpg\" target=\"_blank\" rel=\"noopener\"><img loading=\"lazy\" decoding=\"async\" src=\"http:\/\/sct.uab.cat\/sti\/sites\/sct.uab.cat.sti\/files\/images\/83_018PET.jpg\" alt=\"En gran fent click\" border=\"0\" height=\"67\" width=\"70\"><\/a> <a href=\"http:\/\/sct.uab.cat\/sti\/sites\/sct.uab.cat.sti\/files\/images\/410_004.jpg\" target=\"_blank\" rel=\"noopener\"><img loading=\"lazy\" decoding=\"async\" src=\"http:\/\/sct.uab.cat\/sti\/sites\/sct.uab.cat.sti\/files\/images\/410_004PET.jpg\" alt=\"En gran fent click\" border=\"0\" height=\"39\" width=\"70\"><\/a> <a href=\"http:\/\/sct.uab.cat\/sti\/sites\/sct.uab.cat.sti\/files\/images\/Dibujo.jpg\" target=\"_blank\" rel=\"noopener\"><img loading=\"lazy\" decoding=\"async\" src=\"http:\/\/sct.uab.cat\/sti\/sites\/sct.uab.cat.sti\/files\/images\/DibujoPET.jpg\" alt=\"En gran fent click\" border=\"0\" height=\"47\" width=\"70\"><\/a> <a href=\"http:\/\/sct.uab.cat\/sti\/sites\/sct.uab.cat.sti\/files\/images\/295_005.jpg\" target=\"_blank\" rel=\"noopener\"><img loading=\"lazy\" decoding=\"async\" src=\"http:\/\/sct.uab.cat\/sti\/sites\/sct.uab.cat.sti\/files\/images\/295_005PET.jpg\" alt=\"En gran fent click\" border=\"0\" height=\"56\" width=\"70\"><\/a> <a href=\"http:\/\/sct.uab.cat\/sti\/sites\/sct.uab.cat.sti\/files\/images\/292_004.jpg\" target=\"_blank\" rel=\"noopener\"><img loading=\"lazy\" decoding=\"async\" src=\"http:\/\/sct.uab.cat\/sti\/sites\/sct.uab.cat.sti\/files\/images\/292_004PET.jpg\" alt=\"En gran fent click\" border=\"0\" height=\"40\" width=\"70\"><\/a> <a href=\"http:\/\/sct.uab.cat\/sti\/sites\/sct.uab.cat.sti\/files\/images\/283_001.jpg\" target=\"_blank\" rel=\"noopener\"><img loading=\"lazy\" decoding=\"async\" src=\"http:\/\/sct.uab.cat\/sti\/sites\/sct.uab.cat.sti\/files\/images\/283_001PET.jpg\" alt=\"En gran fent click\" border=\"0\" height=\"36\" width=\"70\"><\/a> <\/li>\n<\/ul>\n<\/li>\n<\/ul>\n<p><\/p>\n<p><img loading=\"lazy\" decoding=\"async\" src=\"http:\/\/sct.uab.cat\/sti\/sites\/sct.uab.cat.sti\/files\/images\/vividES.jpg\" alt=\"\" height=\"184\" width=\"482\"><\/p>\n<ul>\n<li>\n<p>Quiz\u00e1 la caracter\u00edstica m\u00e1s destacable de este esc\u00e1ner, respecto otros esc\u00e1neres 3D, es que este es capaz de capturar las texturas\/colores del objeto que est\u00e1 digitalizando.<\/p>\n<\/li>\n<\/ul>\n<ul>\n<li>\n<p>Cuanto m\u00e1s complicada sea la figura m\u00e1s dif\u00edcil ser\u00e1 hacerle una r\u00e9plica exacta y m\u00e1s tiempo de post-procesamiento necesitar\u00e1. Se puede llegar al extremo de que una figura sea muy complicada, que tenga muchos puntos ciegos para el l\u00e1ser del esc\u00e1ner y no sea posible digitalizarla.<\/p>\n<\/li>\n<\/ul>\n<ul>\n<li>\n<p>Del esc\u00e1ner no obtenemos una digitalizaci\u00f3n inmediata del objeto que le ponemos delante, obtenemos una nube de puntos de las diferentes caras, llamamos post-procesamiento a todos los pasos necesarios para obtener una copia digital a partir de estas nubes de puntos de cada una de las caras <a href=\"http:\/\/www.youtube.com\/watch?v=yg9BAR4EN0s\" target=\"_blank\" rel=\"noopener\">(en este v\u00eddeo pod\u00e9is ver el resultado inicial de un escaneo antes del post-procesamiento)<\/a>.<\/p>\n<\/li>\n<\/ul>\n<ul>\n<li>\n<p>Si hablamos de las texturas, tal y como hemos dicho, las r\u00e9plicas las obtenemos de la uni\u00f3n de diferentes caras, de manera que, la iluminaci\u00f3n ambiental influir\u00e1 mucho en la homogeneidad de las texturas y es muy dif\u00edcil que sea perfecta. A dem\u00e1s, la c\u00e1mara que incorpora el esc\u00e1ner no tiene una resoluci\u00f3n muy alta.<\/p>\n<\/li>\n<\/ul>\n<ul>\n<li>\n<p>Podemos ver las caracter\u00edsticas t\u00e9cnicas del esc\u00e1ner en su <a href=\"http:\/\/www.konicaminolta.com\/sensingusa\/products\/3d\/non-contact\/vivid9i\/specifications.html\" target=\"_blank\" rel=\"noopener\">Ficha t\u00e9cnica.<\/a><\/p>\n<\/li>\n<\/ul>\n<ul>\n<li>\n<p>No es posible escanear cualquier cosa, los objetos brillantes (reflectantes) hacen que el l\u00e1ser rebote y el esc\u00e1ner sea incapaz de ver nada.<\/p>\n<\/li>\n<li>\n<p><a href=\"http:\/\/sct.uab.cat\/sti\/sites\/sct.uab.cat.sti\/files\/3d.rar\" target=\"_blank\" rel=\"noopener\">Ejemplo de objeto digitalizado<\/a> (es necesario usar internet explorer y aceptar la instalaci\u00f3n del plugin).<\/p>\n<\/li>\n<\/ul>\n","protected":false},"excerpt":{"rendered":"<p>La composici\u00f3n exacta del material del que est\u00e1n hechas las impresiones solo la conoce el fabricante, pero el material inicial es parecido al yeso en polvo y la figura resultante tendr\u00e1 una resistencia similar a la cer\u00e1mica. Son maquetas, si caen al suelo se rompen. La caracter\u00edstica b\u00e1sica de esta clase de impresora es el [&hellip;]<\/p>\n","protected":false},"author":20,"featured_media":0,"parent":0,"menu_order":0,"comment_status":"closed","ping_status":"closed","template":"","meta":{"footnotes":""},"class_list":["post-109","page","type-page","status-publish","hentry"],"_links":{"self":[{"href":"https:\/\/webs.uab.cat\/sti\/es\/wp-json\/wp\/v2\/pages\/109","targetHints":{"allow":["GET"]}}],"collection":[{"href":"https:\/\/webs.uab.cat\/sti\/es\/wp-json\/wp\/v2\/pages"}],"about":[{"href":"https:\/\/webs.uab.cat\/sti\/es\/wp-json\/wp\/v2\/types\/page"}],"author":[{"embeddable":true,"href":"https:\/\/webs.uab.cat\/sti\/es\/wp-json\/wp\/v2\/users\/20"}],"replies":[{"embeddable":true,"href":"https:\/\/webs.uab.cat\/sti\/es\/wp-json\/wp\/v2\/comments?post=109"}],"version-history":[{"count":0,"href":"https:\/\/webs.uab.cat\/sti\/es\/wp-json\/wp\/v2\/pages\/109\/revisions"}],"wp:attachment":[{"href":"https:\/\/webs.uab.cat\/sti\/es\/wp-json\/wp\/v2\/media?parent=109"}],"curies":[{"name":"wp","href":"https:\/\/api.w.org\/{rel}","templated":true}]}}