{"id":113,"date":"2010-07-06T14:33:12","date_gmt":"2010-07-06T14:33:12","guid":{"rendered":"https:\/\/webs.uab.cat\/sti\/servicios\/"},"modified":"2010-07-06T14:33:12","modified_gmt":"2010-07-06T14:33:12","slug":"servicios","status":"publish","type":"page","link":"https:\/\/webs.uab.cat\/sti\/es\/servicios\/","title":{"rendered":"Servicios"},"content":{"rendered":"<ul>\n<li>\n<p>Captaci\u00f3n y digitalizaci\u00f3n de im\u00e1genes de diferentes tipos (documentos sobre papel, diapositivas, fotograf\u00edas, radiograf\u00edas, muestras de laboratorio, im\u00e1genes microsc\u00f3picas, etc.), sean en blanco y negro o color.<\/p>\n<\/li>\n<li>\n<p>Digitalizaci\u00f3n y edici\u00f3n digital de v\u00eddeo.<\/p>\n<\/li>\n<li>\n<p>Utilizaci\u00f3n de programas de procesamiento y an\u00e1lisis de im\u00e1genes para realizar las aplicaciones (Visilog, ViLi).<\/p>\n<\/li>\n<li>\n<p>Impresi\u00f3n en calidad fotogr\u00e1fica.<\/p>\n<\/li>\n<li>\n<p>Impresi\u00f3n de p\u00f3steres en color, sobre papel normal o fotogr\u00e1fico, hasta un tama\u00f1o DIN-A0+ (pl\u00f3ter de inyecci\u00f3n).<\/p>\n<\/li>\n<li>\n<p>Impresi\u00f3n de p\u00f3steres en color sobre tela.<\/p>\n<\/li>\n<li>\n<p>Impresiones especiales para portadas y publicaciones.<\/p>\n<\/li>\n<li>\n<p>Escaneo de objetos para obtener su modelo digital en 3D <a href=\"http:\/\/www.youtube.com\/watch?v=yg9BAR4EN0s\" target=\"_blank\" rel=\"noopener\">(en este v\u00eddeo pod\u00e9is ver el resultado inicial de un escaneo antes del post-procesamiento)<\/a>.<\/p>\n<\/li>\n<li>\n<p>Impresi\u00f3n de objetos en 3D, obtenidos a partir de un escaneo previo o a partir de un fichero generado usando alg\u00fan editor 3D.<\/p>\n<\/li>\n<li>\n<p>Generaci\u00f3n e impresi\u00f3n de modelos 3D a partir de im\u00e1genes de TAC seriadas, en formato DICOM o con otros con suficiente calidad <a href=\"http:\/\/www.youtube.com\/watch?v=1EmYmDgQ_vA\" target=\"_blank\" rel=\"noopener\">(Ejemplo cerebro en 3D extra\u00eddo de un TAC)<\/a>.<\/p>\n<\/li>\n<li>\n<p>Pago por uso de eyetrackers con soporte b\u00e1sico para montar el experimento.<\/p>\n<\/li>\n<\/ul>\n","protected":false},"excerpt":{"rendered":"<p>Captaci\u00f3n y digitalizaci\u00f3n de im\u00e1genes de diferentes tipos (documentos sobre papel, diapositivas, fotograf\u00edas, radiograf\u00edas, muestras de laboratorio, im\u00e1genes microsc\u00f3picas, etc.), sean en blanco y negro o color. Digitalizaci\u00f3n y edici\u00f3n digital de v\u00eddeo. Utilizaci\u00f3n de programas de procesamiento y an\u00e1lisis de im\u00e1genes para realizar las aplicaciones (Visilog, ViLi). Impresi\u00f3n en calidad fotogr\u00e1fica. Impresi\u00f3n de p\u00f3steres [&hellip;]<\/p>\n","protected":false},"author":20,"featured_media":0,"parent":0,"menu_order":0,"comment_status":"closed","ping_status":"closed","template":"","meta":{"footnotes":""},"class_list":["post-113","page","type-page","status-publish","hentry"],"_links":{"self":[{"href":"https:\/\/webs.uab.cat\/sti\/es\/wp-json\/wp\/v2\/pages\/113","targetHints":{"allow":["GET"]}}],"collection":[{"href":"https:\/\/webs.uab.cat\/sti\/es\/wp-json\/wp\/v2\/pages"}],"about":[{"href":"https:\/\/webs.uab.cat\/sti\/es\/wp-json\/wp\/v2\/types\/page"}],"author":[{"embeddable":true,"href":"https:\/\/webs.uab.cat\/sti\/es\/wp-json\/wp\/v2\/users\/20"}],"replies":[{"embeddable":true,"href":"https:\/\/webs.uab.cat\/sti\/es\/wp-json\/wp\/v2\/comments?post=113"}],"version-history":[{"count":0,"href":"https:\/\/webs.uab.cat\/sti\/es\/wp-json\/wp\/v2\/pages\/113\/revisions"}],"wp:attachment":[{"href":"https:\/\/webs.uab.cat\/sti\/es\/wp-json\/wp\/v2\/media?parent=113"}],"curies":[{"name":"wp","href":"https:\/\/api.w.org\/{rel}","templated":true}]}}