{"id":114,"date":"2010-07-06T14:33:53","date_gmt":"2010-07-06T14:33:53","guid":{"rendered":"https:\/\/webs.uab.cat\/sti\/equipamiento\/"},"modified":"2010-07-06T14:33:53","modified_gmt":"2010-07-06T14:33:53","slug":"equipamiento","status":"publish","type":"page","link":"https:\/\/webs.uab.cat\/sti\/es\/equipamiento\/","title":{"rendered":"Equipamiento"},"content":{"rendered":"<div><img loading=\"lazy\" decoding=\"async\" alt=\"\" height=\"200\" src=\"http:\/\/sct.uab.cat\/sti\/sites\/sct.uab.cat.sti\/files\/images\/fotogeneral3.png\" width=\"493\" \/><\/div>\n<p align=\"center\">&nbsp;<\/p>\n<ul>\n<li>\n<p>Esc\u00e1ner color CREO iQsmart-2 en formato DIN-A3, con 4300 dpi. de resoluci\u00f3n \u00f3ptica y posibilidad de trabajar con originales opacos o transparentes.<\/p>\n<\/li>\n<li>\n<p>Sistema de adquisici\u00f3n y edici\u00f3n de v\u00eddeo digital y anal\u00f3gico MATROX RT-X100, equipado con el software Adobe Premiere.<\/p>\n<\/li>\n<li>\n<p>Software de procesamiento de im\u00e1genes ViLi, Visilog.<\/p>\n<\/li>\n<li>\n<p>Impresora color de inyecci\u00f3n de tinta EPSON 4880 (tipo plotter), con una definici\u00f3n de 2400&#215;1200 ppp. y tama\u00f1o DIN-A2.<\/p>\n<\/li>\n<li>\n<p>Impresora color de gran formato para p\u00f3steres (plotter) EPSON StylusPro 9880, de inyecci\u00f3n de tinta, calidad fotogr\u00e1fica, tama\u00f1o de impresi\u00f3n hasta 112cm de ancho y posibilidad de trabajar en una amplia gama de soportes (papel normal, fotogr\u00e1fico, vinilo, canvas, &#8230;)<\/p>\n<\/li>\n<li>\n<p>Impresora color de gran formato para p\u00f3steres (plotter) EPSON StylusPro 9900, de inyecci\u00f3n de tinta, calidad fotogr\u00e1fica, tama\u00f1o de impresi\u00f3n hasta 112cm de ancho y posibilidad de trabajar en una amplia gama de soportes (papel normal, fotogr\u00e1fico, vinilo, canvas, &#8230;)<\/p>\n<\/li>\n<li>\n<p>Laminadora en caliente IBC B33F23 de tama\u00f1o A3+.<\/p>\n<\/li>\n<li>\n<p>Laminadora en fr\u00edo SEAL 40 de 1000cm de ancho.<\/p>\n<\/li>\n<li>\n<p>Esc\u00e1ner digitalizador 3D KONICA MINOLTA VIVID 9i. <a href=\"http:\/\/sct.uab.cat\/sti\/es\/content\/escaneo-3d\" target=\"_self\" rel=\"noopener\">M\u00e1s informaci\u00f3n<\/a>.<\/p>\n<\/li>\n<li>\n<p>Impresora 3D ZCORPORATION Zprinter 450. <a href=\"http:\/\/sct.uab.cat\/sti\/es\/content\/impresi%C3%B3n-3d\" target=\"_self\" rel=\"noopener\">M\u00e1s informaci\u00f3<\/a><a href=\"http:\/\/www.zcorp.com\/en\/Solutions\/Rapid-Prototypes---CAD\/spage.aspx\">n. <\/a><\/p>\n<\/li>\n<li>\n<p>Impresora 3D LEAPFROG Creatr <a _self=\"\" href=\"http:\/\/www.lpfrg.com\/3d-printing\/compare-3d-printers\">M\u00e1s informaci\u00f3n<\/a><a href=\"http:\/\/www.lpfrg.com\/3d-printing\/compare-3d-printers\">. <\/a><\/p>\n<\/li>\n<li>\n<p>Impresora 3D LEAPFROG Bolt <a _self=\"\" href=\"http:\/\/www.lpfrg.com\/3d-printing\/compare-3d-printers\">M\u00e1s informaci\u00f3n<\/a><a href=\"http:\/\/www.lpfrg.com\/3d-printing\/compare-3d-printers\">. <\/a><\/p>\n<\/li>\n<li>\n<p>Impresora 3D TIERTIME UPBOX <a _self=\"\" href=\"https:\/\/www.tiertime.com\/up-box-plus\/\">M\u00e1s informaci\u00f3n<\/a><a href=\"http:\/\/www.lpfrg.com\/3d-printing\/compare-3d-printers\">. <\/a><\/p>\n<\/li>\n<li>\n<p>Software de edici\u00f3n 3D Rapidform XOS scan.<\/p>\n<\/li>\n<li>\n<p>Eyetracker SMI RED.<\/p>\n<\/li>\n<li>\n<p>Eyetracker SMI Glasses.<\/p>\n<\/li>\n<\/ul>\n","protected":false},"excerpt":{"rendered":"<p>&nbsp; Esc\u00e1ner color CREO iQsmart-2 en formato DIN-A3, con 4300 dpi. de resoluci\u00f3n \u00f3ptica y posibilidad de trabajar con originales opacos o transparentes. Sistema de adquisici\u00f3n y edici\u00f3n de v\u00eddeo digital y anal\u00f3gico MATROX RT-X100, equipado con el software Adobe Premiere. Software de procesamiento de im\u00e1genes ViLi, Visilog. Impresora color de inyecci\u00f3n de tinta EPSON [&hellip;]<\/p>\n","protected":false},"author":20,"featured_media":0,"parent":0,"menu_order":0,"comment_status":"closed","ping_status":"closed","template":"","meta":{"footnotes":""},"class_list":["post-114","page","type-page","status-publish","hentry"],"_links":{"self":[{"href":"https:\/\/webs.uab.cat\/sti\/es\/wp-json\/wp\/v2\/pages\/114","targetHints":{"allow":["GET"]}}],"collection":[{"href":"https:\/\/webs.uab.cat\/sti\/es\/wp-json\/wp\/v2\/pages"}],"about":[{"href":"https:\/\/webs.uab.cat\/sti\/es\/wp-json\/wp\/v2\/types\/page"}],"author":[{"embeddable":true,"href":"https:\/\/webs.uab.cat\/sti\/es\/wp-json\/wp\/v2\/users\/20"}],"replies":[{"embeddable":true,"href":"https:\/\/webs.uab.cat\/sti\/es\/wp-json\/wp\/v2\/comments?post=114"}],"version-history":[{"count":0,"href":"https:\/\/webs.uab.cat\/sti\/es\/wp-json\/wp\/v2\/pages\/114\/revisions"}],"wp:attachment":[{"href":"https:\/\/webs.uab.cat\/sti\/es\/wp-json\/wp\/v2\/media?parent=114"}],"curies":[{"name":"wp","href":"https:\/\/api.w.org\/{rel}","templated":true}]}}