{"id":123,"date":"2010-07-06T14:43:47","date_gmt":"2010-07-06T14:43:47","guid":{"rendered":"https:\/\/webs.uab.cat\/sti\/impresion-3d\/"},"modified":"2010-07-06T14:43:47","modified_gmt":"2010-07-06T14:43:47","slug":"impresion-3d","status":"publish","type":"page","link":"https:\/\/webs.uab.cat\/sti\/es\/impresion-3d\/","title":{"rendered":"Impresi\u00f3n 3D"},"content":{"rendered":"<div><img loading=\"lazy\" decoding=\"async\" src=\"http:\/\/sct.uab.cat\/sti\/sites\/sct.uab.cat.sti\/files\/images\/z450ES.jpg\" alt=\"\" height=\"184\" width=\"482\"><\/div>\n<ul>\n<li>\n<p>La composici\u00f3n exacta del material del que est\u00e1n hechas las impresiones solo la conoce el fabricante, pero el material inicial es parecido al yeso en polvo y la figura resultante tendr\u00e1 una resistencia similar a la cer\u00e1mica. Son maquetas, si caen al suelo se rompen.<\/p>\n<\/li>\n<\/ul>\n<ul>\n<li>\n<p>La caracter\u00edstica b\u00e1sica de esta clase de impresora es el hecho de que imprime en color, las figuras ya salen directamente de la impresora pintadas, adem\u00e1s, el coste por pieza es inferior al de otros tipos de impresi\u00f3n.<\/p>\n<\/li>\n<\/ul>\n<ul>\n<li>\n<p>La cubeta donde se realizan las impresiones tiene una medida aproximada de 8 pulgadas c\u00fabicas (unos 20 cent\u00edmetros por cada uno de los 3 ejes de coordenadas) esta, pues ser\u00e1 la medida m\u00e1xima que podremos imprimir de una sola vez. La medida m\u00ednima est\u00e1 m\u00e1s limitada por la resist\u00e9ncia del material que no por lo que es capaz la impresora, no se recomienda hacer nada m\u00e1s peque\u00f1o de 3mm de grosor o al menos, se ha de ser conciente de que es muy posible que en todo el proceso de impresi\u00f3n estas partes se puedan romper.<\/p>\n<\/li>\n<\/ul>\n<ul>\n<li>\n<p>La impresora soporta los siguientes formatos de archivo:<\/p>\n<ul>\n<li>\n<p>DeskArtes (*.3de)<\/p>\n<\/li>\n<li>\n<p>STL (*.stl, *.astl, *.ast)<\/p>\n<\/li>\n<li>\n<p>VRML (*.wrl)<\/p>\n<\/li>\n<li>\n<p>Z coporation (*.zpr)<\/p>\n<\/li>\n<\/ul>\n<\/li>\n<\/ul>\n<ul>\n<li>\n<p>Normalmente los programas de edici\u00f3n 3D guardan los archivos en un formato propio pero seguro que tienen la posibilidad de exportar a alguno de los formatos citados ya que son est\u00e1ndares libres, a malas se podr\u00eda usar un programa intermedio para hacer el cambio de formato pero esto puede suponer perdida de calidad en la malla 3D. Como servicio paralelo ofrecemos la posibilidad de convertir a 3D im\u00e1genes TAC seriadas en formato DICOM o con otros formatos con calidad suficiente <a href=\"http:\/\/www.youtube.com\/watch?v=1EmYmDgQ_vA\" target=\"_blank\" rel=\"noopener\">(Ejemplo cerebro en 3D extra\u00eddo de un TAC)<\/a>.<\/p>\n<\/li>\n<\/ul>\n<ul>\n<li>\n<p>De los formatos de archivo citados  solo VRML soporta color, por lo tanto, si se quiere una impresi\u00f3n en color se deber\u00e1 traer en este formato. VRML lleva los colores b\u00e1sicos incrustados en el archivo, pero si hemos usado texturas estas se almacenan en un archivo paralelo .jpg que deberemos traer junto con el VRML.<\/p>\n<\/li>\n<\/ul>\n<ul>\n<li>\n<p>El tiempo de impresi\u00f3n ser\u00e1 muy variable dependiendo de la estructura y el tama\u00f1o de la pieza. La impresi\u00f3n en si va a una velocidad de unos 10mm de altura\/hora, pero esta figura despu\u00e9s de imprimirse se ha de extraer de la impresora (cuanto m\u00e1s fr\u00e1gil m\u00e1s costar\u00e1) y para darle resistencia, se ha de impregnar con un l\u00edquido, el tiempo de secado del cual ser\u00e1 muy variable, seg\u00fan el volumen de la pieza puede estar m\u00e1s de un d\u00eda sec\u00e1ndose.<\/p>\n<\/li>\n<\/ul>\n<ul>\n<li>\n<p>Pod\u00e9is ver las caracter\u00edsticas t\u00e9cnicas de la impresora en su <a href=\"http:\/\/www.zcorp.com\/en\/Products\/3D-Printers\/ZPrinter-450\/spage.aspx\" target=\"_blank\" rel=\"noopener\">Ficha t\u00e9cnica<\/a>.<\/p>\n<\/li>\n<\/ul>\n<ul>\n<li>\n<p>Ejemplos de objetos impresos:<\/p>\n<ul>\n<li> <a href=\"http:\/\/sct.uab.cat\/sti\/sites\/sct.uab.cat.sti\/files\/images\/122_007.jpg\" target=\"_blank\" rel=\"noopener\"><img loading=\"lazy\" decoding=\"async\" src=\"http:\/\/sct.uab.cat\/sti\/sites\/sct.uab.cat.sti\/files\/images\/122_007PET.jpg\" alt=\"En gran fent click\" border=\"0\" height=\"62\" width=\"70\"><\/a> <a href=\"http:\/\/sct.uab.cat\/sti\/sites\/sct.uab.cat.sti\/files\/images\/155_002.jpg\" target=\"_blank\" rel=\"noopener\"><img loading=\"lazy\" decoding=\"async\" src=\"http:\/\/sct.uab.cat\/sti\/sites\/sct.uab.cat.sti\/files\/images\/155_002PET.jpg\" alt=\"En gran fent click\" border=\"0\" height=\"65\" width=\"70\"><\/a> <a href=\"http:\/\/sct.uab.cat\/sti\/sites\/sct.uab.cat.sti\/files\/images\/407_003.jpg\" target=\"_blank\" rel=\"noopener\"><img loading=\"lazy\" decoding=\"async\" src=\"http:\/\/sct.uab.cat\/sti\/sites\/sct.uab.cat.sti\/files\/images\/407_003PET.jpg\" alt=\"En gran fent click\" border=\"0\" height=\"48\" width=\"70\"><\/a> <a href=\"http:\/\/sct.uab.cat\/sti\/sites\/sct.uab.cat.sti\/files\/images\/83_018.jpg\" target=\"_blank\" rel=\"noopener\"><img loading=\"lazy\" decoding=\"async\" src=\"http:\/\/sct.uab.cat\/sti\/sites\/sct.uab.cat.sti\/files\/images\/83_018PET.jpg\" alt=\"En gran fent click\" border=\"0\" height=\"67\" width=\"70\"><\/a> <a href=\"http:\/\/sct.uab.cat\/sti\/sites\/sct.uab.cat.sti\/files\/images\/410_004.jpg\" target=\"_blank\" rel=\"noopener\"><img loading=\"lazy\" decoding=\"async\" src=\"http:\/\/sct.uab.cat\/sti\/sites\/sct.uab.cat.sti\/files\/images\/410_004PET.jpg\" alt=\"En gran fent click\" border=\"0\" height=\"39\" width=\"70\"><\/a> <a href=\"http:\/\/sct.uab.cat\/sti\/sites\/sct.uab.cat.sti\/files\/images\/Dibujo.jpg\" target=\"_blank\" rel=\"noopener\"><img loading=\"lazy\" decoding=\"async\" src=\"http:\/\/sct.uab.cat\/sti\/sites\/sct.uab.cat.sti\/files\/images\/DibujoPET.jpg\" alt=\"En gran fent click\" border=\"0\" height=\"47\" width=\"70\"><\/a> <a href=\"http:\/\/sct.uab.cat\/sti\/sites\/sct.uab.cat.sti\/files\/images\/295_005.jpg\" target=\"_blank\" rel=\"noopener\"><img loading=\"lazy\" decoding=\"async\" src=\"http:\/\/sct.uab.cat\/sti\/sites\/sct.uab.cat.sti\/files\/images\/295_005PET.jpg\" alt=\"En gran fent click\" border=\"0\" height=\"56\" width=\"70\"><\/a> <a href=\"http:\/\/sct.uab.cat\/sti\/sites\/sct.uab.cat.sti\/files\/images\/292_004.jpg\" target=\"_blank\" rel=\"noopener\"><img loading=\"lazy\" decoding=\"async\" src=\"http:\/\/sct.uab.cat\/sti\/sites\/sct.uab.cat.sti\/files\/images\/292_004PET.jpg\" alt=\"En gran fent click\" border=\"0\" height=\"40\" width=\"70\"><\/a> <a href=\"http:\/\/sct.uab.cat\/sti\/sites\/sct.uab.cat.sti\/files\/images\/283_001.jpg\" target=\"_blank\" rel=\"noopener\"><img loading=\"lazy\" decoding=\"async\" src=\"http:\/\/sct.uab.cat\/sti\/sites\/sct.uab.cat.sti\/files\/images\/283_001PET.jpg\" alt=\"En gran fent click\" border=\"0\" height=\"36\" width=\"70\"><\/a> <\/li>\n<\/ul>\n<\/li>\n<\/ul>\n<p><\/p>\n","protected":false},"excerpt":{"rendered":"<p>La composici\u00f3n exacta del material del que est\u00e1n hechas las impresiones solo la conoce el fabricante, pero el material inicial es parecido al yeso en polvo y la figura resultante tendr\u00e1 una resistencia similar a la cer\u00e1mica. Son maquetas, si caen al suelo se rompen. La caracter\u00edstica b\u00e1sica de esta clase de impresora es el [&hellip;]<\/p>\n","protected":false},"author":20,"featured_media":0,"parent":0,"menu_order":0,"comment_status":"closed","ping_status":"closed","template":"","meta":{"footnotes":""},"class_list":["post-123","page","type-page","status-publish","hentry"],"_links":{"self":[{"href":"https:\/\/webs.uab.cat\/sti\/es\/wp-json\/wp\/v2\/pages\/123","targetHints":{"allow":["GET"]}}],"collection":[{"href":"https:\/\/webs.uab.cat\/sti\/es\/wp-json\/wp\/v2\/pages"}],"about":[{"href":"https:\/\/webs.uab.cat\/sti\/es\/wp-json\/wp\/v2\/types\/page"}],"author":[{"embeddable":true,"href":"https:\/\/webs.uab.cat\/sti\/es\/wp-json\/wp\/v2\/users\/20"}],"replies":[{"embeddable":true,"href":"https:\/\/webs.uab.cat\/sti\/es\/wp-json\/wp\/v2\/comments?post=123"}],"version-history":[{"count":0,"href":"https:\/\/webs.uab.cat\/sti\/es\/wp-json\/wp\/v2\/pages\/123\/revisions"}],"wp:attachment":[{"href":"https:\/\/webs.uab.cat\/sti\/es\/wp-json\/wp\/v2\/media?parent=123"}],"curies":[{"name":"wp","href":"https:\/\/api.w.org\/{rel}","templated":true}]}}