{"id":124,"date":"2010-06-22T16:25:15","date_gmt":"2010-06-22T16:25:15","guid":{"rendered":"https:\/\/webs.uab.cat\/sti\/escaneo-3d\/"},"modified":"2010-07-06T14:44:10","modified_gmt":"2010-07-06T14:44:10","slug":"escaneo-3d","status":"publish","type":"page","link":"https:\/\/webs.uab.cat\/sti\/es\/escaneo-3d\/","title":{"rendered":"Escaneo 3D"},"content":{"rendered":"<p><img loading=\"lazy\" decoding=\"async\" src=\"http:\/\/sct.uab.cat\/sti\/sites\/sct.uab.cat.sti\/files\/images\/vividES.jpg\" alt=\"\" height=\"184\" width=\"482\"><\/p>\n<ul>\n<li>\n<p>Quiz\u00e1 la caracter\u00edstica m\u00e1s destacable de este esc\u00e1ner, respecto otros esc\u00e1neres 3D, es que este es capaz de capturar las texturas\/colores del objeto que est\u00e1 digitalizando.<\/p>\n<\/li>\n<\/ul>\n<ul>\n<li>\n<p>Cuanto m\u00e1s complicada sea la figura m\u00e1s dif\u00edcil ser\u00e1 hacerle una r\u00e9plica exacta y m\u00e1s tiempo de post-procesamiento necesitar\u00e1. Se puede llegar al extremo de que una figura sea muy complicada, que tenga muchos puntos ciegos para el l\u00e1ser del esc\u00e1ner y no sea posible digitalizarla.<\/p>\n<\/li>\n<\/ul>\n<ul>\n<li>\n<p>Del esc\u00e1ner no obtenemos una digitalizaci\u00f3n inmediata del objeto que le ponemos delante, obtenemos una nube de puntos de las diferentes caras, llamamos post-procesamiento a todos los pasos necesarios para obtener una copia digital a partir de estas nubes de puntos de cada una de las caras <a href=\"http:\/\/www.youtube.com\/watch?v=yg9BAR4EN0s\" target=\"_blank\" rel=\"noopener\">(en este v\u00eddeo pod\u00e9is ver el resultado inicial de un escaneo antes del post-procesamiento)<\/a>.<\/p>\n<\/li>\n<\/ul>\n<ul>\n<li>\n<p>Si hablamos de las texturas, tal y como hemos dicho, las r\u00e9plicas las obtenemos de la uni\u00f3n de diferentes caras, de manera que, la iluminaci\u00f3n ambiental influir\u00e1 mucho en la homogeneidad de las texturas y es muy dif\u00edcil que sea perfecta. A dem\u00e1s, la c\u00e1mara que incorpora el esc\u00e1ner no tiene una resoluci\u00f3n muy alta.<\/p>\n<\/li>\n<\/ul>\n<ul>\n<li>\n<p>Podemos ver las caracter\u00edsticas t\u00e9cnicas del esc\u00e1ner en su <a href=\"http:\/\/www.konicaminolta.com\/sensingusa\/products\/3d\/non-contact\/vivid9i\/specifications.html\" target=\"_blank\" rel=\"noopener\">Ficha t\u00e9cnica.<\/a><\/p>\n<\/li>\n<\/ul>\n<ul>\n<li>\n<p>No es posible escanear cualquier cosa, los objetos brillantes (reflectantes) hacen que el l\u00e1ser rebote y el esc\u00e1ner sea incapaz de ver nada.<\/p>\n<\/li>\n<li>\n<p><a href=\"http:\/\/sct.uab.cat\/sti\/sites\/sct.uab.cat.sti\/files\/3d.rar\" target=\"_blank\" rel=\"noopener\">Ejemplo de objeto digitalizado<\/a> (es necesario usar internet explorer y aceptar la instalaci\u00f3n del plugin).<\/p>\n<\/li>\n<\/ul>\n","protected":false},"excerpt":{"rendered":"<p>Quiz\u00e1 la caracter\u00edstica m\u00e1s destacable de este esc\u00e1ner, respecto otros esc\u00e1neres 3D, es que este es capaz de capturar las texturas\/colores del objeto que est\u00e1 digitalizando. Cuanto m\u00e1s complicada sea la figura m\u00e1s dif\u00edcil ser\u00e1 hacerle una r\u00e9plica exacta y m\u00e1s tiempo de post-procesamiento necesitar\u00e1. Se puede llegar al extremo de que una figura sea [&hellip;]<\/p>\n","protected":false},"author":20,"featured_media":0,"parent":0,"menu_order":0,"comment_status":"closed","ping_status":"closed","template":"","meta":{"footnotes":""},"class_list":["post-124","page","type-page","status-publish","hentry"],"_links":{"self":[{"href":"https:\/\/webs.uab.cat\/sti\/es\/wp-json\/wp\/v2\/pages\/124","targetHints":{"allow":["GET"]}}],"collection":[{"href":"https:\/\/webs.uab.cat\/sti\/es\/wp-json\/wp\/v2\/pages"}],"about":[{"href":"https:\/\/webs.uab.cat\/sti\/es\/wp-json\/wp\/v2\/types\/page"}],"author":[{"embeddable":true,"href":"https:\/\/webs.uab.cat\/sti\/es\/wp-json\/wp\/v2\/users\/20"}],"replies":[{"embeddable":true,"href":"https:\/\/webs.uab.cat\/sti\/es\/wp-json\/wp\/v2\/comments?post=124"}],"version-history":[{"count":0,"href":"https:\/\/webs.uab.cat\/sti\/es\/wp-json\/wp\/v2\/pages\/124\/revisions"}],"wp:attachment":[{"href":"https:\/\/webs.uab.cat\/sti\/es\/wp-json\/wp\/v2\/media?parent=124"}],"curies":[{"name":"wp","href":"https:\/\/api.w.org\/{rel}","templated":true}]}}