{"id":127,"date":"2010-07-06T14:46:52","date_gmt":"2010-07-06T14:46:52","guid":{"rendered":"https:\/\/webs.uab.cat\/sti\/tutoriales\/"},"modified":"2010-07-06T14:46:52","modified_gmt":"2010-07-06T14:46:52","slug":"tutoriales","status":"publish","type":"page","link":"https:\/\/webs.uab.cat\/sti\/es\/tutoriales\/","title":{"rendered":"Tutoriales"},"content":{"rendered":"<ul>\n<li>\n<p>Documento pdf de como hacer las <strong>portadas<\/strong> de la tesis:<\/p>\n<ul>\n<li><a href=\"http:\/\/sct.uab.cat\/sti\/sites\/sct.uab.cat.sti\/files\/tuto-portades.pdf\" target=\"_blank\" rel=\"noopener\">En Castellano<\/a><\/li>\n<li>\n<p><a href=\"http:\/\/sct.uab.cat\/sti\/sites\/sct.uab.cat.sti\/files\/tuto-portades.pdf\" target=\"_blank\" rel=\"noopener\">En Catal\u00e0<\/a> (com fer les <strong>portades<\/strong> de la tesis)<\/p>\n<\/li>\n<li>\n<p><a href=\"http:\/\/sct.uab.cat\/sti\/sites\/sct.uab.cat.sti\/files\/tuto-portades.pdf\" target=\"_blank\" rel=\"noopener\">In English<\/a> (How to do thesis&#8217; <strong>cover<\/strong>)<\/p>\n<\/li>\n<\/ul>\n<\/li>\n<\/ul>\n<ul>\n<li>\n<p><a href=\"http:\/\/sct.uab.cat\/sti\/sites\/sct.uab.cat.sti\/files\/exempleportada.ppt\">Plantilla<\/a> <strong>portada ejemplo<\/strong> en Powepoint.<\/p>\n<\/li>\n<\/ul>\n<ul>\n<li>\n<p>Documento pdf de como realizar un pdf del <strong>p\u00f3ster<\/strong> para ver posibles problemas de impresi\u00f3n :<\/p>\n<ul>\n<li><a href=\"http:\/\/sct.uab.cat\/sti\/sites\/sct.uab.cat.sti\/files\/Convertir_PDF-ESP.pdf\" target=\"_top\" rel=\"noopener\">En Castellano<\/a><\/li>\n<li>\n<p><a href=\"http:\/\/sct.uab.cat\/sti\/sites\/sct.uab.cat.sti\/files\/Convertir_PDF-CAT.pdf\" target=\"_blank\" rel=\"noopener\">En Catal\u00e0<\/a> (convertir un <strong>p\u00f2ster<\/strong> a pdf per a previsualitzar possibles problemes d&#8217;impressi\u00f3)<\/p>\n<\/li>\n<\/ul>\n<\/li>\n<\/ul>\n<ul>\n<li>\n<p>Consejos para realizar <strong>p\u00f3steres<\/strong>:<\/p>\n<ul>\n<li>\n<p>La tama\u00f1o m\u00e1ximo de impresi\u00f3n de un documento powerpoint  2003 son 135cm de largo, powerpoint deja crear documentos de 142cm pero  no se imprimir\u00e1n enteros.<\/p>\n<\/li>\n<li>\n<p>Las transparencias <strong>realizadas con powerpoint<\/strong> no se imprimen correctamente, al realizar el pdf observareis como las  transparencias salen entramadas (punteadas) y as\u00ed es como  se imprimir\u00e1n, se recomienda usar colores sin transparencias o  realizarlas a parte (p.e. generar una imagen con Photoshop).<\/p>\n<\/li>\n<li>\n<p>B\u00e1sicamente disponemos de dos anchos de papel (90cm y  105cm), si bien es cierto que las medidas exigidas en los congresos son muy  variables, si una de las dos medidas de vuestro p\u00f3ster (la horizontal o  la vertical) se ajusta a alguna de estas medidas, lo podremos imprimir mucho  m\u00e1s r\u00e1pido.<\/p>\n<\/li>\n<li>\n<p>Si us\u00e1is una fuente (tipograf\u00eda, tipo de letra) <strong>no habitual<\/strong> en vuestro p\u00f3ster traedla para que podamos instalarla, sino la letra se ver\u00e1 diferente a como pretend\u00e9is.<\/p>\n<\/li>\n<li>\n<p>El formato digital m\u00e1s habitual para un p\u00f3ster es el  Powerpoint 2003, pero tambi\u00e9n se pueden imprimir documentos en Powerpoint  2007, PDF&#8217;s, CorelDraw12, im\u00e1genes y documentos Photoshop, pero siempre que  tengan la calidad y\/o tama\u00f1o suficiente.<\/p>\n<\/li>\n<li>\n<p>Para la impresi\u00f3n en soportes especiales (vinilo, canvas&#8230;) consultar primero la disponibilidad.<\/p>\n<\/li>\n<\/ul>\n<\/li>\n<\/ul>\n<ul>\n<li>\n<p>Para imprimir objetos 3D a partir de un fichero digital estos se han de traer en alguno de estos formatos:<\/p>\n<ul>\n<li>\n<p>DeskArtes (*.3de)<\/p>\n<\/li>\n<li>\n<p>STL (*.stl, *.astl, *.ast)<\/p>\n<\/li>\n<li>\n<p>VRML (*.wrl)<\/p>\n<\/li>\n<li>\n<p>Z coporation (*.zpr)<\/p>\n<\/li>\n<\/ul>\n<\/li>\n<\/ul>\n","protected":false},"excerpt":{"rendered":"<p>Documento pdf de como hacer las portadas de la tesis: En Castellano En Catal\u00e0 (com fer les portades de la tesis) In English (How to do thesis&#8217; cover) Plantilla portada ejemplo en Powepoint. Documento pdf de como realizar un pdf del p\u00f3ster para ver posibles problemas de impresi\u00f3n : En Castellano En Catal\u00e0 (convertir un [&hellip;]<\/p>\n","protected":false},"author":20,"featured_media":0,"parent":0,"menu_order":0,"comment_status":"closed","ping_status":"closed","template":"","meta":{"footnotes":""},"class_list":["post-127","page","type-page","status-publish","hentry"],"_links":{"self":[{"href":"https:\/\/webs.uab.cat\/sti\/es\/wp-json\/wp\/v2\/pages\/127","targetHints":{"allow":["GET"]}}],"collection":[{"href":"https:\/\/webs.uab.cat\/sti\/es\/wp-json\/wp\/v2\/pages"}],"about":[{"href":"https:\/\/webs.uab.cat\/sti\/es\/wp-json\/wp\/v2\/types\/page"}],"author":[{"embeddable":true,"href":"https:\/\/webs.uab.cat\/sti\/es\/wp-json\/wp\/v2\/users\/20"}],"replies":[{"embeddable":true,"href":"https:\/\/webs.uab.cat\/sti\/es\/wp-json\/wp\/v2\/comments?post=127"}],"version-history":[{"count":0,"href":"https:\/\/webs.uab.cat\/sti\/es\/wp-json\/wp\/v2\/pages\/127\/revisions"}],"wp:attachment":[{"href":"https:\/\/webs.uab.cat\/sti\/es\/wp-json\/wp\/v2\/media?parent=127"}],"curies":[{"name":"wp","href":"https:\/\/api.w.org\/{rel}","templated":true}]}}