{"id":128,"date":"2010-06-22T16:26:37","date_gmt":"2010-06-22T16:26:37","guid":{"rendered":"https:\/\/webs.uab.cat\/sti\/posteres\/"},"modified":"2010-07-06T14:48:27","modified_gmt":"2010-07-06T14:48:27","slug":"posteres","status":"publish","type":"page","link":"https:\/\/webs.uab.cat\/sti\/es\/posteres\/","title":{"rendered":"P\u00f3steres"},"content":{"rendered":"<ul>\n<li>\n<p>Documento pdf de como realizar un pdf del <strong>p\u00f3ster<\/strong> para ver posibles problemas de impresi\u00f3n :<\/p>\n<ul>\n<li><a href=\"http:\/\/sct.uab.cat\/sti\/sites\/sct.uab.cat.sti\/files\/Convertir_PDF-ESP.pdf\" target=\"_top\" rel=\"noopener\">En Castellano<\/a><\/li>\n<li>\n<p><a href=\"http:\/\/sct.uab.cat\/sti\/sites\/sct.uab.cat.sti\/files\/Convertir_PDF-CAT.pdf\" target=\"_blank\" rel=\"noopener\">En Catal\u00e0<\/a> (convertir un <strong>p\u00f2ster<\/strong> a pdf per a previsualitzar possibles problemes d&#8217;impressi\u00f3)<\/p>\n<\/li>\n<\/ul>\n<\/li>\n<\/ul>\n<ul>\n<li>\n<p>Consejos para realizar <strong>p\u00f3steres<\/strong>:<\/p>\n<ul>\n<li>\n<p>La tama\u00f1o m\u00e1ximo de impresi\u00f3n de un documento powerpoint  2003 son 135cm de largo, powerpoint deja crear documentos de 142cm pero  no se imprimir\u00e1n enteros.<\/p>\n<\/li>\n<li>\n<p>Las transparencias <strong>realizadas con powerpoint<\/strong> no se imprimen correctamente, al realizar el pdf observareis como las  transparencias salen entramadas (punteadas) y as\u00ed es como  se imprimir\u00e1n, se recomienda usar colores sin transparencias o  realizarlas a parte (p.e. generar una imagen con Photoshop).<\/p>\n<\/li>\n<li>\n<p>B\u00e1sicamente disponemos de dos anchos de papel (90cm y  105cm), si bien es cierto que las medidas exigidas en los congresos son muy  variables, si una de las dos medidas de vuestro p\u00f3ster (la horizontal o  la vertical) se ajusta a alguna de estas medidas, lo podremos imprimir mucho  m\u00e1s r\u00e1pido.<\/p>\n<\/li>\n<li>\n<p>Si us\u00e1is una fuente (tipograf\u00eda, tipo de letra) <strong>no habitual<\/strong> en vuestro p\u00f3ster traedla para que podamos instalarla, sino la letra se ver\u00e1 diferente a como pretend\u00e9is.<\/p>\n<\/li>\n<li>\n<p>El formato digital m\u00e1s habitual para un p\u00f3ster es el  Powerpoint 2003, pero tambi\u00e9n se pueden imprimir documentos en Powerpoint  2007, PDF&#8217;s, CorelDraw12, im\u00e1genes y documentos Photoshop, pero siempre que  tengan la calidad y\/o tama\u00f1o suficiente.<\/p>\n<\/li>\n<li>\n<p>Para la impresi\u00f3n en soportes especiales (vinilo, canvas&#8230;) consultar primero la disponibilidad.<\/p>\n<\/li>\n<\/ul>\n<\/li>\n<\/ul>\n","protected":false},"excerpt":{"rendered":"<p>Documento pdf de como realizar un pdf del p\u00f3ster para ver posibles problemas de impresi\u00f3n : En Castellano En Catal\u00e0 (convertir un p\u00f2ster a pdf per a previsualitzar possibles problemes d&#8217;impressi\u00f3) Consejos para realizar p\u00f3steres: La tama\u00f1o m\u00e1ximo de impresi\u00f3n de un documento powerpoint 2003 son 135cm de largo, powerpoint deja crear documentos de 142cm [&hellip;]<\/p>\n","protected":false},"author":20,"featured_media":0,"parent":0,"menu_order":0,"comment_status":"closed","ping_status":"closed","template":"","meta":{"footnotes":""},"class_list":["post-128","page","type-page","status-publish","hentry"],"_links":{"self":[{"href":"https:\/\/webs.uab.cat\/sti\/es\/wp-json\/wp\/v2\/pages\/128","targetHints":{"allow":["GET"]}}],"collection":[{"href":"https:\/\/webs.uab.cat\/sti\/es\/wp-json\/wp\/v2\/pages"}],"about":[{"href":"https:\/\/webs.uab.cat\/sti\/es\/wp-json\/wp\/v2\/types\/page"}],"author":[{"embeddable":true,"href":"https:\/\/webs.uab.cat\/sti\/es\/wp-json\/wp\/v2\/users\/20"}],"replies":[{"embeddable":true,"href":"https:\/\/webs.uab.cat\/sti\/es\/wp-json\/wp\/v2\/comments?post=128"}],"version-history":[{"count":0,"href":"https:\/\/webs.uab.cat\/sti\/es\/wp-json\/wp\/v2\/pages\/128\/revisions"}],"wp:attachment":[{"href":"https:\/\/webs.uab.cat\/sti\/es\/wp-json\/wp\/v2\/media?parent=128"}],"curies":[{"name":"wp","href":"https:\/\/api.w.org\/{rel}","templated":true}]}}