{"id":146,"date":"2019-05-28T09:53:50","date_gmt":"2019-05-28T09:53:50","guid":{"rendered":"https:\/\/webs.uab.cat\/sti\/tarifas\/"},"modified":"2019-05-28T10:52:05","modified_gmt":"2019-05-28T10:52:05","slug":"tarifas","status":"publish","type":"page","link":"https:\/\/webs.uab.cat\/sti\/es\/tarifas\/","title":{"rendered":"Tarifas"},"content":{"rendered":"<div class=\"region region-content\">\n<div class=\"block block-system clearfix\" id=\"block-system-main\">\n<div class=\"content\">\n<article class=\"node node-page ca clearfix\" id=\"node-172\">\n<div class=\"node-main-content full-width\">\n<div class=\"content\">\n<div class=\"field field-name-body field-type-text-with-summary field-label-hidden\">\n<div class=\"field-items\">\n<div class=\"field-item even\">\n<p>&nbsp;<\/p>\n<p>Descarga el archivo con las tarifas <a href=\"https:\/\/webs.uab.cat\/sti\/wp-content\/uploads\/sites\/180\/2021\/01\/document_tarifes_2021_vd.pdf\">aqu\u00ed<\/a><\/p>\n<p>&nbsp;<\/p>\n<p><strong>*Tipos de tarifas:<\/strong><\/p>\n<p><strong>Interna: <\/strong>Usuario de un grupo de investigaci\u00f3n de la UAB con un proyecto propio o proyecto colaborativo.<\/p>\n<p><strong>Mixta 1A:<\/strong> Usuario de un grupo de investigaci\u00f3n de la UAB con un proyecto contratado o proyecto externo.<\/p>\n<p><strong>Mixta 1B:<\/strong> Usuario del Parc de Recerca UAB. Entidades hospitalarias, Centros, Institutos PRUAB y Empresas UAB.<\/p>\n<p><strong>Mixta 2:<\/strong> Usuario del Parc de Recerca UAB. Empresas PRUAB y Entidades UABCEI<\/p>\n<p><strong>Externa:<\/strong> Usuario externo. Entidad o empresa externa.<\/p>\n<\/div>\n<\/div>\n<\/div>\n<\/div>\n<\/div>\n<\/article>\n<\/div>\n<\/div>\n<\/div>\n","protected":false},"excerpt":{"rendered":"<p>&nbsp; Descarga el archivo con las tarifas aqu\u00ed &nbsp; *Tipos de tarifas: Interna: Usuario de un grupo de investigaci\u00f3n de la UAB con un proyecto propio o proyecto colaborativo. Mixta 1A: Usuario de un grupo de investigaci\u00f3n de la UAB con un proyecto contratado o proyecto externo. Mixta 1B: Usuario del Parc de Recerca UAB. [&hellip;]<\/p>\n","protected":false},"author":20,"featured_media":0,"parent":0,"menu_order":0,"comment_status":"closed","ping_status":"closed","template":"","meta":{"footnotes":""},"class_list":["post-146","page","type-page","status-publish","hentry"],"_links":{"self":[{"href":"https:\/\/webs.uab.cat\/sti\/es\/wp-json\/wp\/v2\/pages\/146","targetHints":{"allow":["GET"]}}],"collection":[{"href":"https:\/\/webs.uab.cat\/sti\/es\/wp-json\/wp\/v2\/pages"}],"about":[{"href":"https:\/\/webs.uab.cat\/sti\/es\/wp-json\/wp\/v2\/types\/page"}],"author":[{"embeddable":true,"href":"https:\/\/webs.uab.cat\/sti\/es\/wp-json\/wp\/v2\/users\/20"}],"replies":[{"embeddable":true,"href":"https:\/\/webs.uab.cat\/sti\/es\/wp-json\/wp\/v2\/comments?post=146"}],"version-history":[{"count":0,"href":"https:\/\/webs.uab.cat\/sti\/es\/wp-json\/wp\/v2\/pages\/146\/revisions"}],"wp:attachment":[{"href":"https:\/\/webs.uab.cat\/sti\/es\/wp-json\/wp\/v2\/media?parent=146"}],"curies":[{"name":"wp","href":"https:\/\/api.w.org\/{rel}","templated":true}]}}