{"id":83,"date":"2010-07-01T09:46:47","date_gmt":"2010-07-01T09:46:47","guid":{"rendered":"https:\/\/webs.uab.cat\/sti\/el-servei-2\/"},"modified":"2010-07-01T09:46:47","modified_gmt":"2010-07-01T09:46:47","slug":"el-servei-2","status":"publish","type":"page","link":"https:\/\/webs.uab.cat\/sti\/es\/","title":{"rendered":"El servicio"},"content":{"rendered":"<div>\n<p>El <strong>Servei<\/strong><strong> de Tractament d&#8217;Imatges<\/strong> es un servicio cient\u00edfico-t\u00e9cnico de soporte a la investigaci\u00f3n creado con el objetivo de proporcionar a la comunidad universitaria servicios y   asesoramiento en la adquisici\u00f3n, procesamiento, an\u00e1lisis y reproducci\u00f3n   de im\u00e1genes.<\/p>\n<p>El STI se ha ido adaptando a la necesidades de los investigadores, incorporando nuevos servicios y equipamiento seg\u00fan sus peticiones y\/o colaboraciones, canalizadas a trav\u00e9s de la comisi\u00f3n de usuarios del servicio. El \u00faltimo servicio que se est\u00e1 poniendo en funcionamiento se est\u00e1 haciendo en colaboraci\u00f3n con el                                      Centre d&#8217;Estudis de Patrimoni Arqueol\u00f2gic de la  Prehist\u00f2ria  (CEPAP) y se trata de un servicio de digitalizaci\u00f3n tridimensional de objetos e impresi\u00f3n de modelos 3D (prototipado r\u00e1pido).<\/p>\n<\/div>\n","protected":false},"excerpt":{"rendered":"<p>El Servei de Tractament d&#8217;Imatges es un servicio cient\u00edfico-t\u00e9cnico de soporte a la investigaci\u00f3n creado con el objetivo de proporcionar a la comunidad universitaria servicios y asesoramiento en la adquisici\u00f3n, procesamiento, an\u00e1lisis y reproducci\u00f3n de im\u00e1genes. El STI se ha ido adaptando a la necesidades de los investigadores, incorporando nuevos servicios y equipamiento seg\u00fan sus [&hellip;]<\/p>\n","protected":false},"author":20,"featured_media":0,"parent":0,"menu_order":0,"comment_status":"closed","ping_status":"closed","template":"","meta":{"footnotes":""},"class_list":["post-83","page","type-page","status-publish","hentry"],"_links":{"self":[{"href":"https:\/\/webs.uab.cat\/sti\/es\/wp-json\/wp\/v2\/pages\/83","targetHints":{"allow":["GET"]}}],"collection":[{"href":"https:\/\/webs.uab.cat\/sti\/es\/wp-json\/wp\/v2\/pages"}],"about":[{"href":"https:\/\/webs.uab.cat\/sti\/es\/wp-json\/wp\/v2\/types\/page"}],"author":[{"embeddable":true,"href":"https:\/\/webs.uab.cat\/sti\/es\/wp-json\/wp\/v2\/users\/20"}],"replies":[{"embeddable":true,"href":"https:\/\/webs.uab.cat\/sti\/es\/wp-json\/wp\/v2\/comments?post=83"}],"version-history":[{"count":0,"href":"https:\/\/webs.uab.cat\/sti\/es\/wp-json\/wp\/v2\/pages\/83\/revisions"}],"wp:attachment":[{"href":"https:\/\/webs.uab.cat\/sti\/es\/wp-json\/wp\/v2\/media?parent=83"}],"curies":[{"name":"wp","href":"https:\/\/api.w.org\/{rel}","templated":true}]}}