{"id":89,"date":"2010-07-06T11:43:04","date_gmt":"2010-07-06T11:43:04","guid":{"rendered":"https:\/\/webs.uab.cat\/sti\/objetivos\/"},"modified":"2010-07-06T11:43:04","modified_gmt":"2010-07-06T11:43:04","slug":"objetivos","status":"publish","type":"page","link":"https:\/\/webs.uab.cat\/sti\/es\/objetivos\/","title":{"rendered":"Objetivos"},"content":{"rendered":"<p>Los principales servicios del <strong>STI <\/strong>son:<\/p>\n<ul type=\"disc\">\n<li>\n<p>Utilizaci\u00f3n del equipamiento del <strong>STI <\/strong>por   parte de los propios usuarios con o sin soporte del personal del <strong>STI<\/strong>.<\/p>\n<\/li>\n<li>\n<p>Soporte a los usuarios en el desarrollo   de aplicaciones de procesamiento i an\u00e1lisis de im\u00e1genes.<\/p>\n<\/li>\n<li>\n<p>Asesoramiento sobre caracter\u00edsticas y precios de sistemas de adquisici\u00f3n y procesamiento de im\u00e1genes (c\u00e1maras, esc\u00e1neres, impresoras, plotters, placas, etc.) del mercado, para orientar a los usuarios en la compra de equipamiento espec\u00edfico.<\/p>\n<\/li>\n<li>\n<p>Servicios multimedia: Impresi\u00f3n de   p\u00f3steres, impresi\u00f3n de im\u00e1genes\/documentos, edici\u00f3n digital de v\u00eddeo, esc\u00e1ner   (diapositivas, radiograf\u00edas,   etc.), filmaci\u00f3n de diapositivas, etc.<\/p>\n<\/li>\n<li>\n<p>Servicios 3D: Escaneo, digitalizaci\u00f3n e impresi\u00f3n de objetos en 3D.<\/p>\n<\/li>\n<\/ul>\n","protected":false},"excerpt":{"rendered":"<p>Los principales servicios del STI son: Utilizaci\u00f3n del equipamiento del STI por parte de los propios usuarios con o sin soporte del personal del STI. Soporte a los usuarios en el desarrollo de aplicaciones de procesamiento i an\u00e1lisis de im\u00e1genes. Asesoramiento sobre caracter\u00edsticas y precios de sistemas de adquisici\u00f3n y procesamiento de im\u00e1genes (c\u00e1maras, esc\u00e1neres, [&hellip;]<\/p>\n","protected":false},"author":20,"featured_media":0,"parent":0,"menu_order":0,"comment_status":"closed","ping_status":"closed","template":"","meta":{"footnotes":""},"class_list":["post-89","page","type-page","status-publish","hentry"],"_links":{"self":[{"href":"https:\/\/webs.uab.cat\/sti\/es\/wp-json\/wp\/v2\/pages\/89","targetHints":{"allow":["GET"]}}],"collection":[{"href":"https:\/\/webs.uab.cat\/sti\/es\/wp-json\/wp\/v2\/pages"}],"about":[{"href":"https:\/\/webs.uab.cat\/sti\/es\/wp-json\/wp\/v2\/types\/page"}],"author":[{"embeddable":true,"href":"https:\/\/webs.uab.cat\/sti\/es\/wp-json\/wp\/v2\/users\/20"}],"replies":[{"embeddable":true,"href":"https:\/\/webs.uab.cat\/sti\/es\/wp-json\/wp\/v2\/comments?post=89"}],"version-history":[{"count":0,"href":"https:\/\/webs.uab.cat\/sti\/es\/wp-json\/wp\/v2\/pages\/89\/revisions"}],"wp:attachment":[{"href":"https:\/\/webs.uab.cat\/sti\/es\/wp-json\/wp\/v2\/media?parent=89"}],"curies":[{"name":"wp","href":"https:\/\/api.w.org\/{rel}","templated":true}]}}