{"id":37,"date":"2010-06-22T15:30:20","date_gmt":"2010-06-22T15:30:20","guid":{"rendered":"https:\/\/webs.uab.cat\/sti\/el-servei\/"},"modified":"2010-06-22T15:30:20","modified_gmt":"2010-06-22T15:30:20","slug":"el-servei","status":"publish","type":"page","link":"https:\/\/webs.uab.cat\/sti\/","title":{"rendered":"El Servei"},"content":{"rendered":"<p>El <span><strong>Servei<\/strong><\/span><strong> de <span>Tractament<\/span> <span>d&#8217;Imatges<\/span><\/strong> \u00e9s un servei cientificot\u00e8cnic de suport a la recerca creat amb el  objectiu de proporcionar a la comunitat universit\u00e0ria serveis i  assessorament en adquisici\u00f3, processament, an\u00e0lisis i reproducci\u00f3  d&#8217;imatges.<\/p>\n<p>El STI s&#8217;ha anat adaptant a les necessitats dels investigadors,  incorporant nous serveis i equipaments segons les seves peticions i\/o  col\u00b7laboracions, canalitzades a trav\u00e9s de la comissi\u00f3 d&#8217;usuaris del  servei. El darrer servei que s&#8217;est\u00e0 posant en marxa s&#8217;est\u00e0 fent en                         col\u00b7laboraci\u00f3  amb el                                     Centre d&#8217;Estudis de Patrimoni Arqueol\u00f2gic de la  Prehist\u00f2ria (CEPAP) i es tracta d&#8217;un servei de digitalitzaci\u00f3  tridimensional d&#8217;objectes i impressi\u00f3 de models 3D (prototipat r\u00e0pid).<\/p>\n","protected":false},"excerpt":{"rendered":"<p>El Servei de Tractament d&#8217;Imatges \u00e9s un servei cientificot\u00e8cnic de suport a la recerca creat amb el objectiu de proporcionar a la comunitat universit\u00e0ria serveis i assessorament en adquisici\u00f3, processament, an\u00e0lisis i reproducci\u00f3 d&#8217;imatges. El STI s&#8217;ha anat adaptant a les necessitats dels investigadors, incorporant nous serveis i equipaments segons les seves peticions i\/o col\u00b7laboracions, [&hellip;]<\/p>\n","protected":false},"author":20,"featured_media":0,"parent":0,"menu_order":0,"comment_status":"closed","ping_status":"closed","template":"","meta":{"footnotes":""},"class_list":["post-37","page","type-page","status-publish","hentry"],"_links":{"self":[{"href":"https:\/\/webs.uab.cat\/sti\/wp-json\/wp\/v2\/pages\/37","targetHints":{"allow":["GET"]}}],"collection":[{"href":"https:\/\/webs.uab.cat\/sti\/wp-json\/wp\/v2\/pages"}],"about":[{"href":"https:\/\/webs.uab.cat\/sti\/wp-json\/wp\/v2\/types\/page"}],"author":[{"embeddable":true,"href":"https:\/\/webs.uab.cat\/sti\/wp-json\/wp\/v2\/users\/20"}],"replies":[{"embeddable":true,"href":"https:\/\/webs.uab.cat\/sti\/wp-json\/wp\/v2\/comments?post=37"}],"version-history":[{"count":0,"href":"https:\/\/webs.uab.cat\/sti\/wp-json\/wp\/v2\/pages\/37\/revisions"}],"wp:attachment":[{"href":"https:\/\/webs.uab.cat\/sti\/wp-json\/wp\/v2\/media?parent=37"}],"curies":[{"name":"wp","href":"https:\/\/api.w.org\/{rel}","templated":true}]}}