{"id":38,"date":"2010-06-22T15:31:18","date_gmt":"2010-06-22T15:31:18","guid":{"rendered":"https:\/\/webs.uab.cat\/sti\/objectius\/"},"modified":"2010-06-22T15:31:18","modified_gmt":"2010-06-22T15:31:18","slug":"objectius","status":"publish","type":"page","link":"https:\/\/webs.uab.cat\/sti\/objectius\/","title":{"rendered":"Objectius"},"content":{"rendered":"<p>Els principals serveis del <strong>STI <\/strong>s\u00f3n:<\/p>\n<ul type=\"disc\">\n<li>\n<p>Utilitzaci\u00f3 dels equipaments del <strong>STI <\/strong>per   part dels propis usuaris amb o sense suport del personal del <strong>STI<\/strong>. <\/p>\n<\/li>\n<li>\n<p>Suport als usuaris en el desenvolupament   d&#8217;aplicacions de processament i an\u00e0lisi d&#8217;imatges. <\/p>\n<\/li>\n<li>\n<p>Assessorar sobre caracter\u00edstiques   i preus de sistemes d&#8217;adquisici\u00f3 i processament d&#8217;imatges (c\u00e0meres, esc\u00e0ners, impressores, plotters, plaques, etc.) del mercat, per orientar als usuaris en la compra d&#8217;equipament espec\u00edfic.<\/p>\n<\/li>\n<li>\n<p>Serveis multim\u00e8dia: Impressi\u00f3 de   p\u00f2sters, impressi\u00f3 d&#8217;imatges\/documents, edici\u00f3 digital de v\u00eddeo, esc\u00e0ner   (diapositives, radiografies,   etc.), filmaci\u00f3 de diapositives, &#8230; <\/p>\n<\/li>\n<li>\n<p>Serveis 3D: Escaneig, digitalitzaci\u00f3 i impressi\u00f3 d\u2019objectes en 3D.<\/p>\n<\/li>\n<\/ul>\n","protected":false},"excerpt":{"rendered":"<p>Els principals serveis del STI s\u00f3n: Utilitzaci\u00f3 dels equipaments del STI per part dels propis usuaris amb o sense suport del personal del STI. Suport als usuaris en el desenvolupament d&#8217;aplicacions de processament i an\u00e0lisi d&#8217;imatges. Assessorar sobre caracter\u00edstiques i preus de sistemes d&#8217;adquisici\u00f3 i processament d&#8217;imatges (c\u00e0meres, esc\u00e0ners, impressores, plotters, plaques, etc.) del mercat, [&hellip;]<\/p>\n","protected":false},"author":20,"featured_media":0,"parent":0,"menu_order":0,"comment_status":"closed","ping_status":"closed","template":"","meta":{"footnotes":""},"class_list":["post-38","page","type-page","status-publish","hentry"],"_links":{"self":[{"href":"https:\/\/webs.uab.cat\/sti\/wp-json\/wp\/v2\/pages\/38","targetHints":{"allow":["GET"]}}],"collection":[{"href":"https:\/\/webs.uab.cat\/sti\/wp-json\/wp\/v2\/pages"}],"about":[{"href":"https:\/\/webs.uab.cat\/sti\/wp-json\/wp\/v2\/types\/page"}],"author":[{"embeddable":true,"href":"https:\/\/webs.uab.cat\/sti\/wp-json\/wp\/v2\/users\/20"}],"replies":[{"embeddable":true,"href":"https:\/\/webs.uab.cat\/sti\/wp-json\/wp\/v2\/comments?post=38"}],"version-history":[{"count":0,"href":"https:\/\/webs.uab.cat\/sti\/wp-json\/wp\/v2\/pages\/38\/revisions"}],"wp:attachment":[{"href":"https:\/\/webs.uab.cat\/sti\/wp-json\/wp\/v2\/media?parent=38"}],"curies":[{"name":"wp","href":"https:\/\/api.w.org\/{rel}","templated":true}]}}