{"id":39,"date":"2010-06-22T15:31:41","date_gmt":"2010-06-22T15:31:41","guid":{"rendered":"https:\/\/webs.uab.cat\/sti\/serveis\/"},"modified":"2010-06-22T15:31:41","modified_gmt":"2010-06-22T15:31:41","slug":"serveis","status":"publish","type":"page","link":"https:\/\/webs.uab.cat\/sti\/serveis\/","title":{"rendered":"Serveis"},"content":{"rendered":"<ul>\n<li>\n<p>Captaci\u00f3 i digitalitzaci\u00f3 d&#8217;imatges de diferents tipus (documents sobre paper, diapositives, fotografies, radiografies, mostres de laboratori, imatges microsc\u00f2piques, etc.), siguin en blanc i negre o color.<\/p>\n<\/li>\n<li>\n<p>Digitalitzaci\u00f3 i edici\u00f3 digital de v\u00eddeo.<\/p>\n<\/li>\n<li>\n<p>Utilitzaci\u00f3 de programes de processament i an\u00e0lisi d&#8217;imatges per realitzar les aplicacions (Visilog, ViLi).<\/p>\n<\/li>\n<li>\n<p>Impressi\u00f3 en qualitat fotogr\u00e0fica.<\/p>\n<\/li>\n<li>\n<p>Impressi\u00f3 de p\u00f2sters en color, sobre paper normal o fotogr\u00e0fic, fins a tamany DIN-A0+ (pl\u00f2ter d&#8217;injecci\u00f3).<\/p>\n<\/li>\n<li>\n<p>Impressi\u00f3 de p\u00f2sters en color sobre tela.<\/p>\n<\/li>\n<li>\n<p>Impressions especials per portades i publicacions.<\/p>\n<\/li>\n<li>\n<p>Escaneig d&#8217;objectes per tal d&#8217;obtenir el seu model digital en 3D <a href=\"http:\/\/www.youtube.com\/watch?v=yg9BAR4EN0s\" target=\"_blank\" rel=\"noopener\">(en aquest v\u00eddeo podeu veure el resultat inicial d&#8217;un escaneig abans del post-processament)<\/a>.<\/p>\n<\/li>\n<li>\n<p>Impressi\u00f3 d\u2019objectes en 3D, obtinguts a partir d&#8217;un escaneig previ o a partir d&#8217;un fitxer generat usant algun editor 3D.<\/p>\n<\/li>\n<li>\n<p>Generaci\u00f3 i impressi\u00f3 de models 3D  partir d&#8217;imatges de TAC seriades, en format DICOM o amb d&#8217;altres amb prou qualitat <a href=\"http:\/\/www.youtube.com\/watch?v=1EmYmDgQ_vA\" target=\"_blank\" rel=\"noopener\">(Exemple cervell en 3D extret d&#8217;un TAC)<\/a>.<\/p>\n<\/li>\n<li>\n<p>Pagament per \u00fas d&#8217;eyetrackers amb suport b\u00e0sic per muntar l&#8217;experiment.<\/p>\n<\/li>\n<\/ul>\n","protected":false},"excerpt":{"rendered":"<p>Captaci\u00f3 i digitalitzaci\u00f3 d&#8217;imatges de diferents tipus (documents sobre paper, diapositives, fotografies, radiografies, mostres de laboratori, imatges microsc\u00f2piques, etc.), siguin en blanc i negre o color. Digitalitzaci\u00f3 i edici\u00f3 digital de v\u00eddeo. Utilitzaci\u00f3 de programes de processament i an\u00e0lisi d&#8217;imatges per realitzar les aplicacions (Visilog, ViLi). Impressi\u00f3 en qualitat fotogr\u00e0fica. Impressi\u00f3 de p\u00f2sters en color, [&hellip;]<\/p>\n","protected":false},"author":20,"featured_media":0,"parent":0,"menu_order":0,"comment_status":"closed","ping_status":"closed","template":"","meta":{"footnotes":""},"class_list":["post-39","page","type-page","status-publish","hentry"],"_links":{"self":[{"href":"https:\/\/webs.uab.cat\/sti\/wp-json\/wp\/v2\/pages\/39","targetHints":{"allow":["GET"]}}],"collection":[{"href":"https:\/\/webs.uab.cat\/sti\/wp-json\/wp\/v2\/pages"}],"about":[{"href":"https:\/\/webs.uab.cat\/sti\/wp-json\/wp\/v2\/types\/page"}],"author":[{"embeddable":true,"href":"https:\/\/webs.uab.cat\/sti\/wp-json\/wp\/v2\/users\/20"}],"replies":[{"embeddable":true,"href":"https:\/\/webs.uab.cat\/sti\/wp-json\/wp\/v2\/comments?post=39"}],"version-history":[{"count":0,"href":"https:\/\/webs.uab.cat\/sti\/wp-json\/wp\/v2\/pages\/39\/revisions"}],"wp:attachment":[{"href":"https:\/\/webs.uab.cat\/sti\/wp-json\/wp\/v2\/media?parent=39"}],"curies":[{"name":"wp","href":"https:\/\/api.w.org\/{rel}","templated":true}]}}