{"id":40,"date":"2010-06-22T15:31:57","date_gmt":"2010-06-22T15:31:57","guid":{"rendered":"https:\/\/webs.uab.cat\/sti\/3d\/"},"modified":"2010-06-22T15:31:57","modified_gmt":"2010-06-22T15:31:57","slug":"3d","status":"publish","type":"page","link":"https:\/\/webs.uab.cat\/sti\/3d\/","title":{"rendered":"3D"},"content":{"rendered":"<div><img loading=\"lazy\" decoding=\"async\" src=\"http:\/\/sct.uab.cat\/sti\/sites\/sct.uab.cat.sti\/files\/images\/z450.jpg\" alt=\"\" height=\"184\" width=\"482\"><\/div>\n<ul>\n<li>\n<p>La composici\u00f3 exacte del material que estan fetes les impressions nom\u00e9s la sap el fabricant per\u00f2 el material inicial \u00e9s semblant a guix en pols i la figura resultant tindr\u00e0 una resist\u00e8ncia similar a la cer\u00e0mica. S\u00f3n maquetes, si cauen al terra s&#8217;esmicolen.<\/p>\n<\/li>\n<\/ul>\n<ul>\n<li>\n<p>La caracter\u00edstica b\u00e0sica d&#8217;aquesta classe d&#8217;impressora \u00e9s el fet de que imprimeix en color, les figures ja surten directament de la impressora pintades, a m\u00e9s, el cost per pe\u00e7a \u00e9s inferior al d&#8217;altres tipus d&#8217;impressi\u00f3.<\/p>\n<\/li>\n<\/ul>\n<ul>\n<li>\n<p>La cubeta on es realitzen les impressions t\u00e9 una mida aproximada de 8 polzades c\u00fabiques (uns 20 cent\u00edmetres per cada un dels 3 eixos de coordenades) aquesta doncs ser\u00e0 la mida m\u00e0xima que podrem imprimir d&#8217;una sola tacada. La mida m\u00ednima ve m\u00e9s limitada per la resist\u00e8ncia del material que no del qu\u00e8 \u00e9s capa\u00e7 la impressora, no es recomana fer res m\u00e9s petit de 3mm de gruix o com a m\u00ednim, s&#8217;ha de ser conscient de que \u00e9s molt possible que en tot el proc\u00e9s d&#8217;impressi\u00f3 aquestes parts s&#8217;acabin trencant.<\/p>\n<\/li>\n<\/ul>\n<ul>\n<li>\n<p>La impressora suporta els seg\u00fcents formats de fitxer:<\/p>\n<ul>\n<li>\n<p>DeskArtes (*.3de)<\/p>\n<\/li>\n<li>\n<p>STL (*.stl, *.astl, *.ast)<\/p>\n<\/li>\n<li>\n<p>VRML (*.wrl)<\/p>\n<\/li>\n<li>\n<p>Z coporation (*.zpr)<\/p>\n<\/li>\n<\/ul>\n<\/li>\n<\/ul>\n<ul>\n<li>\n<p>Generalment els programes d&#8217;edici\u00f3 en 3D guarden els fitxers en un format propi per\u00f2 segur que tenen la possibilitat d&#8217;exportar a algun dels formats citats ja que s\u00f3n est\u00e0ndards lliures, com a \u00faltim recurs es podria usar un programa intermedi per a fer el canvi de format, per\u00f2 aix\u00f2 pot comportar p\u00e8rdua de qualitat en la malla. Com a servei paral\u00b7lel oferim la possibilitat de convertir a 3D imatges TAC seriades en format DICOM o amb d&#8217;altres formats de prou qualitat <a href=\"http:\/\/www.youtube.com\/watch?v=1EmYmDgQ_vA\" target=\"_blank\" rel=\"noopener\">(Exemple cervell en 3D extret d&#8217;un TAC)<\/a>.<\/p>\n<\/li>\n<\/ul>\n<ul>\n<li>\n<p>Dels formats de fitxer citats  nom\u00e9s VRML suporta color, per tant, si es vol una impressi\u00f3 en color s&#8217;haur\u00e0 de portar en aquest format. VRML porta els colors b\u00e0sics incrustats al fitxer, per\u00f2 si hem fet servir textures aquestes s&#8217;emmagatzemen en un fitxer paral\u00b7lel en .jpg que hem de portar junt amb el VRML.<\/p>\n<\/li>\n<\/ul>\n<ul>\n<li>\n<p>El temps d&#8217;impressi\u00f3 ser\u00e0 molt variable depenent de l&#8217;estructura i la mida de la pe\u00e7a. La impressi\u00f3 en si va a una velocitat d&#8217;uns 10mm d&#8217;al\u00e7ada\/hora per\u00f2 aquesta figura despr\u00e9s d&#8217;imprimir-se s&#8217;ha d&#8217;extreure de la impressora (com m\u00e9s fr\u00e0gil m\u00e9s costar\u00e0) i , per donar-li resist\u00e8ncia, s&#8217;ha d&#8217;impregnar amb un l\u00edquid, el temps d&#8217;assecat del qual ser\u00e0 molt variable, segons el volum de la pe\u00e7a pot estar m\u00e9s d&#8217;un dia assecant-se.<\/p>\n<\/li>\n<\/ul>\n<ul>\n<li>\n<p>Podeu veure les caracter\u00edstiques t\u00e8cniques de la impressora a la seva <a href=\"http:\/\/www.zcorp.com\/en\/Products\/3D-Printers\/ZPrinter-450\/spage.aspx\" target=\"_blank\" rel=\"noopener\">Fitxa t\u00e8cnica<\/a>.<\/p>\n<\/li>\n<\/ul>\n<ul>\n<li>\n<p>Exemples d&#8217;objectes impresos:<\/p>\n<ul>\n<li> <a href=\"http:\/\/sct.uab.cat\/sti\/sites\/sct.uab.cat.sti\/files\/images\/122_007.jpg\" target=\"_blank\" rel=\"noopener\"><img loading=\"lazy\" decoding=\"async\" src=\"http:\/\/sct.uab.cat\/sti\/sites\/sct.uab.cat.sti\/files\/images\/122_007PET.jpg\" alt=\"En gran fent click\" border=\"0\" height=\"62\" width=\"70\"><\/a> <a href=\"http:\/\/sct.uab.cat\/sti\/sites\/sct.uab.cat.sti\/files\/images\/155_002.jpg\" target=\"_blank\" rel=\"noopener\"><img loading=\"lazy\" decoding=\"async\" src=\"http:\/\/sct.uab.cat\/sti\/sites\/sct.uab.cat.sti\/files\/images\/155_002PET.jpg\" alt=\"En gran fent click\" border=\"0\" height=\"65\" width=\"70\"><\/a> <a href=\"http:\/\/sct.uab.cat\/sti\/sites\/sct.uab.cat.sti\/files\/images\/407_003.jpg\" target=\"_blank\" rel=\"noopener\"><img loading=\"lazy\" decoding=\"async\" src=\"http:\/\/sct.uab.cat\/sti\/sites\/sct.uab.cat.sti\/files\/images\/407_003PET.jpg\" alt=\"En gran fent click\" border=\"0\" height=\"48\" width=\"70\"><\/a> <a href=\"http:\/\/sct.uab.cat\/sti\/sites\/sct.uab.cat.sti\/files\/images\/83_018.jpg\" target=\"_blank\" rel=\"noopener\"><img loading=\"lazy\" decoding=\"async\" src=\"http:\/\/sct.uab.cat\/sti\/sites\/sct.uab.cat.sti\/files\/images\/83_018PET.jpg\" alt=\"En gran fent click\" border=\"0\" height=\"67\" width=\"70\"><\/a> <a href=\"http:\/\/sct.uab.cat\/sti\/sites\/sct.uab.cat.sti\/files\/images\/410_004.jpg\" target=\"_blank\" rel=\"noopener\"><img loading=\"lazy\" decoding=\"async\" src=\"http:\/\/sct.uab.cat\/sti\/sites\/sct.uab.cat.sti\/files\/images\/410_004PET.jpg\" alt=\"En gran fent click\" border=\"0\" height=\"39\" width=\"70\"><\/a> <a href=\"http:\/\/sct.uab.cat\/sti\/sites\/sct.uab.cat.sti\/files\/images\/Dibujo.jpg\" target=\"_blank\" rel=\"noopener\"><img loading=\"lazy\" decoding=\"async\" src=\"http:\/\/sct.uab.cat\/sti\/sites\/sct.uab.cat.sti\/files\/images\/DibujoPET.jpg\" alt=\"En gran fent click\" border=\"0\" height=\"47\" width=\"70\"><\/a> <a href=\"http:\/\/sct.uab.cat\/sti\/sites\/sct.uab.cat.sti\/files\/images\/295_005.jpg\" target=\"_blank\" rel=\"noopener\"><img loading=\"lazy\" decoding=\"async\" src=\"http:\/\/sct.uab.cat\/sti\/sites\/sct.uab.cat.sti\/files\/images\/295_005PET.jpg\" alt=\"En gran fent click\" border=\"0\" height=\"56\" width=\"70\"><\/a> <a href=\"http:\/\/sct.uab.cat\/sti\/sites\/sct.uab.cat.sti\/files\/images\/292_004.jpg\" target=\"_blank\" rel=\"noopener\"><img loading=\"lazy\" decoding=\"async\" src=\"http:\/\/sct.uab.cat\/sti\/sites\/sct.uab.cat.sti\/files\/images\/292_004PET.jpg\" alt=\"En gran fent click\" border=\"0\" height=\"40\" width=\"70\"><\/a> <a href=\"http:\/\/sct.uab.cat\/sti\/sites\/sct.uab.cat.sti\/files\/images\/283_001.jpg\" target=\"_blank\" rel=\"noopener\"><img loading=\"lazy\" decoding=\"async\" src=\"http:\/\/sct.uab.cat\/sti\/sites\/sct.uab.cat.sti\/files\/images\/283_001PET.jpg\" alt=\"En gran fent click\" border=\"0\" height=\"36\" width=\"70\"><\/a> <\/li>\n<\/ul>\n<\/li>\n<\/ul>\n<p><\/p>\n<p><img loading=\"lazy\" decoding=\"async\" src=\"http:\/\/sct.uab.cat\/sti\/sites\/sct.uab.cat.sti\/files\/images\/vivid.jpg\" alt=\"\" height=\"184\" width=\"482\"><\/p>\n<ul>\n<li>\n<p>Potser la caracter\u00edstica m\u00e9s destacable d&#8217;aquest esc\u00e0ner, respecte d&#8217;altres esc\u00e0ners 3D, \u00e9s que aquest \u00e9s capa\u00e7 de capturar les textures\/colors de l&#8217;objecte que est\u00e0 digitalitzant.<\/p>\n<\/li>\n<\/ul>\n<ul>\n<li>\n<p>Com m\u00e9s complicada sigui la figura m\u00e9s dif\u00edcil ser\u00e0 fer-ne una r\u00e8plica exacta i m\u00e9s temps de post-processament necessitar\u00e0. Es pot arribar a l&#8217;extrem que una figura, tan complicada que tingui molts punts cecs per al l\u00e0ser de l&#8217;esc\u00e0ner, no sigui possible digitalitzar-la.<\/p>\n<\/li>\n<\/ul>\n<ul>\n<li>\n<p>De l&#8217;esc\u00e0ner no obtenim una digitalitzaci\u00f3 immediata del objecte que li posem al davant, obtenim un n\u00favol de punts de les diverses cares, anomenem post-processament a tots els passos que hem de fer per obtenir la copia digital partint del n\u00favol de punts de cada una de les cares <a href=\"http:\/\/www.youtube.com\/watch?v=yg9BAR4EN0s\" target=\"_blank\" rel=\"noopener\">(en aquest video podeu veure el resultat inicial d&#8217;un escaneig abans del post-processament)<\/a>.<\/p>\n<\/li>\n<\/ul>\n<ul>\n<li>\n<p>Si parlem de les textures, tal i com hem dit les r\u00e8pliques les obtenim de la uni\u00f3 de diverses cares de manera que la il\u00b7luminaci\u00f3 ambiental influir\u00e0 molt en la homogene\u00eftat de les textures i \u00e9s molt dif\u00edcil que sigui perfecte. A m\u00e9s, la c\u00e0mera que incorpora l&#8217;esc\u00e0ner no t\u00e9 una resoluci\u00f3 molt alta.<\/p>\n<\/li>\n<\/ul>\n<ul>\n<li>\n<p>Podem veure les caracter\u00edstiques t\u00e8cniques de l&#8217;esc\u00e0ner a la seva <a href=\"http:\/\/www.konicaminolta.com\/sensingusa\/products\/3d\/non-contact\/vivid9i\/specifications.html\" target=\"_blank\" rel=\"noopener\">Fitxa t\u00e8cnica.<\/a><\/p>\n<\/li>\n<\/ul>\n<ul>\n<li>\n<p>No \u00e9s possible escanejar qualsevol cosa, els objectes brillants (reflectants) fan que el laser reboti i l&#8217;esc\u00e0ner sigui incapa\u00e7 de veure res.<\/p>\n<\/li>\n<li>\n<p><a href=\"http:\/\/sct.uab.cat\/sti\/sites\/sct.uab.cat.sti\/files\/3d.rar\" target=\"_blank\" rel=\"noopener\">Exemple d&#8217;objecte digitalitzat<\/a> (\u00e9s necessari usar internet explorer i acceptar la instal\u00b7laci\u00f3 del plugin).<\/p>\n<\/li>\n<\/ul>\n","protected":false},"excerpt":{"rendered":"<p>La composici\u00f3 exacte del material que estan fetes les impressions nom\u00e9s la sap el fabricant per\u00f2 el material inicial \u00e9s semblant a guix en pols i la figura resultant tindr\u00e0 una resist\u00e8ncia similar a la cer\u00e0mica. S\u00f3n maquetes, si cauen al terra s&#8217;esmicolen. La caracter\u00edstica b\u00e0sica d&#8217;aquesta classe d&#8217;impressora \u00e9s el fet de que imprimeix [&hellip;]<\/p>\n","protected":false},"author":20,"featured_media":0,"parent":0,"menu_order":0,"comment_status":"closed","ping_status":"closed","template":"","meta":{"footnotes":""},"class_list":["post-40","page","type-page","status-publish","hentry"],"_links":{"self":[{"href":"https:\/\/webs.uab.cat\/sti\/wp-json\/wp\/v2\/pages\/40","targetHints":{"allow":["GET"]}}],"collection":[{"href":"https:\/\/webs.uab.cat\/sti\/wp-json\/wp\/v2\/pages"}],"about":[{"href":"https:\/\/webs.uab.cat\/sti\/wp-json\/wp\/v2\/types\/page"}],"author":[{"embeddable":true,"href":"https:\/\/webs.uab.cat\/sti\/wp-json\/wp\/v2\/users\/20"}],"replies":[{"embeddable":true,"href":"https:\/\/webs.uab.cat\/sti\/wp-json\/wp\/v2\/comments?post=40"}],"version-history":[{"count":1,"href":"https:\/\/webs.uab.cat\/sti\/wp-json\/wp\/v2\/pages\/40\/revisions"}],"predecessor-version":[{"id":399,"href":"https:\/\/webs.uab.cat\/sti\/wp-json\/wp\/v2\/pages\/40\/revisions\/399"}],"wp:attachment":[{"href":"https:\/\/webs.uab.cat\/sti\/wp-json\/wp\/v2\/media?parent=40"}],"curies":[{"name":"wp","href":"https:\/\/api.w.org\/{rel}","templated":true}]}}