{"id":41,"date":"2010-06-22T15:32:22","date_gmt":"2010-06-22T15:32:22","guid":{"rendered":"https:\/\/webs.uab.cat\/sti\/tutorials\/"},"modified":"2010-06-22T15:32:22","modified_gmt":"2010-06-22T15:32:22","slug":"tutorials","status":"publish","type":"page","link":"https:\/\/webs.uab.cat\/sti\/tutorials\/","title":{"rendered":"Tutorials"},"content":{"rendered":"<ul>\n<li>\n<p>Document pdf de com fer les <strong>portades<\/strong> de la tesis:             <\/p>\n<ul>\n<li>\n<p><a href=\"http:\/\/sct.uab.cat\/sti\/sites\/sct.uab.cat.sti\/files\/tuto-portades.pdf\" target=\"_blank\" rel=\"noopener\">En Catal\u00e0<\/a><\/p>\n<\/li>\n<li>\n<p><a href=\"http:\/\/sct.uab.cat\/sti\/sites\/sct.uab.cat.sti\/files\/tuto-portades.pdf\" target=\"_blank\" rel=\"noopener\">En Castellano<\/a> (Como hacer las <strong>portadas<\/strong> de la tesis)<\/p>\n<\/li>\n<li>\n<p><a href=\"http:\/\/sct.uab.cat\/sti\/sites\/sct.uab.cat.sti\/files\/tuto-portades.pdf\" target=\"_blank\" rel=\"noopener\">In English<\/a> (How to do thesis&#8217; <strong>cover<\/strong>) <\/p>\n<\/li>\n<\/ul>\n<\/li>\n<\/ul>\n<ul>\n<li>\n<p><a href=\"http:\/\/sct.uab.cat\/sti\/sites\/sct.uab.cat.sti\/files\/exempleportada.ppt\">Plantilla<\/a> <strong>portada exemple<\/strong> en Powepoint.<\/p>\n<\/li>\n<\/ul>\n<ul>\n<li>\n<p>Document pdf de com convertir un <strong>p\u00f2ster<\/strong> a pdf per a previsualitzar possibles problemes d&#8217;impressi\u00f3:<\/p>\n<ul>\n<li>\n<p><a href=\"http:\/\/sct.uab.cat\/sti\/sites\/sct.uab.cat.sti\/files\/Convertir_PDF-CAT.pdf\" target=\"_blank\" rel=\"noopener\">En Catal\u00e0<\/a><\/p>\n<\/li>\n<li>\n<p><a href=\"http:\/\/sct.uab.cat\/sti\/sites\/sct.uab.cat.sti\/files\/Convertir_PDF-ESP.pdf\" target=\"_top\" rel=\"noopener\">En Castellano<\/a> (realizar un pdf del <strong>p\u00f3ster<\/strong> para ver posibles problemas de impresi\u00f3n) <\/p>\n<\/li>\n<\/ul>\n<\/li>\n<\/ul>\n<ul>\n<li>\n<p>Consells per a realitzar <strong>p\u00f2sters<\/strong>:                 <\/p>\n<ul>\n<li>\n<p>La mida m\u00e0xima d&#8217;impressi\u00f3 d&#8217;un document powerpoint  2003 son 135cm de llarg, powerpoint deixa crear documents de 142cm per\u00f2  no s&#8217;imprimiran sencers.<\/p>\n<\/li>\n<li>\n<p>Les transpar\u00e8ncies <strong>realitzades amb powerpoint<\/strong> no s&#8217;imprimeixen correctament, al realitzar el pdf observareu com les  transpar\u00e8ncies surten entramades (puntejades) i aix\u00ed \u00e9s com  s&#8217;imprimiran, es recomana usar colors sense transpar\u00e8ncies o  realitzar-les a part (p.e. generar una imatge amb Photoshop).<\/p>\n<\/li>\n<li>\n<p>B\u00e0sicament disposem de dues amplades de paper (90cm i  105cm), si b\u00e9 es cert que les mides exigides als congressos son molt  variables, si una de les dues mides del vostre p\u00f2ster (la horitzontal o  la vertical) s&#8217;ajusta a alguna d&#8217;aquestes mides, el podrem imprimir molt  m\u00e9s r\u00e0pid.<\/p>\n<\/li>\n<li>\n<p>Si useu una font (tipografia, tipus de lletra) <strong>no habitual<\/strong> en el vostre p\u00f2ster porteu-la per tal de que puguem instal\u00b7lar-la sin\u00f3 la lletra es veur\u00e0 diferent a com preteneu. <\/p>\n<\/li>\n<li>\n<p>El format digital m\u00e9s habitual del p\u00f2ster \u00e9s el  Powerpoint 2003, per\u00f2 tamb\u00e9 es poden imprimir documents en Powerpoint  2007, PDF&#8217;s, CorelDraw12, imatges i documents Photoshop, per\u00f2 sempre que  tinguin la qualitat i\/o mida adients.<\/p>\n<\/li>\n<li>\n<p>Per a impressi\u00f3 en suports especials (vinil, canvas&#8230;) consulteu primer la disponibilitat.<\/p>\n<\/li>\n<\/ul>\n<\/li>\n<\/ul>\n<ul>\n<li>\n<p>Per imprimir objectes 3D a partir d&#8217;un fitxer digital aquests s&#8217;han de portar en algun d&#8217;aquests formats:<\/p>\n<ul>\n<li>\n<p>DeskArtes (*.3de)<\/p>\n<\/li>\n<li>\n<p>STL (*.stl, *.astl, *.ast)<\/p>\n<\/li>\n<li>\n<p>VRML (*.wrl)<\/p>\n<\/li>\n<li>\n<p>Z coporation (*.zpr)<\/p>\n<\/li>\n<\/ul>\n<\/li>\n<\/ul>\n","protected":false},"excerpt":{"rendered":"<p>Document pdf de com fer les portades de la tesis: En Catal\u00e0 En Castellano (Como hacer las portadas de la tesis) In English (How to do thesis&#8217; cover) Plantilla portada exemple en Powepoint. Document pdf de com convertir un p\u00f2ster a pdf per a previsualitzar possibles problemes d&#8217;impressi\u00f3: En Catal\u00e0 En Castellano (realizar un pdf [&hellip;]<\/p>\n","protected":false},"author":20,"featured_media":0,"parent":0,"menu_order":0,"comment_status":"closed","ping_status":"closed","template":"","meta":{"footnotes":""},"class_list":["post-41","page","type-page","status-publish","hentry"],"_links":{"self":[{"href":"https:\/\/webs.uab.cat\/sti\/wp-json\/wp\/v2\/pages\/41","targetHints":{"allow":["GET"]}}],"collection":[{"href":"https:\/\/webs.uab.cat\/sti\/wp-json\/wp\/v2\/pages"}],"about":[{"href":"https:\/\/webs.uab.cat\/sti\/wp-json\/wp\/v2\/types\/page"}],"author":[{"embeddable":true,"href":"https:\/\/webs.uab.cat\/sti\/wp-json\/wp\/v2\/users\/20"}],"replies":[{"embeddable":true,"href":"https:\/\/webs.uab.cat\/sti\/wp-json\/wp\/v2\/comments?post=41"}],"version-history":[{"count":0,"href":"https:\/\/webs.uab.cat\/sti\/wp-json\/wp\/v2\/pages\/41\/revisions"}],"wp:attachment":[{"href":"https:\/\/webs.uab.cat\/sti\/wp-json\/wp\/v2\/media?parent=41"}],"curies":[{"name":"wp","href":"https:\/\/api.w.org\/{rel}","templated":true}]}}