{"id":61,"date":"2010-06-22T16:15:38","date_gmt":"2010-06-22T16:15:38","guid":{"rendered":"https:\/\/webs.uab.cat\/sti\/equipament-0\/"},"modified":"2010-06-22T16:15:38","modified_gmt":"2010-06-22T16:15:38","slug":"equipament-0","status":"publish","type":"page","link":"https:\/\/webs.uab.cat\/sti\/equipament-0\/","title":{"rendered":"Equipament"},"content":{"rendered":"<div><img loading=\"lazy\" decoding=\"async\" alt=\"\" height=\"200\" src=\"http:\/\/sct.uab.cat\/sti\/sites\/sct.uab.cat.sti\/files\/images\/fotogeneral3.png\" width=\"493\" \/><\/div>\n<p align=\"center\">&nbsp;<\/p>\n<ul>\n<li>\n<p>Esc\u00e0ner color CREO iQsmart-2 en format DIN-A3, amb 4300 dpi. de resoluci\u00f3 \u00f2ptica i possibilitat de treballar amb originals opacs o transparents.<\/p>\n<\/li>\n<li>\n<p>Sistema d&#8217;adquisici\u00f3 i edici\u00f3 de v\u00eddeo digital i anal\u00f2gic MATROX RT-X100, equipat amb el software Adobe Premiere.<\/p>\n<\/li>\n<li>\n<p>Software de processament d&#8217;imatges ViLi, Visilog.<\/p>\n<\/li>\n<li>\n<p>Impressora color d&#8217;injecci\u00f3 de tinta EPSON 4880 (tipus plotter), amb una definici\u00f3 de 2400&#215;1200 ppp. i tamany DIN-A2.<\/p>\n<\/li>\n<li>\n<p>Impressora color de gran format per a p\u00f2sters (plotter) EPSON StylusPro 9880, d&#8217;injecci\u00f3 de tinta, qualitat fotogr\u00e0fica, tamany d&#8217;impressi\u00f3 fins a 112cm d\u2019ample i possibilitat de treballar en una amplia gamma de suports (paper normal, fotogr\u00e0fic, vinil, canvas, &#8230;)<\/p>\n<\/li>\n<li>\n<p>Impressora color de gran format per a p\u00f2sters (plotter) EPSON StylusPro 9900, d&#8217;injecci\u00f3 de tinta, qualitat fotogr\u00e0fica, tamany d&#8217;impressi\u00f3 fins a 112cm d\u2019ample i possibilitat de treballar en una amplia gamma de suports (paper normal, fotogr\u00e0fic, vinil, canvas, &#8230;)<\/p>\n<\/li>\n<li>\n<p>Laminadora en calent IBC B33F23 de tamany A3+.<\/p>\n<\/li>\n<li>\n<p>Laminadora en fred SEAL 40 de 1000cm d\u2019amplada.<\/p>\n<\/li>\n<li>\n<p>Esc\u00e0ner digitalitzador 3D KONICA MINOLTA VIVID 9i. <a href=\"http:\/\/sct.uab.cat\/sti\/content\/escaneig-3d\" target=\"_self\" rel=\"noopener\">M\u00e9s informaci\u00f3<\/a>.<\/p>\n<\/li>\n<li>\n<p>Impressora 3D ZCORPORATION Zprinter 450. <a href=\"http:\/\/sct.uab.cat\/sti\/content\/impressi%C3%B3-3d-0\" target=\"_self\" rel=\"noopener\">M\u00e9s informaci\u00f3<\/a><a href=\"http:\/\/www.zcorp.com\/en\/Solutions\/Rapid-Prototypes---CAD\/spage.aspx\">. <\/a><\/p>\n<\/li>\n<li>\n<p>Impressora 3D LEAPFROG Creatr <a _self=\"\" href=\"http:\/\/www.lpfrg.com\/3d-printing\/compare-3d-printers\">M\u00e9s informaci\u00f3<\/a><a href=\"http:\/\/www.lpfrg.com\/3d-printing\/compare-3d-printers\">. <\/a><\/p>\n<\/li>\n<li>\n<p>Impressora 3D LEAPFROG Bolt <a _self=\"\" href=\"http:\/\/www.lpfrg.com\/3d-printing\/compare-3d-printers\">M\u00e9s informaci\u00f3<\/a><a href=\"http:\/\/www.lpfrg.com\/3d-printing\/compare-3d-printers\">. <\/a><\/p>\n<\/li>\n<li>\n<p>Impressora 3D TIERTIME UPBOX <a _self=\"\" href=\"https:\/\/www.tiertime.com\/up-box-plus\/\">M\u00e9s informaci\u00f3<\/a><a href=\"http:\/\/www.lpfrg.com\/3d-printing\/compare-3d-printers\">. <\/a><\/p>\n<\/li>\n<li>\n<p>Software d&#8217;edici\u00f3 3D Rapidform XOS scan.<\/p>\n<\/li>\n<li>\n<p>Eyetracker SMI RED.<\/p>\n<\/li>\n<li>\n<p>Eyetracker SMI Glasses.<\/p>\n<\/li>\n<\/ul>\n","protected":false},"excerpt":{"rendered":"<p>&nbsp; Esc\u00e0ner color CREO iQsmart-2 en format DIN-A3, amb 4300 dpi. de resoluci\u00f3 \u00f2ptica i possibilitat de treballar amb originals opacs o transparents. Sistema d&#8217;adquisici\u00f3 i edici\u00f3 de v\u00eddeo digital i anal\u00f2gic MATROX RT-X100, equipat amb el software Adobe Premiere. Software de processament d&#8217;imatges ViLi, Visilog. Impressora color d&#8217;injecci\u00f3 de tinta EPSON 4880 (tipus plotter), [&hellip;]<\/p>\n","protected":false},"author":20,"featured_media":0,"parent":0,"menu_order":0,"comment_status":"closed","ping_status":"closed","template":"","meta":{"footnotes":""},"class_list":["post-61","page","type-page","status-publish","hentry"],"_links":{"self":[{"href":"https:\/\/webs.uab.cat\/sti\/wp-json\/wp\/v2\/pages\/61","targetHints":{"allow":["GET"]}}],"collection":[{"href":"https:\/\/webs.uab.cat\/sti\/wp-json\/wp\/v2\/pages"}],"about":[{"href":"https:\/\/webs.uab.cat\/sti\/wp-json\/wp\/v2\/types\/page"}],"author":[{"embeddable":true,"href":"https:\/\/webs.uab.cat\/sti\/wp-json\/wp\/v2\/users\/20"}],"replies":[{"embeddable":true,"href":"https:\/\/webs.uab.cat\/sti\/wp-json\/wp\/v2\/comments?post=61"}],"version-history":[{"count":0,"href":"https:\/\/webs.uab.cat\/sti\/wp-json\/wp\/v2\/pages\/61\/revisions"}],"wp:attachment":[{"href":"https:\/\/webs.uab.cat\/sti\/wp-json\/wp\/v2\/media?parent=61"}],"curies":[{"name":"wp","href":"https:\/\/api.w.org\/{rel}","templated":true}]}}