{"id":75,"date":"2010-06-22T16:24:51","date_gmt":"2010-06-22T16:24:51","guid":{"rendered":"https:\/\/webs.uab.cat\/sti\/impressio-3d-0\/"},"modified":"2010-06-22T16:24:51","modified_gmt":"2010-06-22T16:24:51","slug":"impressio-3d-0","status":"publish","type":"page","link":"https:\/\/webs.uab.cat\/sti\/impressio-3d-0\/","title":{"rendered":"Impressi\u00f3 3D"},"content":{"rendered":"<div align=\"left\"><img loading=\"lazy\" decoding=\"async\" src=\"http:\/\/sct.uab.cat\/sti\/sites\/sct.uab.cat.sti\/files\/images\/z450.jpg\" width=\"482\" height=\"184\"><\/div>\n<ul>\n<li>\n<p>La composici&oacute; exacte del material que estan fetes les impressions nom&eacute;s la sap el fabricant per&ograve; el material inicial &eacute;s semblant a guix en pols i la figura resultant tindr&agrave; una resist&egrave;ncia similar a la cer&agrave;mica. S&oacute;n maquetes, si cauen al terra s&#8217;esmicolen. <\/p>\n<\/li>\n<\/ul>\n<ul>\n<li>\n<p>La caracter&iacute;stica b&agrave;sica d&#8217;aquesta classe d&#8217;impressora &eacute;s el fet de que imprimeix en color, les figures ja surten directament de la impressora pintades, a m&eacute;s, el cost per pe&ccedil;a &eacute;s inferior al d&#8217;altres tipus d&#8217;impressi&oacute;.<\/p>\n<\/li>\n<\/ul>\n<ul>\n<li>\n<p>La cubeta on es realitzen les impressions t&eacute; una mida aproximada de 8 polzades c&uacute;biques (uns 20 cent&iacute;metres per cada un dels 3 eixos de coordenades) aquesta doncs ser&agrave; la mida m&agrave;xima que podrem imprimir d&#8217;una sola tacada. La mida m&iacute;nima ve m&eacute;s limitada per la resist&egrave;ncia del material que no del qu&egrave; &eacute;s capa&ccedil; la impressora, no es recomana fer res m&eacute;s petit de 3mm de gruix o com a m&iacute;nim, s&#8217;ha de ser conscient de que &eacute;s molt possible que en tot el proc&eacute;s d&#8217;impressi&oacute; aquestes parts s&#8217;acabin trencant.<\/p>\n<\/li>\n<\/ul>\n<ul>\n<li>\n<p>La impressora suporta els seg&uuml;ents formats de fitxer: <\/p>\n<ul>\n<li>\n<p>DeskArtes (*.3de)<\/p>\n<\/li>\n<li>\n<p> STL (*.stl, *.astl, *.ast)<\/p>\n<\/li>\n<li>\n<p>VRML (*.wrl)<\/p>\n<\/li>\n<li>\n<p>Z coporation (*.zpr)<\/p>\n<\/li>\n<\/ul>\n<\/li>\n<\/ul>\n<ul>\n<li>\n<p>Generalment els programes d&#8217;edici&oacute; en 3D guarden els fitxers en un format propi per&ograve; segur que tenen la possibilitat d&#8217;exportar a algun dels formats citats ja que s&oacute;n est&agrave;ndards lliures, com a \u00faltim recurs es podria usar un programa intermedi per a fer el canvi de format, per\u00f2 aix\u00f2 pot comportar p\u00e8rdua de qualitat en la malla. Com a servei paral\u00b7lel oferim la possibilitat de convertir a 3D imatges TAC seriades en format DICOM o amb d&#8217;altres formats de prou qualitat <a href=\"http:\/\/www.youtube.com\/watch?v=1EmYmDgQ_vA\" target=\"_blank\" rel=\"noopener\">(Exemple cervell en 3D extret d&#8217;un TAC)<\/a>. <\/p>\n<\/li>\n<\/ul>\n<ul>\n<li>\n<p>Dels formats de fitxer citats  nom&eacute;s VRML suporta color, per tant, si es vol una impressi&oacute; en color s&#8217;haur&agrave; de portar en aquest format. VRML porta els colors b&agrave;sics incrustats al fitxer, per&ograve; si hem fet servir textures aquestes s&#8217;emmagatzemen en un fitxer paral&middot;lel en .jpg que hem de portar junt amb el VRML.<\/p>\n<\/li>\n<\/ul>\n<ul>\n<li>\n<p>El temps d&#8217;impressi&oacute; ser&agrave; molt variable depenent de l&#8217;estructura i la mida de la pe&ccedil;a. La impressi&oacute; en si va a una velocitat d&#8217;uns 10mm d&#8217;al&ccedil;ada\/hora per&ograve; aquesta figura despr&eacute;s d&#8217;imprimir-se s&#8217;ha d&#8217;extreure de la impressora (com m&eacute;s fr&agrave;gil m&eacute;s costar&agrave;) i , per donar-li resist&egrave;ncia, s&#8217;ha d&#8217;impregnar amb un l&iacute;quid, el temps d&#8217;assecat del qual ser&agrave; molt variable, segons el volum de la pe&ccedil;a pot estar m&eacute;s d&#8217;un dia assecant-se.<\/p>\n<\/li>\n<\/ul>\n<ul>\n<li>\n<p>Podeu veure les caracter&iacute;stiques t&egrave;cniques de la impressora a la seva <a href=\"http:\/\/www.zcorp.com\/en\/Products\/3D-Printers\/ZPrinter-450\/spage.aspx\" target=\"_blank\" rel=\"noopener\">Fitxa t&egrave;cnica<\/a>.<\/p>\n<\/li>\n<\/ul>\n<ul>\n<li>\n<p>Exemples d&#8217;objectes impresos:<\/p>\n<ul>\n<li>\n                  <a href=\"http:\/\/sct.uab.cat\/sti\/sites\/sct.uab.cat.sti\/files\/images\/122_007.jpg\" target=\"_blank\" rel=\"noopener\"><img loading=\"lazy\" decoding=\"async\" src=\"http:\/\/sct.uab.cat\/sti\/sites\/sct.uab.cat.sti\/files\/images\/122_007PET.jpg\" alt=\"En gran fent click\" width=\"70\" height=\"62\" border=\"0\"><\/a> <a href=\"http:\/\/sct.uab.cat\/sti\/sites\/sct.uab.cat.sti\/files\/images\/155_002.jpg\" target=\"_blank\" rel=\"noopener\"><img loading=\"lazy\" decoding=\"async\" src=\"http:\/\/sct.uab.cat\/sti\/sites\/sct.uab.cat.sti\/files\/images\/155_002PET.jpg\" alt=\"En gran fent click\" width=\"70\" height=\"65\" border=\"0\"><\/a> <a href=\"http:\/\/sct.uab.cat\/sti\/sites\/sct.uab.cat.sti\/files\/images\/407_003.jpg\" target=\"_blank\" rel=\"noopener\"><img loading=\"lazy\" decoding=\"async\" src=\"http:\/\/sct.uab.cat\/sti\/sites\/sct.uab.cat.sti\/files\/images\/407_003PET.jpg\" alt=\"En gran fent click\" width=\"70\" height=\"48\" border=\"0\"><\/a> <a href=\"http:\/\/sct.uab.cat\/sti\/sites\/sct.uab.cat.sti\/files\/images\/83_018.jpg\" target=\"_blank\" rel=\"noopener\"><img loading=\"lazy\" decoding=\"async\" src=\"http:\/\/sct.uab.cat\/sti\/sites\/sct.uab.cat.sti\/files\/images\/83_018PET.jpg\" alt=\"En gran fent click\" width=\"70\" height=\"67\" border=\"0\"><\/a> <a href=\"http:\/\/sct.uab.cat\/sti\/sites\/sct.uab.cat.sti\/files\/images\/410_004.jpg\" target=\"_blank\" rel=\"noopener\"><img loading=\"lazy\" decoding=\"async\" src=\"http:\/\/sct.uab.cat\/sti\/sites\/sct.uab.cat.sti\/files\/images\/410_004PET.jpg\" alt=\"En gran fent click\" width=\"70\" height=\"39\" border=\"0\"><\/a> <a href=\"http:\/\/sct.uab.cat\/sti\/sites\/sct.uab.cat.sti\/files\/images\/Dibujo.jpg\" target=\"_blank\" rel=\"noopener\"><img loading=\"lazy\" decoding=\"async\" src=\"http:\/\/sct.uab.cat\/sti\/sites\/sct.uab.cat.sti\/files\/images\/DibujoPET.jpg\" alt=\"En gran fent click\" width=\"70\" height=\"47\" border=\"0\"><\/a> <a href=\"http:\/\/sct.uab.cat\/sti\/sites\/sct.uab.cat.sti\/files\/images\/295_005.jpg\" target=\"_blank\" rel=\"noopener\"><img loading=\"lazy\" decoding=\"async\" src=\"http:\/\/sct.uab.cat\/sti\/sites\/sct.uab.cat.sti\/files\/images\/295_005PET.jpg\" alt=\"En gran fent click\" width=\"70\" height=\"56\" border=\"0\"><\/a> <a href=\"http:\/\/sct.uab.cat\/sti\/sites\/sct.uab.cat.sti\/files\/images\/292_004.jpg\" target=\"_blank\" rel=\"noopener\"><img loading=\"lazy\" decoding=\"async\" src=\"http:\/\/sct.uab.cat\/sti\/sites\/sct.uab.cat.sti\/files\/images\/292_004PET.jpg\" alt=\"En gran fent click\" width=\"70\" height=\"40\" border=\"0\"><\/a> <a href=\"http:\/\/sct.uab.cat\/sti\/sites\/sct.uab.cat.sti\/files\/images\/283_001.jpg\" target=\"_blank\" rel=\"noopener\"><img loading=\"lazy\" decoding=\"async\" src=\"http:\/\/sct.uab.cat\/sti\/sites\/sct.uab.cat.sti\/files\/images\/283_001PET.jpg\" alt=\"En gran fent click\" width=\"70\" height=\"36\" border=\"0\"><\/a><\/p>\n<\/ul>\n<\/li>\n<\/ul>\n<p>     <\/p>\n","protected":false},"excerpt":{"rendered":"<p>La composici&oacute; exacte del material que estan fetes les impressions nom&eacute;s la sap el fabricant per&ograve; el material inicial &eacute;s semblant a guix en pols i la figura resultant tindr&agrave; una resist&egrave;ncia similar a la cer&agrave;mica. S&oacute;n maquetes, si cauen al terra s&#8217;esmicolen. La caracter&iacute;stica b&agrave;sica d&#8217;aquesta classe d&#8217;impressora &eacute;s el fet de que imprimeix [&hellip;]<\/p>\n","protected":false},"author":20,"featured_media":0,"parent":0,"menu_order":0,"comment_status":"closed","ping_status":"closed","template":"","meta":{"footnotes":""},"class_list":["post-75","page","type-page","status-publish","hentry"],"_links":{"self":[{"href":"https:\/\/webs.uab.cat\/sti\/wp-json\/wp\/v2\/pages\/75","targetHints":{"allow":["GET"]}}],"collection":[{"href":"https:\/\/webs.uab.cat\/sti\/wp-json\/wp\/v2\/pages"}],"about":[{"href":"https:\/\/webs.uab.cat\/sti\/wp-json\/wp\/v2\/types\/page"}],"author":[{"embeddable":true,"href":"https:\/\/webs.uab.cat\/sti\/wp-json\/wp\/v2\/users\/20"}],"replies":[{"embeddable":true,"href":"https:\/\/webs.uab.cat\/sti\/wp-json\/wp\/v2\/comments?post=75"}],"version-history":[{"count":0,"href":"https:\/\/webs.uab.cat\/sti\/wp-json\/wp\/v2\/pages\/75\/revisions"}],"wp:attachment":[{"href":"https:\/\/webs.uab.cat\/sti\/wp-json\/wp\/v2\/media?parent=75"}],"curies":[{"name":"wp","href":"https:\/\/api.w.org\/{rel}","templated":true}]}}