{"id":78,"date":"2010-06-22T16:26:37","date_gmt":"2010-06-22T16:26:37","guid":{"rendered":"https:\/\/webs.uab.cat\/sti\/posters\/"},"modified":"2022-08-22T12:59:15","modified_gmt":"2022-08-22T12:59:15","slug":"posters","status":"publish","type":"page","link":"https:\/\/webs.uab.cat\/sti\/posters\/","title":{"rendered":"P\u00f2sters"},"content":{"rendered":"\n<ul class=\"wp-block-list\"><li> Document pdf de com convertir un <strong>p\u00f2ster<\/strong> a pdf per a previsualitzar possibles problemes d&#8217;impressi\u00f3: <ul><li> <a rel=\"noreferrer noopener\" href=\"https:\/\/webs.uab.cat\/sti\/wp-content\/uploads\/sites\/180\/2017\/03\/Convertir_PDF-CAT.pdf\" data-type=\"attachment\" data-id=\"42\" target=\"_blank\">En Catal\u00e0<\/a> <\/li><li> <a href=\"https:\/\/webs.uab.cat\/sti\/wp-content\/uploads\/sites\/180\/2017\/03\/Convertir_PDF-ESP.pdf\" data-type=\"attachment\" data-id=\"45\">En Castellano<\/a> (realizar un pdf del <strong>p\u00f3ster<\/strong> para ver posibles problemas de impresi\u00f3n)  <\/li><\/ul><\/li><li> Consells per a realitzar <strong>p\u00f2sters<\/strong>: <ul><li> La mida m\u00e0xima d&#8217;impressi\u00f3 d&#8217;un document powerpoint 2003 son 135cm de llarg, powerpoint deixa crear documents de 142cm per\u00f2 no s&#8217;imprimiran sencers. <\/li><li> Les transpar\u00e8ncies <strong>realitzades amb powerpoint<\/strong> no s&#8217;imprimeixen correctament, al realitzar el pdf observareu com les transpar\u00e8ncies surten entramades (puntejades) i aix\u00ed \u00e9s com s&#8217;imprimiran, es recomana usar colors sense transpar\u00e8ncies o realitzar-les a part (p.e. generar una imatge amb Photoshop). <\/li><li> B\u00e0sicament disposem de dues amplades de paper (90cm i 105cm), si b\u00e9 es cert que les mides exigides als congressos son molt variables, si una de les dues mides del vostre p\u00f2ster (la horitzontal o la vertical) s&#8217;ajusta a alguna d&#8217;aquestes mides, el podrem imprimir molt m\u00e9s r\u00e0pid. <\/li><li> Si useu una font (tipografia, tipus de lletra) <strong>no habitual<\/strong> en el vostre p\u00f2ster porteu-la per tal de que puguem instal\u00b7lar-la sin\u00f3 la lletra es veur\u00e0 diferent a com preteneu. <\/li><li> El format digital m\u00e9s habitual del p\u00f2ster \u00e9s el Powerpoint 2003, per\u00f2 tamb\u00e9 es poden imprimir documents en Powerpoint 2007, PDF&#8217;s, CorelDraw12, imatges i documents Photoshop, per\u00f2 sempre que tinguin la qualitat i\/o mida adients. <\/li><li> Per a impressi\u00f3 en suports especials (vinil, canvas&#8230;) consulteu primer la disponibilitat.  <\/li><\/ul><\/li><\/ul>\n","protected":false},"excerpt":{"rendered":"<p>Document pdf de com convertir un p\u00f2ster a pdf per a previsualitzar possibles problemes d&#8217;impressi\u00f3: En Catal\u00e0 En Castellano (realizar un pdf del p\u00f3ster para ver posibles problemas de impresi\u00f3n) Consells per a realitzar p\u00f2sters: La mida m\u00e0xima d&#8217;impressi\u00f3 d&#8217;un document powerpoint 2003 son 135cm de llarg, powerpoint deixa crear documents de 142cm per\u00f2 no [&hellip;]<\/p>\n","protected":false},"author":20,"featured_media":0,"parent":0,"menu_order":0,"comment_status":"closed","ping_status":"closed","template":"","meta":{"footnotes":""},"class_list":["post-78","page","type-page","status-publish","hentry"],"_links":{"self":[{"href":"https:\/\/webs.uab.cat\/sti\/wp-json\/wp\/v2\/pages\/78","targetHints":{"allow":["GET"]}}],"collection":[{"href":"https:\/\/webs.uab.cat\/sti\/wp-json\/wp\/v2\/pages"}],"about":[{"href":"https:\/\/webs.uab.cat\/sti\/wp-json\/wp\/v2\/types\/page"}],"author":[{"embeddable":true,"href":"https:\/\/webs.uab.cat\/sti\/wp-json\/wp\/v2\/users\/20"}],"replies":[{"embeddable":true,"href":"https:\/\/webs.uab.cat\/sti\/wp-json\/wp\/v2\/comments?post=78"}],"version-history":[{"count":1,"href":"https:\/\/webs.uab.cat\/sti\/wp-json\/wp\/v2\/pages\/78\/revisions"}],"predecessor-version":[{"id":372,"href":"https:\/\/webs.uab.cat\/sti\/wp-json\/wp\/v2\/pages\/78\/revisions\/372"}],"wp:attachment":[{"href":"https:\/\/webs.uab.cat\/sti\/wp-json\/wp\/v2\/media?parent=78"}],"curies":[{"name":"wp","href":"https:\/\/api.w.org\/{rel}","templated":true}]}}