{"id":121,"date":"2009-05-08T11:14:38","date_gmt":"2009-05-08T09:14:38","guid":{"rendered":"https:\/\/webs.uab.cat\/stp\/team\/"},"modified":"2023-06-28T15:29:41","modified_gmt":"2023-06-28T13:29:41","slug":"team","status":"publish","type":"page","link":"https:\/\/webs.uab.cat\/stp\/en\/team\/","title":{"rendered":"Team"},"content":{"rendered":"<p class=\"rteindent1\">Manager: <strong>Eul\u00e0lia Bonet Alsina<\/strong><\/p>\n<p class=\"rteindent1\"><em><a href=\"mailto:eulalia.bonet@uab.cat\">eulalia.bonet@uab.cat<\/a><\/em><\/p>\n<p class=\"rteindent1\">T +34 93 581 2361<\/p>\n<p class=\"rteindent1\">____________________________________<\/p>\n<p class=\"rteindent1\">Technical Unit: <strong>Joaqu\u00edn R\u00f3denas<\/strong><\/p>\n<p class=\"rteindent1\"><em><a href=\"mailto:joaquin.rodenas@uab.cat\">joaquin.rodenas@uab.cat<\/a><\/em><\/p>\n<p class=\"rteindent1\">T +34 93 581 2332<\/p>\n<p class=\"rteindent1\">\n","protected":false},"excerpt":{"rendered":"<p>Manager: Eul\u00e0lia Bonet Alsina eulalia.bonet@uab.cat T +34 93 581 2361 ____________________________________ Technical Unit: Joaqu\u00edn R\u00f3denas joaquin.rodenas@uab.cat T +34 93 581 2332<\/p>\n","protected":false},"author":20,"featured_media":0,"parent":0,"menu_order":0,"comment_status":"closed","ping_status":"closed","template":"","meta":{"footnotes":""},"class_list":["post-121","page","type-page","status-publish","hentry"],"_links":{"self":[{"href":"https:\/\/webs.uab.cat\/stp\/en\/wp-json\/wp\/v2\/pages\/121","targetHints":{"allow":["GET"]}}],"collection":[{"href":"https:\/\/webs.uab.cat\/stp\/en\/wp-json\/wp\/v2\/pages"}],"about":[{"href":"https:\/\/webs.uab.cat\/stp\/en\/wp-json\/wp\/v2\/types\/page"}],"author":[{"embeddable":true,"href":"https:\/\/webs.uab.cat\/stp\/en\/wp-json\/wp\/v2\/users\/20"}],"replies":[{"embeddable":true,"href":"https:\/\/webs.uab.cat\/stp\/en\/wp-json\/wp\/v2\/comments?post=121"}],"version-history":[{"count":1,"href":"https:\/\/webs.uab.cat\/stp\/en\/wp-json\/wp\/v2\/pages\/121\/revisions"}],"predecessor-version":[{"id":123,"href":"https:\/\/webs.uab.cat\/stp\/en\/wp-json\/wp\/v2\/pages\/121\/revisions\/123"}],"wp:attachment":[{"href":"https:\/\/webs.uab.cat\/stp\/en\/wp-json\/wp\/v2\/media?parent=121"}],"curies":[{"name":"wp","href":"https:\/\/api.w.org\/{rel}","templated":true}]}}