{"id":31,"date":"2009-05-08T11:25:32","date_gmt":"2009-05-08T09:25:32","guid":{"rendered":"https:\/\/webs.uab.cat\/stp\/serveis\/"},"modified":"2009-05-08T11:25:32","modified_gmt":"2009-05-08T09:25:32","slug":"serveis","status":"publish","type":"page","link":"https:\/\/webs.uab.cat\/stp\/serveis\/","title":{"rendered":"Serveis"},"content":{"rendered":"<ul>\n<li>\n<p align=\"justify\">Enregistrament de qualitat de produccions orals mitjan\u00e7ant un equipament actualitzat i d\u2019alt rendiment, en un espai dissenyat espec\u00edficament per a aquesta finalitat i amb un t\u00e8cnic de suport especialitzat.<\/p>\n<\/li>\n<li>\n<p align=\"justify\">Assessorament sobre el procediment d\u2019\u00fas de les instal\u00b7lacions i l\u2019equipament de l\u2019espai.<\/p>\n<\/li>\n<li>\n<p align=\"justify\">Disponibilitat d&#8217;un espai per al tractament i an\u00e0lisi de dades ac\u00fastiques, i per a la preparaci\u00f3 d\u2019est\u00edmuls ac\u00fastics naturals i sintetitzats mitjan\u00e7ant eines especialitzades, aix\u00ed com per a l&#8217;administraci\u00f3 de tests de percepci\u00f3 i tasques relacionades.<\/p>\n<\/li>\n<li>\n<p align=\"justify\">Formaci\u00f3 especialitzada sobre&nbsp;t\u00e8cniques de tractament,&nbsp;enregistrament&nbsp;i an\u00e0lisi de dades recollides amb l&#8217;equipament&nbsp;de l\u2019STPS.<\/p>\n<\/li>\n<li>\n<p align=\"justify\">Digitalitzaci\u00f3 de suports sonors anal\u00f2gics.<\/p>\n<\/li>\n<\/ul>\n","protected":false},"excerpt":{"rendered":"<p>Enregistrament de qualitat de produccions orals mitjan\u00e7ant un equipament actualitzat i d\u2019alt rendiment, en un espai dissenyat espec\u00edficament per a aquesta finalitat i amb un t\u00e8cnic de suport especialitzat. Assessorament sobre el procediment d\u2019\u00fas de les instal\u00b7lacions i l\u2019equipament de l\u2019espai. Disponibilitat d&#8217;un espai per al tractament i an\u00e0lisi de dades ac\u00fastiques, i per a [&hellip;]<\/p>\n","protected":false},"author":20,"featured_media":0,"parent":0,"menu_order":0,"comment_status":"closed","ping_status":"closed","template":"","meta":{"footnotes":""},"class_list":["post-31","page","type-page","status-publish","hentry"],"_links":{"self":[{"href":"https:\/\/webs.uab.cat\/stp\/wp-json\/wp\/v2\/pages\/31","targetHints":{"allow":["GET"]}}],"collection":[{"href":"https:\/\/webs.uab.cat\/stp\/wp-json\/wp\/v2\/pages"}],"about":[{"href":"https:\/\/webs.uab.cat\/stp\/wp-json\/wp\/v2\/types\/page"}],"author":[{"embeddable":true,"href":"https:\/\/webs.uab.cat\/stp\/wp-json\/wp\/v2\/users\/20"}],"replies":[{"embeddable":true,"href":"https:\/\/webs.uab.cat\/stp\/wp-json\/wp\/v2\/comments?post=31"}],"version-history":[{"count":0,"href":"https:\/\/webs.uab.cat\/stp\/wp-json\/wp\/v2\/pages\/31\/revisions"}],"wp:attachment":[{"href":"https:\/\/webs.uab.cat\/stp\/wp-json\/wp\/v2\/media?parent=31"}],"curies":[{"name":"wp","href":"https:\/\/api.w.org\/{rel}","templated":true}]}}