{"id":32,"date":"2013-06-05T12:57:53","date_gmt":"2013-06-05T10:57:53","guid":{"rendered":"https:\/\/webs.uab.cat\/stp\/servei-de-tractament-de-la-parla-i-del-so\/"},"modified":"2025-03-31T11:22:12","modified_gmt":"2025-03-31T09:22:12","slug":"servei-de-tractament-de-la-parla-i-del-so","status":"publish","type":"page","link":"https:\/\/webs.uab.cat\/stp\/","title":{"rendered":"Servei de Tractament de la Parla i del So"},"content":{"rendered":"<p>El <strong>Servei de Tractament de la Parla i del So (STPS)<\/strong> \u00e9s un servei de suport a la doc\u00e8ncia de la Facultat de Filosofia i Lletres de la UAB, amb funcions addicionals de suport a la recerca. Ofereix instal\u00b7lacions, equipament i suport t\u00e8cnic per a l\u2019enregistrament i el tractament de dades ac\u00fastiques i digitalitzaci\u00f3 de suports sonors anal\u00f2gics, entre altres.<\/p>\n<p>L\u2019STPS dona servei priorit\u00e0riament al personal docent i investigador, personal en formaci\u00f3 i estudiants dels departaments de Filologia Anglesa i German\u00edstica, Filologia Catalana, Filologia Espanyola, Filologia Francesa i Rom\u00e0nica, i Art i Musicologia, aix\u00ed com a d\u2019altres ens de la UAB.<\/p>\n<p>El <a href=\"https:\/\/webs.uab.cat\/stp\/wp-content\/uploads\/sites\/263\/2025\/03\/A15_Reglament-del-Servei-de-Tractament-de-la-Parla-i-el-So-3.pdf\">Reglament<\/a> de l\u2019STPS detalla tots els aspectes importants relacionats amb el Servei.<\/p>\n\n\n<p><\/p>\n","protected":false},"excerpt":{"rendered":"<p>El Servei de Tractament de la Parla i del So (STPS) \u00e9s un servei de suport a la doc\u00e8ncia de la Facultat de Filosofia i Lletres de la UAB, amb funcions addicionals de suport a la recerca. Ofereix instal\u00b7lacions, equipament i suport t\u00e8cnic per a l\u2019enregistrament i el tractament de dades ac\u00fastiques i digitalitzaci\u00f3 de [&hellip;]<\/p>\n","protected":false},"author":20,"featured_media":0,"parent":0,"menu_order":0,"comment_status":"closed","ping_status":"closed","template":"","meta":{"footnotes":""},"class_list":["post-32","page","type-page","status-publish","hentry"],"_links":{"self":[{"href":"https:\/\/webs.uab.cat\/stp\/wp-json\/wp\/v2\/pages\/32","targetHints":{"allow":["GET"]}}],"collection":[{"href":"https:\/\/webs.uab.cat\/stp\/wp-json\/wp\/v2\/pages"}],"about":[{"href":"https:\/\/webs.uab.cat\/stp\/wp-json\/wp\/v2\/types\/page"}],"author":[{"embeddable":true,"href":"https:\/\/webs.uab.cat\/stp\/wp-json\/wp\/v2\/users\/20"}],"replies":[{"embeddable":true,"href":"https:\/\/webs.uab.cat\/stp\/wp-json\/wp\/v2\/comments?post=32"}],"version-history":[{"count":6,"href":"https:\/\/webs.uab.cat\/stp\/wp-json\/wp\/v2\/pages\/32\/revisions"}],"predecessor-version":[{"id":289,"href":"https:\/\/webs.uab.cat\/stp\/wp-json\/wp\/v2\/pages\/32\/revisions\/289"}],"wp:attachment":[{"href":"https:\/\/webs.uab.cat\/stp\/wp-json\/wp\/v2\/media?parent=32"}],"curies":[{"name":"wp","href":"https:\/\/api.w.org\/{rel}","templated":true}]}}