{"id":113,"date":"2025-09-05T12:39:32","date_gmt":"2025-09-05T10:39:32","guid":{"rendered":"https:\/\/webs.uab.cat\/suport-convenis\/?page_id=113"},"modified":"2026-02-06T14:15:40","modified_gmt":"2026-02-06T12:15:40","slug":"revisio","status":"publish","type":"page","link":"https:\/\/webs.uab.cat\/suport-convenis\/revisio\/","title":{"rendered":"Revisi\u00f3, autoritzaci\u00f3 i signatura"},"content":{"rendered":"\n<p>La signatura i autoritzaci\u00f3 de convenis a la UAB requereix l\u2019aprovaci\u00f3 de diversos \u00f2rgans t\u00e8cnics i de direcci\u00f3. Aquesta <strong>fase de revisi\u00f3 i autoritzaci\u00f3 s\u2019inicia un cop superada la fase de sol\u00b7licitud<\/strong>, determinada a l\u2019apartat anterior, i es basa en la valoraci\u00f3 dels informes jur\u00eddics i econ\u00f2mics corresponents, aix\u00ed com en els <strong>informes<\/strong> emesos pels equips de govern i de ger\u00e8ncia.<\/p>\n\n\n\n<p><strong>Aquest proc\u00e9s pot tenir una durada de diverses setmanes<\/strong>, ja que necessita recopilar i analitzar tots els informes establerts per garantir la seguretat jur\u00eddica i la viabilitat econ\u00f2mica dels convenis. D\u2019aquesta manera, es garanteix que les col\u00b7laboracions de la UAB amb l\u2019entorn acad\u00e8mic, social i empresarial es desenvolupin amb garanties i efic\u00e0cia.<\/p>\n\n\n\n<details class=\"wp-block-mamaduka-toggles wp-block-toggles\"><summary>Informes<\/summary><div class=\"wp-block-toggles__content\">\n<p>Abans de la signatura de qualsevol conveni, protocol o contracte, s\u2019hauran de sol\u00b7licitar els informes seg\u00fcents, que es gestionaran <strong>dins del procediment de comentaris i documentaci\u00f3 del tramitador de convenis<\/strong>:<\/p>\n\n\n\n<ul class=\"wp-block-list\">\n<li><strong>Informe jur\u00eddic<\/strong><br>Assegura que la proposta s\u2019ajusta a la normativa vigent i a les compet\u00e8ncies de la UAB. El Gabinet Jur\u00eddic \u00e9s responsable de la revisi\u00f3, directament o mitjan\u00e7ant criteris establerts per a les unitats gerencials. No ser\u00e0 necessari si s\u2019utilitza un model aprovat pel reglament.<br>Quan s\u2019escaigui, tamb\u00e9 s\u2019inclour\u00e0 la <strong>revisi\u00f3 del delegat de protecci\u00f3 de dades<\/strong>, especialment en convenis que impliquin tractament de dades personals.<\/li>\n\n\n\n<li><strong>Informe econ\u00f2mic<\/strong><br>Obligatori per a convenis que comportin despeses a c\u00e0rrec del pressupost de la UAB. L\u2019han d\u2019emetre el membre de l\u2019Equip de Govern i la Ger\u00e8ncia amb compet\u00e8ncies econ\u00f2miques, i pot requerir el vistiplau del responsable del centre de cost afectat.<\/li>\n\n\n\n<li><strong>Informe de l\u2019Equip de Govern<\/strong><br>El membre competent ha de validar la conveni\u00e8ncia i oportunitat de la proposta. Es poden demanar altres autoritzacions dins l\u2019Equip de Govern si el contingut ho requereix.<\/li>\n\n\n\n<li><strong>Informe de la Ger\u00e8ncia<\/strong><br>La persona responsable de l\u2019\u00e0mbit gerencial corresponent ha d\u2019avaluar la proposta segons les seves compet\u00e8ncies. Tamb\u00e9 es poden demanar informes a altres \u00e0mbits gerencials relacionats.<\/li>\n<\/ul>\n<\/div><\/details>\n\n\n\n<details class=\"wp-block-mamaduka-toggles wp-block-toggles\"><summary>Modificacions <\/summary><div class=\"wp-block-toggles__content\">\n<p>Les <strong>modificacions derivades dels informes<\/strong> s\u2019han de comunicar al promotor\/a mitjan\u00e7ant el tramitador, perqu\u00e8 s\u2019incorporin al text si s\u00f3n legalment exigibles o si cal consensuar-les amb les altres parts implicades.<\/p>\n<\/div><\/details>\n\n\n\n<details class=\"wp-block-mamaduka-toggles wp-block-toggles\"><summary>Signatura<\/summary><div class=\"wp-block-toggles__content\">\n<p><strong>Proc\u00e9s de signatura<\/strong><br>Un cop obtinguts tots els informes preceptius, s\u2019inicia el proc\u00e9s de signatura. <br><\/p>\n\n\n\n<p>Preferentment, aquest proc\u00e9s l\u2019inicia la UAB, tot i que en casos determinats pot ser iniciat per l\u2019altra o les altres parts implicades. La signatura pot fer-se en acte protocol\u00b7lari o de manera separada per a cada part.<\/p>\n\n\n\n<p>La gesti\u00f3 de la signatura per part de l\u2019altra o les altres entitats implicades en el conveni recau en el promotor del conveni. <\/p>\n\n\n\n<p><strong>Compet\u00e8ncia per a la signatura<\/strong><br>El rector o la rectora \u00e9s qui t\u00e9 la compet\u00e8ncia per signar convenis, protocols i contractes en nom de la UAB. Aquesta signatura pot ser delegada a altres membres del seu equip o a \u00f2rgans unipersonals de govern territorial.<\/p>\n\n\n\n<p><strong>Arxiu i cust\u00f2dia<\/strong><br>Un cop signat el conveni per totes les parts, l\u2019\u00e0mbit de gesti\u00f3 corresponent arxiva i custodia l\u2019exemplar original de la UAB, seguint la normativa vigent.<\/p>\n<\/div><\/details>\n\n\n\n<hr class=\"wp-block-separator has-alpha-channel-opacity\" \/>\n\n\n\n<details class=\"wp-block-mamaduka-toggles wp-block-toggles has-verd-tropic-color has-text-color has-link-color wp-elements-cf738b1192f827bbfa2b529795963b0b\"><summary><strong>Manual d\u2019ajuda per a la revisi\u00f3<\/strong><\/summary><div class=\"wp-block-toggles__content\">\n<h3 class=\"wp-block-heading has-negre-eben-color has-text-color has-link-color wp-elements-63859c2d0bfe1512c0a8c1e13be7fd76\">Com fer la revisi\u00f3  pas a pas per part d\u2019una persona assignada com a revisora d\u2019una proposta<\/h3>\n\n\n\n<p class=\"has-verd-tropic-color has-text-color has-link-color wp-elements-344367dd51bb177550ca424b7de60a01\">Quan a una persona revisora se li assigna un conveni per a la seva valoraci\u00f3, rebr\u00e0 un <strong>correu electr\u00f2nic d\u2019av\u00eds<\/strong> amb l\u2019enlla\u00e7 directe a les <strong>tasques pendents<\/strong> dins del tramitador de convenis.<\/p>\n\n\n\n<blockquote class=\"wp-block-quote is-layout-flow wp-block-quote-is-layout-flow\">\n<p class=\"has-negre-eben-color has-text-color has-link-color has-small-font-size wp-elements-a442aa44e90142d01bc2b9d407d4c070\" style=\"font-style:normal;font-weight:200\">Benvolguda, benvolgut,<\/p>\n\n\n\n<p class=\"has-negre-eben-color has-text-color has-link-color has-small-font-size wp-elements-505526a5278d52425e9cfe5933f927f6\" style=\"font-style:normal;font-weight:200\">tens una nova tasca de revisi\u00f3 a la plataforma de tramitaci\u00f3 per al conveni [[T\u00cdTOL DEL CONVENI] amb codi d&#8217;expedient [CODI DEL CONVENI]. Pots accedir al tramitador des d&#8217;aquest&nbsp;[ACC\u00c9S TRAMITADOR]<\/p>\n\n\n\n<p class=\"has-negre-eben-color has-text-color has-link-color has-small-font-size wp-elements-4f17a729424f763aa0946b14025cd68d\" style=\"font-style:normal;font-weight:200\">Aquest \u00e9s un correu autom\u00e0tic, si us plau no responguis a aquesta adre\u00e7a. Si necessites contactar, envia un correu a [CORREU \u00c0MBIT DE GESTI\u00d3]<\/p>\n\n\n\n<p class=\"has-negre-eben-color has-text-color has-link-color has-small-font-size wp-elements-26767cc1f1755f3987092932ee094472\" style=\"font-style:normal;font-weight:200\">Trobareu m\u00e9s informaci\u00f3 i manuals d&#8217;\u00fas a&nbsp;<a href=\"https:\/\/seuelectronica.uab.cat\/convenis\">https:\/\/seuelectronica.uab.cat\/convenis<\/a><\/p>\n\n\n\n<p class=\"has-negre-eben-color has-text-color has-link-color has-small-font-size wp-elements-58f74fb5ed0192e84ca48ac18c32a614\" style=\"font-style:normal;font-weight:200\"><strong>\u00c0MBIT DE GESTI\u00d3<\/strong><\/p>\n<\/blockquote>\n\n\n\n<hr class=\"wp-block-separator has-alpha-channel-opacity\" \/>\n\n\n\n<p class=\"has-verd-tropic-color has-text-color has-link-color wp-elements-86b30a6ae83f5834875b0eaa4ed24ee9\">Per fer la revisi\u00f3, cal seguir els passos seg\u00fcents:<\/p>\n\n\n\n<p class=\"has-verd-tropic-color has-text-color has-link-color wp-elements-f0952d1a35981f3b27599515ac84bf9d\"><strong>Accedir a l\u2019expedient<\/strong> corresponent a trav\u00e9s del tramitador: <br><a href=\"https:\/\/eadmin.uab.cat\/tramitador\/\">https:\/\/eadmin.uab.cat\/tramitador\/<\/a><br><br>o des de l&#8217;enlla\u00e7 del correu electr\u00f2nic rebut:<\/p>\n\n\n\n<figure class=\"wp-block-image size-full\"><img loading=\"lazy\" decoding=\"async\" width=\"293\" height=\"63\" src=\"https:\/\/webs.uab.cat\/suport-convenis\/wp-content\/uploads\/sites\/670\/2025\/09\/imatge-37.png\" alt=\"\" class=\"wp-image-175\" \/><\/figure>\n\n\n\n<hr class=\"wp-block-separator has-alpha-channel-opacity\" \/>\n\n\n\n<p class=\"has-verd-tropic-color has-text-color has-link-color wp-elements-a96d2e771af5fb26dc8f4ba90bb2bb6a\"><strong>Revisar la documentaci\u00f3<\/strong> i el contingut del conveni proposat.<\/p>\n\n\n\n<figure class=\"wp-block-image size-full\"><img loading=\"lazy\" decoding=\"async\" width=\"824\" height=\"784\" src=\"https:\/\/webs.uab.cat\/suport-convenis\/wp-content\/uploads\/sites\/670\/2025\/09\/imatge-38.png\" alt=\"\" class=\"wp-image-176\" srcset=\"https:\/\/webs.uab.cat\/suport-convenis\/wp-content\/uploads\/sites\/670\/2025\/09\/imatge-38.png 824w, https:\/\/webs.uab.cat\/suport-convenis\/wp-content\/uploads\/sites\/670\/2025\/09\/imatge-38-300x285.png 300w, https:\/\/webs.uab.cat\/suport-convenis\/wp-content\/uploads\/sites\/670\/2025\/09\/imatge-38-768x731.png 768w\" sizes=\"auto, (max-width: 824px) 100vw, 824px\" \/><\/figure>\n\n\n\n<hr class=\"wp-block-separator has-alpha-channel-opacity\" \/>\n\n\n\n<p class=\"has-verd-tropic-color has-text-color has-link-color wp-elements-510a5bc91c0fa84ecdd7cf51c3b8c9fb\"><strong>Consultar els comentaris<\/strong> fets per altres revisors, si n\u2019hi ha. Aquests es troben a la <strong>banda dreta de la pantalla<\/strong>, a l\u2019apartat <strong>\u201cDades del tr\u00e0mit\u201d<\/strong>.<br><\/p>\n\n\n\n<figure class=\"wp-block-image size-full\"><img loading=\"lazy\" decoding=\"async\" width=\"777\" height=\"615\" src=\"https:\/\/webs.uab.cat\/suport-convenis\/wp-content\/uploads\/sites\/670\/2025\/09\/imatge-41.png\" alt=\"\" class=\"wp-image-179\" srcset=\"https:\/\/webs.uab.cat\/suport-convenis\/wp-content\/uploads\/sites\/670\/2025\/09\/imatge-41.png 777w, https:\/\/webs.uab.cat\/suport-convenis\/wp-content\/uploads\/sites\/670\/2025\/09\/imatge-41-300x237.png 300w, https:\/\/webs.uab.cat\/suport-convenis\/wp-content\/uploads\/sites\/670\/2025\/09\/imatge-41-768x608.png 768w\" sizes=\"auto, (max-width: 777px) 100vw, 777px\" \/><\/figure>\n\n\n\n<p class=\"has-verd-tropic-color has-text-color has-link-color wp-elements-4e12f549aac9a4ea21964d67504a60a8\"><strong>IMPORTANT:<\/strong> <em>No s\u2019ha de redactar l\u2019informe del revisor en aquest apartat.<\/em> Cal utilitzar exclusivament l\u2019espai habilitat al peu de p\u00e0gina (Comentari de la revisi\u00f3*) per introduir l\u2019informe de revisi\u00f3.<\/p>\n\n\n\n<hr class=\"wp-block-separator has-alpha-channel-opacity\" \/>\n\n\n\n<p class=\"has-verd-tropic-color has-text-color has-link-color wp-elements-1fe36c8a6ee6572158e90bbf2d8093a3\"><strong>Redactar l\u2019informe de revisi\u00f3<\/strong> a l\u2019espai habilitat al peu de p\u00e0gina: <strong>Comentari de la revisi\u00f3*<\/strong><br><br>Aquest informe \u00e9s <strong>obligatori<\/strong>.<\/p>\n\n\n\n<p class=\"has-marro-stradivari-color has-text-color has-link-color wp-elements-0b04da1237d300b897059c8f9827cd58\"><\/p>\n\n\n\n<figure class=\"wp-block-image size-full is-resized\"><img loading=\"lazy\" decoding=\"async\" width=\"620\" height=\"671\" src=\"https:\/\/webs.uab.cat\/suport-convenis\/wp-content\/uploads\/sites\/670\/2025\/09\/imatge-43.png\" alt=\"\" class=\"wp-image-183\" style=\"width:275px;height:auto\" srcset=\"https:\/\/webs.uab.cat\/suport-convenis\/wp-content\/uploads\/sites\/670\/2025\/09\/imatge-43.png 620w, https:\/\/webs.uab.cat\/suport-convenis\/wp-content\/uploads\/sites\/670\/2025\/09\/imatge-43-277x300.png 277w\" sizes=\"auto, (max-width: 620px) 100vw, 620px\" \/><\/figure>\n\n\n\n<figure class=\"wp-block-image size-full\"><img loading=\"lazy\" decoding=\"async\" width=\"644\" height=\"136\" src=\"https:\/\/webs.uab.cat\/suport-convenis\/wp-content\/uploads\/sites\/670\/2025\/09\/imatge-42.png\" alt=\"\" class=\"wp-image-180\" srcset=\"https:\/\/webs.uab.cat\/suport-convenis\/wp-content\/uploads\/sites\/670\/2025\/09\/imatge-42.png 644w, https:\/\/webs.uab.cat\/suport-convenis\/wp-content\/uploads\/sites\/670\/2025\/09\/imatge-42-300x63.png 300w\" sizes=\"auto, (max-width: 644px) 100vw, 644px\" \/><\/figure>\n\n\n\n<p class=\"has-verd-tropic-color has-text-color has-link-color wp-elements-a7f9aec62700643979fa89fbf2eddfc3\">Un cop completada la revisi\u00f3, cal <strong>fer clic a \u201cEnviar\u201d<\/strong> per registrar l\u2019informe.<\/p>\n\n\n\n<p><\/p>\n<\/div><\/details>\n\n\n\n<p><\/p>\n","protected":false},"excerpt":{"rendered":"<p>La signatura i autoritzaci\u00f3 de convenis a la UAB requereix l\u2019aprovaci\u00f3 de diversos \u00f2rgans t\u00e8cnics i de direcci\u00f3. Aquesta fase de revisi\u00f3 i autoritzaci\u00f3 s\u2019inicia un cop superada la fase de sol\u00b7licitud, determinada a l\u2019apartat anterior, i es basa en la valoraci\u00f3 dels informes jur\u00eddics i econ\u00f2mics corresponents, aix\u00ed com en els informes emesos pels [&hellip;]<\/p>\n","protected":false},"author":26,"featured_media":0,"parent":0,"menu_order":3,"comment_status":"closed","ping_status":"closed","template":"","meta":{"footnotes":""},"class_list":["post-113","page","type-page","status-publish","hentry"],"_links":{"self":[{"href":"https:\/\/webs.uab.cat\/suport-convenis\/wp-json\/wp\/v2\/pages\/113","targetHints":{"allow":["GET"]}}],"collection":[{"href":"https:\/\/webs.uab.cat\/suport-convenis\/wp-json\/wp\/v2\/pages"}],"about":[{"href":"https:\/\/webs.uab.cat\/suport-convenis\/wp-json\/wp\/v2\/types\/page"}],"author":[{"embeddable":true,"href":"https:\/\/webs.uab.cat\/suport-convenis\/wp-json\/wp\/v2\/users\/26"}],"replies":[{"embeddable":true,"href":"https:\/\/webs.uab.cat\/suport-convenis\/wp-json\/wp\/v2\/comments?post=113"}],"version-history":[{"count":18,"href":"https:\/\/webs.uab.cat\/suport-convenis\/wp-json\/wp\/v2\/pages\/113\/revisions"}],"predecessor-version":[{"id":261,"href":"https:\/\/webs.uab.cat\/suport-convenis\/wp-json\/wp\/v2\/pages\/113\/revisions\/261"}],"wp:attachment":[{"href":"https:\/\/webs.uab.cat\/suport-convenis\/wp-json\/wp\/v2\/media?parent=113"}],"curies":[{"name":"wp","href":"https:\/\/api.w.org\/{rel}","templated":true}]}}