{"id":5,"date":"2025-06-18T12:19:59","date_gmt":"2025-06-18T10:19:59","guid":{"rendered":"https:\/\/webs.uab.cat\/suport-convenis\/?page_id=5"},"modified":"2026-04-14T10:57:07","modified_gmt":"2026-04-14T08:57:07","slug":"convenis-a-la-uab","status":"publish","type":"page","link":"https:\/\/webs.uab.cat\/suport-convenis\/","title":{"rendered":"Convenis a la UAB"},"content":{"rendered":"\n<div class=\"wp-block-columns alignwide is-layout-flex wp-container-core-columns-is-layout-9d6595d7 wp-block-columns-is-layout-flex\">\n<div class=\"wp-block-column is-layout-flow wp-block-column-is-layout-flow\" style=\"flex-basis:33.33%\">\n<p class=\"has-blanc-coco-color has-verd-tropic-background-color has-text-color has-background has-link-color has-normal-font-size wp-elements-c847250c096e54d459ce0df592233d44\"><br><strong>CONTINGUTS<\/strong><br><br><br>\u00b7 <a href=\"https:\/\/webs.uab.cat\/suport-convenis\/procediment\/\" data-type=\"page\" data-id=\"146\">Procediment<\/a><br><br>\u00b7 <a href=\"https:\/\/webs.uab.cat\/suport-convenis\/sol-conveni\/\" data-type=\"page\" data-id=\"19\">Sol\u00b7licitar un conveni<\/a><br><br>\u00b7 <a href=\"https:\/\/webs.uab.cat\/suport-convenis\/revisio\/\" data-type=\"page\" data-id=\"113\">Revisi\u00f3, autoritzaci\u00f3 i signatura<\/a><br><br>\u00b7 <a href=\"https:\/\/webs.uab.cat\/suport-convenis\/ambits-de-gestio\/\" data-type=\"page\" data-id=\"223\">\u00c0mbits de gesti\u00f3<\/a><br><br><\/p>\n<\/div>\n\n\n\n<div class=\"wp-block-column is-layout-flow wp-block-column-is-layout-flow\"><\/div>\n\n\n\n<div class=\"wp-block-column is-layout-flow wp-block-column-is-layout-flow\" style=\"flex-basis:66.66%\"><div class=\"wp-block-image is-style-rounded\">\n<figure class=\"alignright size-full\"><img loading=\"lazy\" decoding=\"async\" width=\"167\" height=\"173\" src=\"https:\/\/webs.uab.cat\/suport-convenis\/wp-content\/uploads\/sites\/670\/2025\/09\/imatge-32.png\" alt=\"\" class=\"wp-image-136\" \/><\/figure>\n<\/div>\n\n\n<p><mark style=\"background-color:var(--color-blanc);color:var(--color-marca-primari)\" class=\"has-inline-color\">Aquest espai recull recursos, documents i manuals adre\u00e7ats als promotors, revisors i gestors de convenis a la UAB. <\/mark><br><br><mark style=\"background-color:var(--color-blanc);color:var(--color-marca-primari)\" class=\"has-inline-color\">L\u2019objectiu \u00e9s oferir informaci\u00f3 pr\u00e0ctica per facilitar la preparaci\u00f3 de la documentaci\u00f3 necess\u00e0ria per a la revisi\u00f3 i signatura dels convenis, mitjan\u00e7ant el Tramitador de la UAB i d\u2019acord amb els procediments establerts. <\/mark><\/p>\n\n\n\n<p>La UAB t\u00e9 com a objectius principals desenvolupar un model docent i d&#8217;estudis acad\u00e8mics, impulsar programes de recerca i establir vincles entre el m\u00f3n cient\u00edfic i la societat.<\/p>\n\n\n\n<p>Per assolir-los, ha de refor\u00e7ar les seves relacions amb la societat, estaments cient\u00edfics i agents culturals. <\/p>\n\n\n\n<p>Aquesta vinculaci\u00f3 est\u00e0 regulada en els estatuts, que permeten convenis amb entitats p\u00fabliques, privades i altres universitats.<\/p>\n<\/div>\n<\/div>\n\n\n\n<p><\/p>\n","protected":false},"excerpt":{"rendered":"<p>CONTINGUTS \u00b7 Procediment \u00b7 Sol\u00b7licitar un conveni \u00b7 Revisi\u00f3, autoritzaci\u00f3 i signatura \u00b7 \u00c0mbits de gesti\u00f3 Aquest espai recull recursos, documents i manuals adre\u00e7ats als promotors, revisors i gestors de convenis a la UAB. L\u2019objectiu \u00e9s oferir informaci\u00f3 pr\u00e0ctica per facilitar la preparaci\u00f3 de la documentaci\u00f3 necess\u00e0ria per a la revisi\u00f3 i signatura dels convenis, [&hellip;]<\/p>\n","protected":false},"author":26,"featured_media":0,"parent":0,"menu_order":0,"comment_status":"closed","ping_status":"closed","template":"","meta":{"footnotes":""},"class_list":["post-5","page","type-page","status-publish","hentry"],"_links":{"self":[{"href":"https:\/\/webs.uab.cat\/suport-convenis\/wp-json\/wp\/v2\/pages\/5","targetHints":{"allow":["GET"]}}],"collection":[{"href":"https:\/\/webs.uab.cat\/suport-convenis\/wp-json\/wp\/v2\/pages"}],"about":[{"href":"https:\/\/webs.uab.cat\/suport-convenis\/wp-json\/wp\/v2\/types\/page"}],"author":[{"embeddable":true,"href":"https:\/\/webs.uab.cat\/suport-convenis\/wp-json\/wp\/v2\/users\/26"}],"replies":[{"embeddable":true,"href":"https:\/\/webs.uab.cat\/suport-convenis\/wp-json\/wp\/v2\/comments?post=5"}],"version-history":[{"count":37,"href":"https:\/\/webs.uab.cat\/suport-convenis\/wp-json\/wp\/v2\/pages\/5\/revisions"}],"predecessor-version":[{"id":331,"href":"https:\/\/webs.uab.cat\/suport-convenis\/wp-json\/wp\/v2\/pages\/5\/revisions\/331"}],"wp:attachment":[{"href":"https:\/\/webs.uab.cat\/suport-convenis\/wp-json\/wp\/v2\/media?parent=5"}],"curies":[{"name":"wp","href":"https:\/\/api.w.org\/{rel}","templated":true}]}}