{"id":107,"date":"2016-04-26T14:07:41","date_gmt":"2016-04-26T12:07:41","guid":{"rendered":"https:\/\/webs.uab.cat\/supraterra\/collaborators\/"},"modified":"2026-01-09T17:00:04","modified_gmt":"2026-01-09T15:00:04","slug":"collaborators","status":"publish","type":"page","link":"https:\/\/webs.uab.cat\/supraterra\/en\/collaborators\/","title":{"rendered":"Collaborators"},"content":{"rendered":"<h3><strong>International project partners<\/strong><\/h3>\n<p>Puy Ayarza \u2013&nbsp;<em>Departamento&nbsp;de Geolog\u00eda, Universidad de Salamanca<\/em><\/p>\n<p>Idoia Rosales \u2013&nbsp;<em>Instituto Geol\u00f3gico y Minero de Espa\u00f1a<\/em><\/p>\n<p>Antonio Barnolas \u2013&nbsp;<em>Instituto Geol\u00f3gico y Minero de Espa\u00f1a<\/em><\/p>\n<p>Pierre Labaume \u2013&nbsp;<em>Universit\u00e9 de Montpellier, Fran\u00e7a<\/em><\/p>\n<p>Marc Jolivet \u2013&nbsp;<em>Universit\u00e9 de Rennes-1, Fran\u00e7a<\/em><\/p>\n<p>Yves Lagabrielle \u2013&nbsp;<em>Universit\u00e9 de Rennes-1, Fran\u00e7a<\/em><\/p>\n<p>Daniel Stockli \u2013&nbsp;<em>University of Texas-Austin, EEUU<\/em><\/p>\n<p>Lewis Owen \u2013&nbsp;<em>University of Cincinnati, EEUU<\/em><\/p>\n<p>Andr\u00e9s Mora \u2013&nbsp;<em>ECOPETROL, Colombia<\/em><\/p>\n<p>Enrique Gomez-Rivas \u2013 <em>Universitat de Barcelona<\/em><\/p>\n<p>Paul D. Bons \u2013&nbsp;<em>University of T\u00fcebingen, Alemanya<\/em><\/p>\n<p>Mar\u00eda Gema Llorens \u2013 <em>Geosciences Barcelona, GEO3BCN-CSIC (former post-doc) <\/em><\/p>\n<p>&nbsp;<\/p>\n<h3><strong>PhD dissertations defended in the last 5 years<\/strong><\/h3>\n<p>Laura Burrel&nbsp;\u2013&nbsp; Salt tectonics in early stage of rift inversion in the Southern foreland basin of Pyrennes.<\/p>\n<p>Juan Camilo Ru\u00edz \u2013&nbsp; Structural modelling of the Eastern Cordillera of Colombia and Sabana of Bogot\u00e1.<\/p>\n<p>Luc\u00eda Struth \u2013&nbsp;<em>Tectonics and evolution of fluvial drainage network in the central sector of the Eastern Cordillera of Colombia<\/em> (<em>Departament Geologia, UAB)<\/em><\/p>\n<p>Marc Viaplana \u2013&nbsp;<em>Din\u00e1mica de la red de drenaje en sistemas orog\u00e9nicos-cuencas y sus implicaciones sobre los sistemas petroleros&nbsp;(ara a Facultat Ci\u00e8ncies de la Terra, Universitat Barcelona)<\/em><\/p>\n<p>Mireia Domenech \u2013&nbsp;<em>Inversi\u00f3n tect\u00f3nica y din\u00e1mica del relieve en or\u00f3genos intraplaca: el caso del Alto Atlas occidental de Marruecos&nbsp;(ara a IPICYT San Lu\u00eds Potos\u00ed, Mexic)<\/em><\/p>\n<p>Alvar Pastor \u2013&nbsp;<em>Evoluci\u00f3n tect\u00f3nica y geomorfol\u00f3gica reciente de las cuencas de antepa\u00eds subatl\u00e1sicas: Cuencas de Ouarzazate y Missour<\/em> <em>(ara a Xile<\/em>)<\/p>\n<p>Eliseo Tes\u00f3n&nbsp;\u2013 Estructura y cronolog\u00eda de la deformaci\u00f3n en el borde sur del alto Atlas (Marruecos) a partir del registro tectono-sedimentario de la cuenca de antepa\u00eds de Ouarzazate&nbsp;<em>(ara a ECOPETROL, Colombia)<\/em><\/p>\n<p>Eduard Saura&nbsp;\u2013 An\u00e0lisi estructura de la zona de les Nogueres (Pirineus Centrals)<em>&nbsp;(ara a ICTJA CSIC-Barcelona)<\/em><\/p>\n<p>[view:personal_membres=page_7]<\/p>\n","protected":false},"excerpt":{"rendered":"<p>International project partners Puy Ayarza \u2013&nbsp;Departamento&nbsp;de Geolog\u00eda, Universidad de Salamanca Idoia Rosales \u2013&nbsp;Instituto Geol\u00f3gico y Minero de Espa\u00f1a Antonio Barnolas \u2013&nbsp;Instituto Geol\u00f3gico y Minero de Espa\u00f1a Pierre Labaume \u2013&nbsp;Universit\u00e9 de Montpellier, Fran\u00e7a Marc Jolivet \u2013&nbsp;Universit\u00e9 de Rennes-1, Fran\u00e7a Yves Lagabrielle \u2013&nbsp;Universit\u00e9 de Rennes-1, Fran\u00e7a Daniel Stockli \u2013&nbsp;University of Texas-Austin, EEUU Lewis Owen \u2013&nbsp;University of Cincinnati, [&hellip;]<\/p>\n","protected":false},"author":20,"featured_media":0,"parent":0,"menu_order":0,"comment_status":"closed","ping_status":"closed","template":"","meta":{"footnotes":""},"class_list":["post-107","page","type-page","status-publish","hentry"],"_links":{"self":[{"href":"https:\/\/webs.uab.cat\/supraterra\/en\/wp-json\/wp\/v2\/pages\/107","targetHints":{"allow":["GET"]}}],"collection":[{"href":"https:\/\/webs.uab.cat\/supraterra\/en\/wp-json\/wp\/v2\/pages"}],"about":[{"href":"https:\/\/webs.uab.cat\/supraterra\/en\/wp-json\/wp\/v2\/types\/page"}],"author":[{"embeddable":true,"href":"https:\/\/webs.uab.cat\/supraterra\/en\/wp-json\/wp\/v2\/users\/20"}],"replies":[{"embeddable":true,"href":"https:\/\/webs.uab.cat\/supraterra\/en\/wp-json\/wp\/v2\/comments?post=107"}],"version-history":[{"count":1,"href":"https:\/\/webs.uab.cat\/supraterra\/en\/wp-json\/wp\/v2\/pages\/107\/revisions"}],"predecessor-version":[{"id":443,"href":"https:\/\/webs.uab.cat\/supraterra\/en\/wp-json\/wp\/v2\/pages\/107\/revisions\/443"}],"wp:attachment":[{"href":"https:\/\/webs.uab.cat\/supraterra\/en\/wp-json\/wp\/v2\/media?parent=107"}],"curies":[{"name":"wp","href":"https:\/\/api.w.org\/{rel}","templated":true}]}}