{"id":124,"date":"2017-03-17T10:30:19","date_gmt":"2017-03-17T08:30:19","guid":{"rendered":"https:\/\/webs.uab.cat\/supraterra\/quien-somos\/"},"modified":"2017-03-17T10:30:19","modified_gmt":"2017-03-17T08:30:19","slug":"quien-somos","status":"publish","type":"page","link":"https:\/\/webs.uab.cat\/supraterra\/es\/quien-somos\/","title":{"rendered":"Qui\u00e9n somos?"},"content":{"rendered":"<p>El grupo de investigaci\u00f3n&nbsp;SUPRATERRA est\u00e1&nbsp;compuesto por investigadores\/se del Departamento de Geolog\u00eda de la Universitat Aut\u00f2noma de Barcelona, con colaboradores externos de instituciones espa\u00f1olas y extranjeras. Varios miembros del grupo presentan una trayectoria com\u00fan de investigaci\u00f3n financiada por proyectos competitivos y convenios de hace m\u00e1s de 30 a\u00f1os. El grupo se constituy\u00f3 como Grupo de Investigaci\u00f3n Consolidado&nbsp;SGR&nbsp;de la Generalitat de Catalu\u00f1a desde el a\u00f1o 2009.&nbsp;<\/p>\n<p>El grupo se caracteriza por un enfoque&nbsp;multidisciplinario que consiste en la integraci\u00f3n de estudios de cariz tect\u00f3nico,&nbsp;geoqu\u00edmic&nbsp;y&nbsp;geof\u00edsic&nbsp;con estudios de los procesos externos (erosi\u00f3n, sedimentaci\u00f3n&nbsp;sinorog\u00e9nica), para comprender la creaci\u00f3n de las cordilleras de monta\u00f1as,&nbsp; la evoluci\u00f3n del relevo, y la redistribuci\u00f3n de sedimento en las cuencas sedimentarias. La actividad cient\u00edfica del grupo integra la geocronolog\u00eda de alta y baja temperatura, que proporciona marco cuantitativo esencial para la cuantificaci\u00f3n de los procesos profundos y superficiales.<\/p>\n<p>La relaci\u00f3n entre procesos superficiales y profundos, en la frontera entre varias disciplinas, constituye una de las l\u00edneas de m\u00e1s actualidad en ciencias de la Tierra. Los estudios del grupo se aplican a ejemplos naturales como por ejemplo los Pirineos, el Atlas del Marruecos, los Andes, o la antigua Cordillera&nbsp;Varisca. En la investigaci\u00f3n se incluyen desde aspectos cient\u00edficos fundamentales analizados mediante varios m\u00e9todos hasta la aplicaci\u00f3n del conocimiento a la caracterizaci\u00f3n de&nbsp;reservorios&nbsp;geol\u00f3gicos de hidrocarburos y recursos minerales o el estudio de la sismicidad inducida.<\/p>\n<p>&nbsp;<\/p>\n<p><strong>Palabras clave que identifican la actividad del grupo<\/strong>:&nbsp;Geodin\u00e1mica, Tect\u00f3nica, Geolog\u00eda Estructural,&nbsp;Geof\u00edsica, Petrolog\u00eda, Evoluci\u00f3n del relieve,&nbsp;Geomorfolog\u00eda, Geolog\u00eda sedimentar\u00eda,&nbsp;origen, Geocronolog\u00eda,&nbsp;Termocronolog\u00eda.<\/p>\n<p>&nbsp;<\/p>\n<p><img decoding=\"async\" alt=\"\" src=\"http:\/\/grupsderecerca.uab.cat\/supraterra\/sites\/grupsderecerca.uab.cat.supraterra\/files\/destacats\/esquema_0.jpg\" \/><\/p>\n<p><em>Interrelaciones de la investigaci\u00f3n&nbsp;del equipo&nbsp;de la solicitud original del grupo SGR<\/em><\/p>\n","protected":false},"excerpt":{"rendered":"<p>El grupo de investigaci\u00f3n&nbsp;SUPRATERRA est\u00e1&nbsp;compuesto por investigadores\/se del Departamento de Geolog\u00eda de la Universitat Aut\u00f2noma de Barcelona, con colaboradores externos de instituciones espa\u00f1olas y extranjeras. Varios miembros del grupo presentan una trayectoria com\u00fan de investigaci\u00f3n financiada por proyectos competitivos y convenios de hace m\u00e1s de 30 a\u00f1os. El grupo se constituy\u00f3 como Grupo de Investigaci\u00f3n [&hellip;]<\/p>\n","protected":false},"author":20,"featured_media":0,"parent":0,"menu_order":0,"comment_status":"closed","ping_status":"closed","template":"","meta":{"footnotes":""},"class_list":["post-124","page","type-page","status-publish","hentry"],"_links":{"self":[{"href":"https:\/\/webs.uab.cat\/supraterra\/es\/wp-json\/wp\/v2\/pages\/124","targetHints":{"allow":["GET"]}}],"collection":[{"href":"https:\/\/webs.uab.cat\/supraterra\/es\/wp-json\/wp\/v2\/pages"}],"about":[{"href":"https:\/\/webs.uab.cat\/supraterra\/es\/wp-json\/wp\/v2\/types\/page"}],"author":[{"embeddable":true,"href":"https:\/\/webs.uab.cat\/supraterra\/es\/wp-json\/wp\/v2\/users\/20"}],"replies":[{"embeddable":true,"href":"https:\/\/webs.uab.cat\/supraterra\/es\/wp-json\/wp\/v2\/comments?post=124"}],"version-history":[{"count":0,"href":"https:\/\/webs.uab.cat\/supraterra\/es\/wp-json\/wp\/v2\/pages\/124\/revisions"}],"wp:attachment":[{"href":"https:\/\/webs.uab.cat\/supraterra\/es\/wp-json\/wp\/v2\/media?parent=124"}],"curies":[{"name":"wp","href":"https:\/\/api.w.org\/{rel}","templated":true}]}}