{"id":104,"date":"2016-01-19T13:43:45","date_gmt":"2016-01-19T11:43:45","guid":{"rendered":"https:\/\/webs.uab.cat\/supraterra\/pagina\/"},"modified":"2016-01-19T13:43:45","modified_gmt":"2016-01-19T11:43:45","slug":"pagina","status":"publish","type":"page","link":"https:\/\/webs.uab.cat\/supraterra\/pagina\/","title":{"rendered":"Qui som?"},"content":{"rendered":"<p>El grup de recerca SUPRATERRA est\u00e0 compost per investigadors\/es del Departament de Geologia de la Universitat Aut\u00f2noma de Barcelona, amb col\u00b7laboradors externs d\u2019institucions espanyoles i estrangeres. Diversos membres del grup presenten una traject\u00f2ria comuna de recerca finan\u00e7ada per projectes competitius i convenis de fa m\u00e9s de 30 anys. El grup es va constituir com Grup de Recerca Consolidat SGR de la Generalitat de Catalunya des de l\u2019any 2009.&nbsp;<\/p>\n<p class=\"rtejustify\">El grup es caracteritza per un enfoc multidisciplinari que consisteix en la integraci\u00f3 d\u2019estudis de caire tect\u00f2nic, geoqu\u00edmic i geof\u00edsic amb estudis dels processos externs (erosi\u00f3, sedimentaci\u00f3 sinorog\u00e8nica), per tal de comprendre la creaci\u00f3 de les serralades de muntanyes,&nbsp; l\u2019evoluci\u00f3 del relleu, i la redistribuci\u00f3 de sediment en les conques sediment\u00e0ries. L\u2019activitat cient\u00edfica del grup integra la geocronologia d\u2019alta i baixa temperatura, que proporciona marc quantitatiu essencial per a la quantificaci\u00f3 dels processos profunds i superficials.<\/p>\n<p class=\"rtejustify\">La relaci\u00f3 entre processos superficials i profunds, a la frontera entre diverses disciplines, constitueix una de les l\u00ednies de m\u00e9s actualitat en ci\u00e8ncies de la Terra. Els estudis del grup s\u2019apliquen a exemples naturals com ara els Pirineus, l\u2019Atles del Marroc, els Andes, o l\u2019antiga Serralada Varisca. En la recerca s\u2019inclouen des d\u2019aspectes cient\u00edfics fonamentals analitzats mitjan\u00e7ant diversos m\u00e8todes fins a l\u2019aplicaci\u00f3 del coneixement a la caracteritzaci\u00f3 de reservoris geol\u00f2gics d&#8217;hidrocarburs i recursos minerals o l\u2019estudi de la sismicitat indu\u00efda.<\/p>\n<p>&nbsp;<\/p>\n<p><strong>Paraules clau que identifiquen l\u2019activitat del grup:<\/strong> Geodin\u00e0mica, Tect\u00f2nica, Geologia Estructural, Geof\u00edsica, Petrologia, Evoluci\u00f3 del relleu, Geomorfologia, Geologia sedimentaria, provinen\u00e7a, Geocronologia, Termocronologia.<\/p>\n<p>&nbsp;<\/p>\n<p><img decoding=\"async\" alt=\"\" src=\"http:\/\/grupsderecerca.uab.cat\/supraterra\/sites\/grupsderecerca.uab.cat.supraterra\/files\/destacats\/esquema_0.jpg\" \/><\/p>\n<p><em>Interrelacions de la recerca de l\u2019equip de la sol\u00b7licitud original del grup SGR<\/em><\/p>\n","protected":false},"excerpt":{"rendered":"<p>El grup de recerca SUPRATERRA est\u00e0 compost per investigadors\/es del Departament de Geologia de la Universitat Aut\u00f2noma de Barcelona, amb col\u00b7laboradors externs d\u2019institucions espanyoles i estrangeres. Diversos membres del grup presenten una traject\u00f2ria comuna de recerca finan\u00e7ada per projectes competitius i convenis de fa m\u00e9s de 30 anys. El grup es va constituir com Grup [&hellip;]<\/p>\n","protected":false},"author":20,"featured_media":0,"parent":0,"menu_order":0,"comment_status":"closed","ping_status":"closed","template":"","meta":{"footnotes":""},"class_list":["post-104","page","type-page","status-publish","hentry"],"_links":{"self":[{"href":"https:\/\/webs.uab.cat\/supraterra\/wp-json\/wp\/v2\/pages\/104","targetHints":{"allow":["GET"]}}],"collection":[{"href":"https:\/\/webs.uab.cat\/supraterra\/wp-json\/wp\/v2\/pages"}],"about":[{"href":"https:\/\/webs.uab.cat\/supraterra\/wp-json\/wp\/v2\/types\/page"}],"author":[{"embeddable":true,"href":"https:\/\/webs.uab.cat\/supraterra\/wp-json\/wp\/v2\/users\/20"}],"replies":[{"embeddable":true,"href":"https:\/\/webs.uab.cat\/supraterra\/wp-json\/wp\/v2\/comments?post=104"}],"version-history":[{"count":0,"href":"https:\/\/webs.uab.cat\/supraterra\/wp-json\/wp\/v2\/pages\/104\/revisions"}],"wp:attachment":[{"href":"https:\/\/webs.uab.cat\/supraterra\/wp-json\/wp\/v2\/media?parent=104"}],"curies":[{"name":"wp","href":"https:\/\/api.w.org\/{rel}","templated":true}]}}