{"id":123,"date":"2012-02-09T16:06:44","date_gmt":"2012-02-09T16:06:44","guid":{"rendered":"https:\/\/webs.uab.cat\/svbm\/presentacio\/"},"modified":"2026-04-07T09:42:12","modified_gmt":"2026-04-07T09:42:12","slug":"presentacio","status":"publish","type":"page","link":"https:\/\/webs.uab.cat\/svbm\/","title":{"rendered":"Presentaci\u00f3"},"content":{"rendered":"<p>El Servei Veterinari de Bacteriologia i Micologia (<strong>SVBM<\/strong>) est\u00e0 localitzat a la Facultat de Veterin\u00e0ria i ofereix els seus serveis per realitzar an\u00e0lisis puntuals i estudis de I+D en el camp dels bacteris i dels fongs en les\u00a0 \u00e0rees cl\u00ednica, aliment\u00e0ria i industrial en general.<\/p>\n<p>Des de l\u2019any 1989 en el SVBM es processen mostres procedents dels animals atesos a l&#8217;Hospital Cl\u00ednic Veterinari de la Universitat Aut\u00f2noma de Barcelona, aix\u00ed com mostres que li s\u00f3n trameses per Cl\u00edniques Veterin\u00e0ries privades.<\/p>\n<p>D&#8217;altra banda, degut al grau d&#8217;especialitzaci\u00f3 en Micologia dels seus membres, i dins de les activitats de recolzament a empreses (alimentaci\u00f3 animal i humana i altres industries) aquest servei realitza estudis en els que els fongs i les micotoxines puguin suposar un problema a nivell de mat\u00e8ries primeres, proc\u00e9s d&#8217;elaboraci\u00f3 i\/o b\u00e9 producte acabat. S\u2019ofereix tamb\u00e9 la possibilitat de caracteritzar i identificar fongs miceliars i llevats utilitzant t\u00e8cniques d\u2019an\u00e0lisi del DNA.<\/p>\n","protected":false},"excerpt":{"rendered":"<p>El Servei Veterinari de Bacteriologia i Micologia (SVBM) est\u00e0 localitzat a la Facultat de Veterin\u00e0ria i ofereix els seus serveis per realitzar an\u00e0lisis puntuals i estudis de I+D en el camp dels bacteris i dels fongs en les\u00a0 \u00e0rees cl\u00ednica, aliment\u00e0ria i industrial en general. Des de l\u2019any 1989 en el SVBM es processen mostres [&hellip;]<\/p>\n","protected":false},"author":20,"featured_media":0,"parent":0,"menu_order":0,"comment_status":"closed","ping_status":"closed","template":"","meta":{"footnotes":""},"class_list":["post-123","page","type-page","status-publish","hentry"],"_links":{"self":[{"href":"https:\/\/webs.uab.cat\/svbm\/wp-json\/wp\/v2\/pages\/123","targetHints":{"allow":["GET"]}}],"collection":[{"href":"https:\/\/webs.uab.cat\/svbm\/wp-json\/wp\/v2\/pages"}],"about":[{"href":"https:\/\/webs.uab.cat\/svbm\/wp-json\/wp\/v2\/types\/page"}],"author":[{"embeddable":true,"href":"https:\/\/webs.uab.cat\/svbm\/wp-json\/wp\/v2\/users\/20"}],"replies":[{"embeddable":true,"href":"https:\/\/webs.uab.cat\/svbm\/wp-json\/wp\/v2\/comments?post=123"}],"version-history":[{"count":2,"href":"https:\/\/webs.uab.cat\/svbm\/wp-json\/wp\/v2\/pages\/123\/revisions"}],"predecessor-version":[{"id":348,"href":"https:\/\/webs.uab.cat\/svbm\/wp-json\/wp\/v2\/pages\/123\/revisions\/348"}],"wp:attachment":[{"href":"https:\/\/webs.uab.cat\/svbm\/wp-json\/wp\/v2\/media?parent=123"}],"curies":[{"name":"wp","href":"https:\/\/api.w.org\/{rel}","templated":true}]}}