{"id":126,"date":"2012-02-09T16:08:48","date_gmt":"2012-02-09T16:08:48","guid":{"rendered":"https:\/\/webs.uab.cat\/svbm\/qui-som\/"},"modified":"2026-04-07T09:00:48","modified_gmt":"2026-04-07T09:00:48","slug":"qui-som","status":"publish","type":"page","link":"https:\/\/webs.uab.cat\/svbm\/qui-som\/","title":{"rendered":"Qui som"},"content":{"rendered":"<p>Els membres del SVBM son professors del Departament de Sanitat i d&#8217;Anatomia Animals i imparteixen doc\u00e8ncia a la Facultat de Veterin\u00e0ria.<\/p>\n<p><strong>Cap del Servei:<\/strong> Dr. F. Javier Caba\u00f1es<\/p>\n<p><strong>Cap de laboratori: <\/strong>Dra. Gemma Castell\u00e1.<\/p>\n","protected":false},"excerpt":{"rendered":"<p>Els membres del SVBM son professors del Departament de Sanitat i d&#8217;Anatomia Animals i imparteixen doc\u00e8ncia a la Facultat de Veterin\u00e0ria. Cap del Servei: Dr. F. Javier Caba\u00f1es Cap de laboratori: Dra. Gemma Castell\u00e1.<\/p>\n","protected":false},"author":20,"featured_media":0,"parent":0,"menu_order":0,"comment_status":"closed","ping_status":"closed","template":"","meta":{"footnotes":""},"class_list":["post-126","page","type-page","status-publish","hentry"],"_links":{"self":[{"href":"https:\/\/webs.uab.cat\/svbm\/wp-json\/wp\/v2\/pages\/126","targetHints":{"allow":["GET"]}}],"collection":[{"href":"https:\/\/webs.uab.cat\/svbm\/wp-json\/wp\/v2\/pages"}],"about":[{"href":"https:\/\/webs.uab.cat\/svbm\/wp-json\/wp\/v2\/types\/page"}],"author":[{"embeddable":true,"href":"https:\/\/webs.uab.cat\/svbm\/wp-json\/wp\/v2\/users\/20"}],"replies":[{"embeddable":true,"href":"https:\/\/webs.uab.cat\/svbm\/wp-json\/wp\/v2\/comments?post=126"}],"version-history":[{"count":1,"href":"https:\/\/webs.uab.cat\/svbm\/wp-json\/wp\/v2\/pages\/126\/revisions"}],"predecessor-version":[{"id":342,"href":"https:\/\/webs.uab.cat\/svbm\/wp-json\/wp\/v2\/pages\/126\/revisions\/342"}],"wp:attachment":[{"href":"https:\/\/webs.uab.cat\/svbm\/wp-json\/wp\/v2\/media?parent=126"}],"curies":[{"name":"wp","href":"https:\/\/api.w.org\/{rel}","templated":true}]}}