{"id":127,"date":"2012-02-09T16:13:49","date_gmt":"2012-02-09T16:13:49","guid":{"rendered":"https:\/\/webs.uab.cat\/svbm\/tarifes\/"},"modified":"2026-04-07T09:32:31","modified_gmt":"2026-04-07T09:32:31","slug":"tarifes","status":"publish","type":"page","link":"https:\/\/webs.uab.cat\/svbm\/tarifes\/","title":{"rendered":"Tarifes"},"content":{"rendered":"<p style=\"text-align: center\"><strong>TARIFES 2026<\/strong><\/p>\n<p><strong>\u00c0REA CL\u00cdNICA<\/strong><\/p>\n<ul>\n<li>Estudi bacteriol\u00f2gic o micol\u00f2gic<sup>1<\/sup>:\u00a0 Des de 119 \u20ac<\/li>\n<\/ul>\n<p><strong>\u00c0REA ALIMENTS I INDUSTRIA<\/strong><\/p>\n<ul>\n<li>An\u00e0lisis d\u2019indicadors de contaminaci\u00f3 i\/o rutinaris<sup>1<\/sup>: Des de 119 \u20ac<\/li>\n<\/ul>\n<p><strong>ESPECIALITATS EN MICOLOGIA<\/strong><\/p>\n<p>El servei est\u00e0 preparat per realitzar estudis en qu\u00e8 els fongs puguin suposar un problema a nivell de mat\u00e8ries primeres, proc\u00e9s d\u2019elaboraci\u00f3 i\/o producte acabat. Entre ells:<\/p>\n<ul>\n<li>A\u00efllament i identificaci\u00f3 de fongs miceliars i llevats<sup>1<\/sup>: Des de\u00a0 119\u00a0 \u20ac<\/li>\n<li>Detecci\u00f3 i quantificaci\u00f3 de micotoxines mitjan\u00e7ant TLC i HPLC<sup> 2<\/sup><\/li>\n<li>Investigaci\u00f3 de fongs contaminants en productes industrials. Biodeterioraci\u00f3.<sup> 2<\/sup><\/li>\n<li>Investigaci\u00f3 de fongs que intervenen en l\u2019elaboraci\u00f3 i\/o millora de productes. <sup>2<\/sup><\/li>\n<li>Avaluaci\u00f3 de l\u2019efic\u00e0cia de productes amb activitat antif\u00fangica en mat\u00e8ria primera o producte final. <sup>2<\/sup><\/li>\n<\/ul>\n<p><sup>1<\/sup> <em>Preu en funci\u00f3 del nombre i tipus d\u2019an\u00e0lisis.<\/em><\/p>\n<p><sup>2<\/sup> <em>Nom\u00e9s estudis objecte de Conveni de Col\u00b7laboraci\u00f3 entre la Ind\u00fastria sol\u00b7licitant i la Universitat Aut\u00f2noma de Barcelona.<\/em><\/p>\n<p><strong>TARIFES SVBM 2026<\/strong><\/p>\n<p><strong>Exemple de facturaci\u00f3 de cultiu<sup>1\u00a0\u00a0<\/sup><\/strong><\/p>\n<ul>\n<li>Tarifa externa: Des de 119\u20ac<\/li>\n<li>Tarifa mixta 1A. Des de 66,2\u20ac<\/li>\n<li>Tarifa mixta 1B. Des de 72,6\u20ac<\/li>\n<li>Tarifa mixta 2. Des de 79\u20ac<\/li>\n<li>Tarifa Interna. Des de 40,7\u20ac<\/li>\n<\/ul>\n<p><sup>1<\/sup> <em>Preu en funci\u00f3 del nombre i tipus d\u2019an\u00e0lisis.<\/em><\/p>\n","protected":false},"excerpt":{"rendered":"<p>TARIFES 2026 \u00c0REA CL\u00cdNICA Estudi bacteriol\u00f2gic o micol\u00f2gic1:\u00a0 Des de 119 \u20ac \u00c0REA ALIMENTS I INDUSTRIA An\u00e0lisis d\u2019indicadors de contaminaci\u00f3 i\/o rutinaris1: Des de 119 \u20ac ESPECIALITATS EN MICOLOGIA El servei est\u00e0 preparat per realitzar estudis en qu\u00e8 els fongs puguin suposar un problema a nivell de mat\u00e8ries primeres, proc\u00e9s d\u2019elaboraci\u00f3 i\/o producte acabat. Entre [&hellip;]<\/p>\n","protected":false},"author":20,"featured_media":0,"parent":0,"menu_order":0,"comment_status":"closed","ping_status":"closed","template":"","meta":{"footnotes":""},"class_list":["post-127","page","type-page","status-publish","hentry"],"_links":{"self":[{"href":"https:\/\/webs.uab.cat\/svbm\/wp-json\/wp\/v2\/pages\/127","targetHints":{"allow":["GET"]}}],"collection":[{"href":"https:\/\/webs.uab.cat\/svbm\/wp-json\/wp\/v2\/pages"}],"about":[{"href":"https:\/\/webs.uab.cat\/svbm\/wp-json\/wp\/v2\/types\/page"}],"author":[{"embeddable":true,"href":"https:\/\/webs.uab.cat\/svbm\/wp-json\/wp\/v2\/users\/20"}],"replies":[{"embeddable":true,"href":"https:\/\/webs.uab.cat\/svbm\/wp-json\/wp\/v2\/comments?post=127"}],"version-history":[{"count":1,"href":"https:\/\/webs.uab.cat\/svbm\/wp-json\/wp\/v2\/pages\/127\/revisions"}],"predecessor-version":[{"id":344,"href":"https:\/\/webs.uab.cat\/svbm\/wp-json\/wp\/v2\/pages\/127\/revisions\/344"}],"wp:attachment":[{"href":"https:\/\/webs.uab.cat\/svbm\/wp-json\/wp\/v2\/media?parent=127"}],"curies":[{"name":"wp","href":"https:\/\/api.w.org\/{rel}","templated":true}]}}