{"id":17,"date":"2023-03-09T12:49:48","date_gmt":"2023-03-09T10:49:48","guid":{"rendered":"https:\/\/webs.uab.cat\/tegeso\/?page_id=17"},"modified":"2023-03-27T13:47:56","modified_gmt":"2023-03-27T11:47:56","slug":"profiles","status":"publish","type":"page","link":"https:\/\/webs.uab.cat\/tegeso\/profiles\/","title":{"rendered":"EQUIPO"},"content":{"rendered":"\n<p><strong>Equipo de Investigaci\u00f3n<\/strong><\/p>\n\n\n\n<ul class=\"has-small-font-size wp-block-list\"><li>Ana G\u00e1lvez Mozo (Universitat Oberta de Catalunya) [Investigadora Principal]<\/li><li>Francisco Javier Tirado Serrano (Universitat Aut\u00f2noma de Barcelona) [Investigador Principal]<\/li><li>Verna Alcalde Gonz\u00e1lez (Universitat Oberta de Catalunya)<\/li><li>Enrique Baleriola Escudero (Universitat Oberta de Catalunya)<\/li><li>Josep Maria Blanch (Universitat Aut\u00f2noma de Barcelona)<\/li><li>Nieves Guzm\u00e1n Valverde (Universitat Oberta de Catalunya)<\/li><li>Mar\u00eda Jes\u00fas Mart\u00ednez Arg\u00fcelles (Universitat Oberta de Catalunya)<\/li><li>Elsa Santamar\u00eda L\u00f3pez (Universitat Oberta de Catalunya)<\/li><li>Alan Valenzuela Bustos (Universtiat Aut\u00f2noma de Barcelona)<\/li><\/ul>\n\n\n\n<p><strong>T\u00e9cnicos de Investigaci\u00f3n<\/strong><\/p>\n\n\n\n<ul class=\"has-small-font-size wp-block-list\"><li>Alex Roman\u00ed Rivera (Universitat Aut\u00f2noma de Barcelona)<\/li><li>Sergi Parellada Guillam\u00f3n (Universitat Aut\u00f2noma de Barcelona)<\/li><\/ul>\n\n\n\n<p><\/p>\n\n\n\n<p><\/p>\n\n\n\n<div class=\"wp-block-cover is-light\"><span aria-hidden=\"true\" class=\"wp-block-cover__background has-background-dim\"><\/span><img loading=\"lazy\" decoding=\"async\" width=\"1080\" height=\"590\" class=\"wp-block-cover__image-background wp-image-93\" alt=\"\" src=\"https:\/\/webs.uab.cat\/tegeso\/wp-content\/uploads\/sites\/330\/2023\/03\/trabajo-en-equipo.jpg\" data-object-fit=\"cover\" srcset=\"https:\/\/webs.uab.cat\/tegeso\/wp-content\/uploads\/sites\/330\/2023\/03\/trabajo-en-equipo.jpg 1080w, https:\/\/webs.uab.cat\/tegeso\/wp-content\/uploads\/sites\/330\/2023\/03\/trabajo-en-equipo-300x164.jpg 300w, https:\/\/webs.uab.cat\/tegeso\/wp-content\/uploads\/sites\/330\/2023\/03\/trabajo-en-equipo-1024x559.jpg 1024w, https:\/\/webs.uab.cat\/tegeso\/wp-content\/uploads\/sites\/330\/2023\/03\/trabajo-en-equipo-768x420.jpg 768w\" sizes=\"auto, (max-width: 1080px) 100vw, 1080px\" \/><div class=\"wp-block-cover__inner-container is-layout-flow wp-block-cover-is-layout-flow\">\n<p class=\"has-text-align-center has-large-font-size\"><\/p>\n<\/div><\/div>\n\n\n\n<p class=\"has-text-align-left\">El equipo de investigaci\u00f3n est\u00e1 formado por doctores\/as que provienen de diferentes disciplinas y especializadas en el estudio del empleo, sus caracter\u00edsticas actuales y sus efectos en las personas, las diferencias de g\u00e9nero y el v\u00ednculo entre el \u00e1mbito laboral y el desarrollo de pol\u00edticas y maneras de vivir sostenibles. <\/p>\n","protected":false},"excerpt":{"rendered":"<p>Equipo de Investigaci\u00f3n Ana G\u00e1lvez Mozo (Universitat Oberta de Catalunya) [Investigadora Principal] Francisco Javier Tirado Serrano (Universitat Aut\u00f2noma de Barcelona) [Investigador Principal] Verna Alcalde Gonz\u00e1lez (Universitat Oberta de Catalunya) Enrique Baleriola Escudero (Universitat Oberta de Catalunya) Josep Maria Blanch (Universitat Aut\u00f2noma de Barcelona) Nieves Guzm\u00e1n Valverde (Universitat Oberta de Catalunya) Mar\u00eda Jes\u00fas Mart\u00ednez Arg\u00fcelles (Universitat [&hellip;]<\/p>\n","protected":false},"author":2582,"featured_media":0,"parent":0,"menu_order":2,"comment_status":"closed","ping_status":"closed","template":"","meta":{"footnotes":""},"class_list":["post-17","page","type-page","status-publish","hentry"],"_links":{"self":[{"href":"https:\/\/webs.uab.cat\/tegeso\/wp-json\/wp\/v2\/pages\/17","targetHints":{"allow":["GET"]}}],"collection":[{"href":"https:\/\/webs.uab.cat\/tegeso\/wp-json\/wp\/v2\/pages"}],"about":[{"href":"https:\/\/webs.uab.cat\/tegeso\/wp-json\/wp\/v2\/types\/page"}],"author":[{"embeddable":true,"href":"https:\/\/webs.uab.cat\/tegeso\/wp-json\/wp\/v2\/users\/2582"}],"replies":[{"embeddable":true,"href":"https:\/\/webs.uab.cat\/tegeso\/wp-json\/wp\/v2\/comments?post=17"}],"version-history":[{"count":13,"href":"https:\/\/webs.uab.cat\/tegeso\/wp-json\/wp\/v2\/pages\/17\/revisions"}],"predecessor-version":[{"id":95,"href":"https:\/\/webs.uab.cat\/tegeso\/wp-json\/wp\/v2\/pages\/17\/revisions\/95"}],"wp:attachment":[{"href":"https:\/\/webs.uab.cat\/tegeso\/wp-json\/wp\/v2\/media?parent=17"}],"curies":[{"name":"wp","href":"https:\/\/api.w.org\/{rel}","templated":true}]}}