{"id":2,"date":"2023-02-07T14:15:40","date_gmt":"2023-02-07T12:15:40","guid":{"rendered":"https:\/\/webs.uab.cat\/tegeso\/?page_id=2"},"modified":"2023-04-21T09:21:37","modified_gmt":"2023-04-21T07:21:37","slug":"inicio","status":"publish","type":"page","link":"https:\/\/webs.uab.cat\/tegeso\/inicio\/","title":{"rendered":"INICIO"},"content":{"rendered":"\n<h2 class=\"wp-block-heading\"><strong>Hola!<\/strong><\/h2>\n\n\n\n<p>Bienvenida\/o a la p\u00e1gina del equipo de investigaci\u00f3n en Teletrabajo, G\u00e9nero y Sostenibilidad Social! Aqu\u00ed encontrar\u00e1s informaci\u00f3n sobre el proyecto, nuestro equipo, los casos analizados y los resultados publicados.<\/p>\n\n\n\n<figure class=\"wp-block-image size-large\"><img loading=\"lazy\" decoding=\"async\" width=\"1024\" height=\"683\" src=\"https:\/\/webs.uab.cat\/tegeso\/wp-content\/uploads\/sites\/330\/2023\/03\/teletrabajo-2659913-1024x683.jpg\" alt=\"\" class=\"wp-image-66\" srcset=\"https:\/\/webs.uab.cat\/tegeso\/wp-content\/uploads\/sites\/330\/2023\/03\/teletrabajo-2659913-1024x683.jpg 1024w, https:\/\/webs.uab.cat\/tegeso\/wp-content\/uploads\/sites\/330\/2023\/03\/teletrabajo-2659913-300x200.jpg 300w, https:\/\/webs.uab.cat\/tegeso\/wp-content\/uploads\/sites\/330\/2023\/03\/teletrabajo-2659913-768x512.jpg 768w, https:\/\/webs.uab.cat\/tegeso\/wp-content\/uploads\/sites\/330\/2023\/03\/teletrabajo-2659913-1536x1024.jpg 1536w, https:\/\/webs.uab.cat\/tegeso\/wp-content\/uploads\/sites\/330\/2023\/03\/teletrabajo-2659913-2048x1365.jpg 2048w, https:\/\/webs.uab.cat\/tegeso\/wp-content\/uploads\/sites\/330\/2023\/03\/teletrabajo-2659913-1200x800.jpg 1200w, https:\/\/webs.uab.cat\/tegeso\/wp-content\/uploads\/sites\/330\/2023\/03\/teletrabajo-2659913-1980x1320.jpg 1980w\" sizes=\"auto, (max-width: 1024px) 100vw, 1024px\" \/><\/figure>\n\n\n\n<figure class=\"wp-block-image size-full\"><img loading=\"lazy\" decoding=\"async\" width=\"945\" height=\"161\" src=\"https:\/\/webs.uab.cat\/tegeso\/wp-content\/uploads\/sites\/330\/2023\/03\/Captura-de-pantalla-2023-03-27-a-las-13.26.15.png\" alt=\"\" class=\"wp-image-80\" srcset=\"https:\/\/webs.uab.cat\/tegeso\/wp-content\/uploads\/sites\/330\/2023\/03\/Captura-de-pantalla-2023-03-27-a-las-13.26.15.png 945w, https:\/\/webs.uab.cat\/tegeso\/wp-content\/uploads\/sites\/330\/2023\/03\/Captura-de-pantalla-2023-03-27-a-las-13.26.15-300x51.png 300w, https:\/\/webs.uab.cat\/tegeso\/wp-content\/uploads\/sites\/330\/2023\/03\/Captura-de-pantalla-2023-03-27-a-las-13.26.15-768x131.png 768w\" sizes=\"auto, (max-width: 945px) 100vw, 945px\" \/><\/figure>\n","protected":false},"excerpt":{"rendered":"<p>Hola! Bienvenida\/o a la p\u00e1gina del equipo de investigaci\u00f3n en Teletrabajo, G\u00e9nero y Sostenibilidad Social! Aqu\u00ed encontrar\u00e1s informaci\u00f3n sobre el proyecto, nuestro equipo, los casos analizados y los resultados publicados.<\/p>\n","protected":false},"author":2561,"featured_media":0,"parent":0,"menu_order":0,"comment_status":"closed","ping_status":"closed","template":"","meta":{"footnotes":""},"class_list":["post-2","page","type-page","status-publish","hentry"],"_links":{"self":[{"href":"https:\/\/webs.uab.cat\/tegeso\/wp-json\/wp\/v2\/pages\/2","targetHints":{"allow":["GET"]}}],"collection":[{"href":"https:\/\/webs.uab.cat\/tegeso\/wp-json\/wp\/v2\/pages"}],"about":[{"href":"https:\/\/webs.uab.cat\/tegeso\/wp-json\/wp\/v2\/types\/page"}],"author":[{"embeddable":true,"href":"https:\/\/webs.uab.cat\/tegeso\/wp-json\/wp\/v2\/users\/2561"}],"replies":[{"embeddable":true,"href":"https:\/\/webs.uab.cat\/tegeso\/wp-json\/wp\/v2\/comments?post=2"}],"version-history":[{"count":26,"href":"https:\/\/webs.uab.cat\/tegeso\/wp-json\/wp\/v2\/pages\/2\/revisions"}],"predecessor-version":[{"id":110,"href":"https:\/\/webs.uab.cat\/tegeso\/wp-json\/wp\/v2\/pages\/2\/revisions\/110"}],"wp:attachment":[{"href":"https:\/\/webs.uab.cat\/tegeso\/wp-json\/wp\/v2\/media?parent=2"}],"curies":[{"name":"wp","href":"https:\/\/api.w.org\/{rel}","templated":true}]}}