{"id":180,"date":"2025-04-25T10:09:30","date_gmt":"2025-04-25T08:09:30","guid":{"rendered":"https:\/\/webs.uab.cat\/thal-ia\/presentacio\/"},"modified":"2025-09-10T17:39:31","modified_gmt":"2025-09-10T15:39:31","slug":"presentacio","status":"publish","type":"page","link":"https:\/\/webs.uab.cat\/thal-ia\/ca\/","title":{"rendered":"Presentaci\u00f3"},"content":{"rendered":"<div class=\"wp-block-image\">\n<figure class=\"aligncenter size-large is-resized\"><img loading=\"lazy\" decoding=\"async\" width=\"1024\" height=\"316\" src=\"https:\/\/webs.uab.cat\/thal-ia\/wp-content\/uploads\/sites\/652\/2025\/04\/Logo-2-1-1024x316.png\" alt=\"\" class=\"wp-image-16\" style=\"width:340px;height:auto\" srcset=\"https:\/\/webs.uab.cat\/thal-ia\/wp-content\/uploads\/sites\/652\/2025\/04\/Logo-2-1-1024x316.png 1024w, https:\/\/webs.uab.cat\/thal-ia\/wp-content\/uploads\/sites\/652\/2025\/04\/Logo-2-1-300x93.png 300w, https:\/\/webs.uab.cat\/thal-ia\/wp-content\/uploads\/sites\/652\/2025\/04\/Logo-2-1-768x237.png 768w, https:\/\/webs.uab.cat\/thal-ia\/wp-content\/uploads\/sites\/652\/2025\/04\/Logo-2-1-1536x474.png 1536w, https:\/\/webs.uab.cat\/thal-ia\/wp-content\/uploads\/sites\/652\/2025\/04\/Logo-2-1-2048x632.png 2048w, https:\/\/webs.uab.cat\/thal-ia\/wp-content\/uploads\/sites\/652\/2025\/04\/Logo-2-1-1200x370.png 1200w, https:\/\/webs.uab.cat\/thal-ia\/wp-content\/uploads\/sites\/652\/2025\/04\/Logo-2-1-1980x611.png 1980w\" sizes=\"auto, (max-width: 1024px) 100vw, 1024px\" \/><\/figure>\n<\/div>\n\n\n<p>El principal objectiu de <em>Thal-IA <\/em>(CNS2023-145014) \u00e9s reconsiderar la concepci\u00f3 tradicional sobre la creaci\u00f3 del text dram\u00e0tic del Segle d&#8217;Or espanyol i proposar un nou model basat en evid\u00e8ncies textuals. <\/p>\n\n\n\n<blockquote class=\"wp-block-quote has-normal-font-size is-layout-flow wp-block-quote-is-layout-flow\">\n<p><strong>La hip\u00f2tesi de partida consisteix a plantejar la possibilitat, mai explorada fins ara, de poder establir una col\u00b7laboraci\u00f3 entre dramaturgs i altres agents del sistema teatral.<\/strong><\/p>\n<\/blockquote>\n\n\n\n<p> Si aix\u00f2 fos aix\u00ed, el proc\u00e9s de producci\u00f3 d&#8217;una obra no es reduiria \u00fanicament a la voluntat de l&#8217;autor, sin\u00f3 que seria producte de la col\u00b7laboraci\u00f3 entre diverses persones, que treballarien al costat de l&#8217;autor, debatent i modificant el contingut per a obtenir l&#8217;obra final.Per a poder comprovar aquesta hip\u00f2tesi resulta essencial treballar amb un corpus de textos autoritzats i fiables: els manuscrits aut\u00f2grafs. <\/p>\n\n\n\n<blockquote class=\"wp-block-quote is-layout-flow wp-block-quote-is-layout-flow\">\n<p class=\"has-normal-font-size\"><strong>Objectius del projecte: <\/strong><\/p>\n<\/blockquote>\n\n\n\n<ol class=\"wp-block-list\">\n<li><em>Crear un corpus ampli i fiable de manuscrits aut\u00f2grafs de teatre auri <\/em><\/li>\n\n\n\n<li><em>Analitzar filol\u00f2gicament els manuscrits<\/em><\/li>\n\n\n\n<li><em>Aplicar l&#8217;an\u00e0lisi mitjan\u00e7ant fotografia espectral als manuscrits <\/em><\/li>\n\n\n\n<li><em>Estudiar i sistematitzar els resultats per validar o refutar les hip\u00f2tesis inicials<\/em><\/li>\n<\/ol>\n\n\n\n<p><\/p>\n\n\n\n<p><\/p>\n","protected":false},"excerpt":{"rendered":"<p>El principal objectiu de Thal-IA (CNS2023-145014) \u00e9s reconsiderar la concepci\u00f3 tradicional sobre la creaci\u00f3 del text dram\u00e0tic del Segle d&#8217;Or espanyol i proposar un nou model basat en evid\u00e8ncies textuals. La hip\u00f2tesi de partida consisteix a plantejar la possibilitat, mai explorada fins ara, de poder establir una col\u00b7laboraci\u00f3 entre dramaturgs i altres agents del sistema [&hellip;]<\/p>\n","protected":false},"author":3053,"featured_media":0,"parent":0,"menu_order":1,"comment_status":"closed","ping_status":"closed","template":"","meta":{"footnotes":""},"class_list":["post-180","page","type-page","status-publish","hentry"],"_links":{"self":[{"href":"https:\/\/webs.uab.cat\/thal-ia\/ca\/wp-json\/wp\/v2\/pages\/180","targetHints":{"allow":["GET"]}}],"collection":[{"href":"https:\/\/webs.uab.cat\/thal-ia\/ca\/wp-json\/wp\/v2\/pages"}],"about":[{"href":"https:\/\/webs.uab.cat\/thal-ia\/ca\/wp-json\/wp\/v2\/types\/page"}],"author":[{"embeddable":true,"href":"https:\/\/webs.uab.cat\/thal-ia\/ca\/wp-json\/wp\/v2\/users\/3053"}],"replies":[{"embeddable":true,"href":"https:\/\/webs.uab.cat\/thal-ia\/ca\/wp-json\/wp\/v2\/comments?post=180"}],"version-history":[{"count":2,"href":"https:\/\/webs.uab.cat\/thal-ia\/ca\/wp-json\/wp\/v2\/pages\/180\/revisions"}],"predecessor-version":[{"id":352,"href":"https:\/\/webs.uab.cat\/thal-ia\/ca\/wp-json\/wp\/v2\/pages\/180\/revisions\/352"}],"wp:attachment":[{"href":"https:\/\/webs.uab.cat\/thal-ia\/ca\/wp-json\/wp\/v2\/media?parent=180"}],"curies":[{"name":"wp","href":"https:\/\/api.w.org\/{rel}","templated":true}]}}