{"id":219,"date":"2025-04-25T10:45:19","date_gmt":"2025-04-25T08:45:19","guid":{"rendered":"https:\/\/webs.uab.cat\/thal-ia\/researchers\/"},"modified":"2026-01-09T17:27:30","modified_gmt":"2026-01-09T15:27:30","slug":"researchers","status":"publish","type":"page","link":"https:\/\/webs.uab.cat\/thal-ia\/en\/researchers\/","title":{"rendered":"Researchers"},"content":{"rendered":"\n<div class=\"wp-block-group alignfull\"><div class=\"wp-block-group__inner-container is-layout-constrained wp-block-group-is-layout-constrained\">\n<div class=\"wp-block-columns is-layout-flex wp-container-core-columns-is-layout-9d6595d7 wp-block-columns-is-layout-flex\">\n<div class=\"wp-block-column is-vertically-aligned-center is-layout-flow wp-block-column-is-layout-flow\"><div class=\"wp-block-image wp-duotone-grayscale\">\n<figure class=\"alignleft size-full\"><img loading=\"lazy\" decoding=\"async\" width=\"376\" height=\"373\" src=\"https:\/\/webs.uab.cat\/thal-ia\/wp-content\/uploads\/sites\/652\/2025\/04\/Captura-de-pantalla-2025-04-27-113326-1.png\" alt=\"\" class=\"wp-image-49\" srcset=\"https:\/\/webs.uab.cat\/thal-ia\/wp-content\/uploads\/sites\/652\/2025\/04\/Captura-de-pantalla-2025-04-27-113326-1.png 376w, https:\/\/webs.uab.cat\/thal-ia\/wp-content\/uploads\/sites\/652\/2025\/04\/Captura-de-pantalla-2025-04-27-113326-1-300x298.png 300w, https:\/\/webs.uab.cat\/thal-ia\/wp-content\/uploads\/sites\/652\/2025\/04\/Captura-de-pantalla-2025-04-27-113326-1-150x150.png 150w\" sizes=\"auto, (max-width: 376px) 100vw, 376px\" \/><\/figure>\n<\/div><\/div>\n\n\n\n<div class=\"wp-block-column is-layout-flow wp-block-column-is-layout-flow\"><div class=\"wp-block-image is-style-default wp-duotone-grayscale\">\n<figure class=\"alignright size-full is-resized\"><img loading=\"lazy\" decoding=\"async\" width=\"291\" height=\"285\" src=\"https:\/\/webs.uab.cat\/thal-ia\/wp-content\/uploads\/sites\/652\/2025\/05\/Captura-de-pantalla-2025-04-27-113344-edited.png\" alt=\"\" class=\"wp-image-107\" style=\"width:332px;height:auto\" \/><\/figure>\n<\/div><\/div>\n<\/div>\n\n\n\n<div class=\"wp-block-columns alignwide is-layout-flex wp-container-core-columns-is-layout-9d6595d7 wp-block-columns-is-layout-flex\">\n<div class=\"wp-block-column is-layout-flow wp-block-column-is-layout-flow\">\n<p><strong>S\u00f2nia Boadas<\/strong> is Associate Professor of Spanish Literature at the Universitat Aut\u00f2noma de Barcelona, Principal Investigator of the Thal-IA project, and a member of the scientific committee of the Prolope research group. She has been a Marie Curie Fellow at the Universit\u00e0 di Bologna and a Ram\u00f3n y Cajal Researcher at the Universitat de Girona. Her main line of research focuses on textual issues in the Early Modern period, with particular emphasis on the production and transmission of Golden Age theatre. She currently leads and coordinates several projects aimed at deepening our understanding of the creative process behind the Comedia Nueva through the application of techniques related to Artificial Intelligence and spectral analysis.<\/p>\n<\/div>\n\n\n\n<div class=\"wp-block-column is-layout-flow wp-block-column-is-layout-flow\">\n<p><strong>\u00c1lvaro Cu\u00e9llar<\/strong> is a Juan de la Cierva Postdoctoral Researcher at the Universitat Aut\u00f2noma de Barcelona. His research focuses on the computational study of Spanish Golden Age theatre, with particular attention to authorship, transcription, dating, and the identification of scribes and printing houses, among other aspects. He is co-director of the <em>Estilometr\u00eda Aplicada al Teatro del Siglo de Oro portal<\/em>, which offers analytical tools for the Early Modern theatrical repertoire, and of the TEXORO database, which allows users to perform searches on a corpus comprising 40 million words. In recent years, he has notably contributed to the discovery of <em>La francesa Laura<\/em>, a lost play by Lope de Vega, through the application of Artificial Intelligence techniques. Additionally, he has played a key role in the recovery of the overlooked playwright Andr\u00e9s de Claramonte, to whom history had denied essential texts such as <em>El burlador de Sevilla<\/em>.<\/p>\n<\/div>\n<\/div>\n\n\n\n<div class=\"wp-block-columns is-layout-flex wp-container-core-columns-is-layout-9d6595d7 wp-block-columns-is-layout-flex\">\n<div class=\"wp-block-column is-layout-flow wp-block-column-is-layout-flow\"><div class=\"wp-block-image wp-duotone-grayscale\">\n<figure class=\"alignleft size-full is-resized\"><img loading=\"lazy\" decoding=\"async\" width=\"374\" height=\"374\" src=\"https:\/\/webs.uab.cat\/thal-ia\/wp-content\/uploads\/sites\/652\/2025\/04\/Captura-de-pantalla-2025-04-27-113336.png\" alt=\"\" class=\"wp-image-45\" style=\"width:285px;height:auto\" srcset=\"https:\/\/webs.uab.cat\/thal-ia\/wp-content\/uploads\/sites\/652\/2025\/04\/Captura-de-pantalla-2025-04-27-113336.png 374w, https:\/\/webs.uab.cat\/thal-ia\/wp-content\/uploads\/sites\/652\/2025\/04\/Captura-de-pantalla-2025-04-27-113336-300x300.png 300w, https:\/\/webs.uab.cat\/thal-ia\/wp-content\/uploads\/sites\/652\/2025\/04\/Captura-de-pantalla-2025-04-27-113336-150x150.png 150w\" sizes=\"auto, (max-width: 374px) 100vw, 374px\" \/><\/figure>\n<\/div><\/div>\n\n\n\n<div class=\"wp-block-column is-layout-flow wp-block-column-is-layout-flow\"><div class=\"wp-block-image wp-duotone-grayscale\">\n<figure class=\"alignleft size-full is-resized\"><img loading=\"lazy\" decoding=\"async\" width=\"760\" height=\"760\" src=\"https:\/\/webs.uab.cat\/thal-ia\/wp-content\/uploads\/sites\/652\/2025\/09\/Elena-Merlino-2-edited-1.jpeg\" alt=\"\" class=\"wp-image-346\" style=\"width:285px\" srcset=\"https:\/\/webs.uab.cat\/thal-ia\/wp-content\/uploads\/sites\/652\/2025\/09\/Elena-Merlino-2-edited-1.jpeg 760w, https:\/\/webs.uab.cat\/thal-ia\/wp-content\/uploads\/sites\/652\/2025\/09\/Elena-Merlino-2-edited-1-300x300.jpeg 300w, https:\/\/webs.uab.cat\/thal-ia\/wp-content\/uploads\/sites\/652\/2025\/09\/Elena-Merlino-2-edited-1-150x150.jpeg 150w\" sizes=\"auto, (max-width: 760px) 100vw, 760px\" \/><\/figure>\n<\/div><\/div>\n<\/div>\n\n\n\n<div class=\"wp-block-columns alignwide is-layout-flex wp-container-core-columns-is-layout-9d6595d7 wp-block-columns-is-layout-flex\">\n<div class=\"wp-block-column is-layout-flow wp-block-column-is-layout-flow\">\n<p><strong>Arantxa Ll\u00e1ce<\/strong>r <strong>Martorell <\/strong>is a postdoctoral researcher funded by the Generalitat Valenciana (CIAPOS 2024) and is currently undertaking a research stay at the Autonomous University of Barcelona. This stay enables her to collaborate with the research project <em>Thal-IA. Patrimonio teatral \u00e1ureo: inteligencia artificial y fotograf\u00eda espectral<\/em>, in which she served as a contracted researcher between 2024 and 2025. Her work focuses on developing expertise and tools for the identification, cataloguing, and analysis of manuscripts in national and international libraries and archives. In addition, she applies artificial intelligence techniques to the processing and analysis of manuscript data.<\/p>\n\n\n\n<p>She holds a PhD in Philological Studies from the University of Valencia (2021), with a dissertation <em>Jaume Ramon Vila i el seu Dietari. Edici\u00f3 i estudi<\/em>. His research focuses on the history of the book in the 16th and 17th centuries, the Golden Age theatrical circuit, and its manuscript transmission. Between 2022 and 2024, he held a competitive Margarita Salas postdoctoral fellowship to develop the project <em>Els impressors catalans<\/em> de Lope de Vega at the University of Valencia.<\/p>\n<\/div>\n\n\n\n<div class=\"wp-block-column is-layout-flow wp-block-column-is-layout-flow\">\n<p><strong>Elena Merlino<\/strong> holds a PhD in Languages, Literature, and Comparative Culture from the Universit\u00e0 di Firenze, where she defended her thesis entitled <em>Spazi fisici e spazi immaginari agli albori della comedia nueva<\/em> in 2024, under the supervision of Professor Salom\u00e9 Vuelta Garc\u00eda. Between 2024 and 2025, she was a postdoctoral researcher at the Universit\u00e0 degli Studi Roma Tre, under the supervision of Professor Fausta Antonucci, working on the development of the <em>Calder\u00f3n Digital <\/em>database. She also served as a full professor of Spanish Literature at the Universit\u00e0 di Firenze (2025). Her research focuses on 16th and 17th-century Spanish theatre, with a particular focus on theatrical and performative dimensions. Her publications include a critical edition, studies on theatrical space, and source analysis. She is currently a postdoctoral researcher on the Thal-IA project at the Universitat Aut\u00f2noma de Barcelona.<\/p>\n<\/div>\n<\/div>\n<\/div><\/div>\n\n\n\n<div class=\"wp-block-group alignfull\"><div class=\"wp-block-group__inner-container is-layout-constrained wp-block-group-is-layout-constrained\">\n<div class=\"wp-block-columns is-layout-flex wp-container-core-columns-is-layout-9d6595d7 wp-block-columns-is-layout-flex\">\n<div class=\"wp-block-column is-layout-flow wp-block-column-is-layout-flow\"><div class=\"wp-block-image wp-duotone-grayscale\">\n<figure class=\"aligncenter size-full is-resized\"><img loading=\"lazy\" decoding=\"async\" width=\"300\" height=\"257\" src=\"https:\/\/webs.uab.cat\/thal-ia\/wp-content\/uploads\/sites\/652\/2025\/04\/Foto_ram_montalban-1.png\" alt=\"\" class=\"wp-image-22\" style=\"width:332px;height:auto\" \/><\/figure>\n<\/div><\/div>\n\n\n\n<div class=\"wp-block-column is-layout-flow wp-block-column-is-layout-flow\"><div class=\"wp-block-image wp-duotone-grayscale\">\n<figure class=\"aligncenter size-full is-resized\"><img loading=\"lazy\" decoding=\"async\" width=\"2413\" height=\"2560\" src=\"https:\/\/webs.uab.cat\/thal-ia\/wp-content\/uploads\/sites\/652\/2026\/01\/Foto-Veronica-Torres-Martin-scaled.jpg\" alt=\"\" class=\"wp-image-502\" style=\"width:285px\" srcset=\"https:\/\/webs.uab.cat\/thal-ia\/wp-content\/uploads\/sites\/652\/2026\/01\/Foto-Veronica-Torres-Martin-scaled.jpg 2413w, https:\/\/webs.uab.cat\/thal-ia\/wp-content\/uploads\/sites\/652\/2026\/01\/Foto-Veronica-Torres-Martin-283x300.jpg 283w, https:\/\/webs.uab.cat\/thal-ia\/wp-content\/uploads\/sites\/652\/2026\/01\/Foto-Veronica-Torres-Martin-965x1024.jpg 965w, https:\/\/webs.uab.cat\/thal-ia\/wp-content\/uploads\/sites\/652\/2026\/01\/Foto-Veronica-Torres-Martin-768x815.jpg 768w, https:\/\/webs.uab.cat\/thal-ia\/wp-content\/uploads\/sites\/652\/2026\/01\/Foto-Veronica-Torres-Martin-1448x1536.jpg 1448w, https:\/\/webs.uab.cat\/thal-ia\/wp-content\/uploads\/sites\/652\/2026\/01\/Foto-Veronica-Torres-Martin-1931x2048.jpg 1931w, https:\/\/webs.uab.cat\/thal-ia\/wp-content\/uploads\/sites\/652\/2026\/01\/Foto-Veronica-Torres-Martin-1200x1273.jpg 1200w, https:\/\/webs.uab.cat\/thal-ia\/wp-content\/uploads\/sites\/652\/2026\/01\/Foto-Veronica-Torres-Martin-1980x2100.jpg 1980w\" sizes=\"auto, (max-width: 2413px) 100vw, 2413px\" \/><\/figure>\n<\/div><\/div>\n<\/div>\n\n\n\n<div class=\"wp-block-columns alignwide is-layout-flex wp-container-core-columns-is-layout-9d6595d7 wp-block-columns-is-layout-flex\">\n<div class=\"wp-block-column is-layout-flow wp-block-column-is-layout-flow\">\n<p><strong>Roc\u00edo Alonso Medel<\/strong> holds a PhD in Spanish Language and its Literatures (Royal Decree 99\/2011) from the Universidad Complutense de Madri, awarded through a predoctoral contract for research staff training at UCM (CT42\/18\u2013CT43\/18). She has held a Margarita Salas postdoctoral fellowship at the Institute of Medieval and Renaissance Studies and Digital Humanities of the Universidad Complutense de Madri. Her research focuses on the study and reception of Spanish Golden Age theatre, the generic hybridism of 17th-century texts, 16th-century lyric poetry, and Baroque hagiography. She is currently a postdoctoral researcher on the <em>Thal-IA<\/em> Project.<\/p>\n<\/div>\n\n\n\n<div class=\"wp-block-column is-layout-flow wp-block-column-is-layout-flow\">\n<p><strong>Ver\u00f3nica Torres Mart\u00edn<\/strong> holds a PhD in Linguistic, Literary, and Cultural Studies from the University of Barcelona, where in 2025 she defended her doctoral dissertation entitled <em>Hacia una tipolog\u00eda de \u201csantas vivas\u201d (1400\u20131550) y su reflejo en la literatura hagiogr\u00e1fica hisp\u00e1nica<\/em>, supervised by Dr Mar\u00eda del Mar Cort\u00e9s Timoner. Her main line of research focuses on the study of female spirituality in the Late Middle Ages and the Early Modern period, alongside the study of Spanish women playwrights of the Siglo de Oro. In particular, her research on Joana Teodora de Sousa stands out; she edited Sousa\u2019s play <em>El gran prodigio de Espa\u00f1a, y lealtad de un amigo<\/em> (Edicions Universitat de Barcelona, 2021). She is currently a member of two research projects: <em>Cat\u00e1logo de Santas Vivas (Fase Final): Hacia el primer modelo de santidad femenina de la Contrarreforma<\/em>, directed by Rebeca Sanmart\u00edn Bastida, and she is also a contracted researcher on the project <em>Thal-IA. Patrimonio teatral \u00e1ureo: Inteligencia Artificial y Fotograf\u00eda Espectral<\/em>, led by S\u00f2nia Boadas Cabarrocas.<\/p>\n<\/div>\n<\/div>\n<\/div><\/div>\n\n\n\n<div class=\"wp-block-columns is-layout-flex wp-container-core-columns-is-layout-9d6595d7 wp-block-columns-is-layout-flex\">\n<div class=\"wp-block-column is-layout-flow wp-block-column-is-layout-flow\"><div class=\"wp-block-image wp-duotone-grayscale\">\n<figure class=\"alignright size-full is-resized\"><img loading=\"lazy\" decoding=\"async\" width=\"200\" height=\"200\" src=\"https:\/\/webs.uab.cat\/thal-ia\/wp-content\/uploads\/sites\/652\/2025\/10\/Blasut_2.jpeg\" alt=\"\" class=\"wp-image-483\" style=\"width:330px;height:auto\" srcset=\"https:\/\/webs.uab.cat\/thal-ia\/wp-content\/uploads\/sites\/652\/2025\/10\/Blasut_2.jpeg 200w, https:\/\/webs.uab.cat\/thal-ia\/wp-content\/uploads\/sites\/652\/2025\/10\/Blasut_2-150x150.jpeg 150w\" sizes=\"auto, (max-width: 200px) 100vw, 200px\" \/><\/figure>\n<\/div><\/div>\n\n\n\n<div class=\"wp-block-column is-layout-flow wp-block-column-is-layout-flow\">\n<figure class=\"wp-block-image size-large is-resized wp-duotone-grayscale\"><img loading=\"lazy\" decoding=\"async\" width=\"1024\" height=\"705\" src=\"https:\/\/webs.uab.cat\/thal-ia\/wp-content\/uploads\/sites\/652\/2025\/09\/Joel_Reverter-1-1024x705.jpg\" alt=\"\" class=\"wp-image-425\" style=\"aspect-ratio:0.9193548387096774;object-fit:cover;width:285px;height:auto\" srcset=\"https:\/\/webs.uab.cat\/thal-ia\/wp-content\/uploads\/sites\/652\/2025\/09\/Joel_Reverter-1-1024x705.jpg 1024w, https:\/\/webs.uab.cat\/thal-ia\/wp-content\/uploads\/sites\/652\/2025\/09\/Joel_Reverter-1-300x207.jpg 300w, https:\/\/webs.uab.cat\/thal-ia\/wp-content\/uploads\/sites\/652\/2025\/09\/Joel_Reverter-1-768x529.jpg 768w, https:\/\/webs.uab.cat\/thal-ia\/wp-content\/uploads\/sites\/652\/2025\/09\/Joel_Reverter-1-1200x826.jpg 1200w, https:\/\/webs.uab.cat\/thal-ia\/wp-content\/uploads\/sites\/652\/2025\/09\/Joel_Reverter-1.jpg 1458w\" sizes=\"auto, (max-width: 1024px) 100vw, 1024px\" \/><\/figure>\n<\/div>\n<\/div>\n\n\n\n<div class=\"wp-block-columns alignwide is-layout-flex wp-container-core-columns-is-layout-9d6595d7 wp-block-columns-is-layout-flex\">\n<div class=\"wp-block-column is-layout-flow wp-block-column-is-layout-flow\">\n<p><strong>Giada Blasut <\/strong>is a Juan de la Cierva Postdoctoral Research Fellow at the Universitat Aut\u00f2noma de Barcelona and coordinator of the database<em> AUTESO. Aut\u00f3grafos Teatrales del Siglo de Oro<\/em>, directed by S\u00f2nia Boadas and Marco Presotto.<\/p>\n\n\n\n<p>After earning her PhD in <em>Letterature Straniere, Lingue e Linguistica<\/em> at the Universit\u00e0 degli Studi di Verona, in cotutelle with the Universidad Complutense de Madrid, she held a postdoctoral research position at the Universit\u00e0 di Trento and was a contracted lecturer at the Universit\u00e0 degli Studi di Milano. Her research focuses on Spanish Golden Age theatre, with particular emphasis on the autograph manuscripts of Lope de Vega and Juan Claudio de la Hoz y Mota, as well as on Castilian chivalric romances, of which she has recently edited <em>Silves de la Selva<\/em> by Licenciado Pedro de Luj\u00e1n.<\/p>\n<\/div>\n\n\n\n<div class=\"wp-block-column is-layout-flow wp-block-column-is-layout-flow\">\n<p><strong>Joel Reverter Lainez<\/strong> holds a degree in Hispanic Language and Literature from the Universitat Rovira i Virgili. He is currently a predoctoral FPU fellow and a member of the PROLOPE research group. His research examines Golden Age theatrical manuscripts through digital humanities methodologies, with particular attention to the interventions of the censor Pedro de Vargas Machuca. He collaborates with the Thal-IA group, where he contributes to the development of models for the synthetic generation of handwritten scripts. In addition, he studies the writer Sebasti\u00e0 Juan Arb\u00f3 in collaboration with Joan Antoni Forcadell, with whom he has published the author\u2019s <em>Obra dram\u00e0tica<\/em> and is developing the Sebasti\u00e0 Juan Arb\u00f3 Digital Archive.<\/p>\n<\/div>\n<\/div>\n","protected":false},"excerpt":{"rendered":"<p>S\u00f2nia Boadas is Associate Professor of Spanish Literature at the Universitat Aut\u00f2noma de Barcelona, Principal Investigator of the Thal-IA project, and a member of the scientific committee of the Prolope research group. She has been a Marie Curie Fellow at the Universit\u00e0 di Bologna and a Ram\u00f3n y Cajal Researcher at the Universitat de Girona. [&hellip;]<\/p>\n","protected":false},"author":3053,"featured_media":0,"parent":0,"menu_order":3,"comment_status":"closed","ping_status":"closed","template":"","meta":{"footnotes":""},"class_list":["post-219","page","type-page","status-publish","hentry"],"_links":{"self":[{"href":"https:\/\/webs.uab.cat\/thal-ia\/en\/wp-json\/wp\/v2\/pages\/219","targetHints":{"allow":["GET"]}}],"collection":[{"href":"https:\/\/webs.uab.cat\/thal-ia\/en\/wp-json\/wp\/v2\/pages"}],"about":[{"href":"https:\/\/webs.uab.cat\/thal-ia\/en\/wp-json\/wp\/v2\/types\/page"}],"author":[{"embeddable":true,"href":"https:\/\/webs.uab.cat\/thal-ia\/en\/wp-json\/wp\/v2\/users\/3053"}],"replies":[{"embeddable":true,"href":"https:\/\/webs.uab.cat\/thal-ia\/en\/wp-json\/wp\/v2\/comments?post=219"}],"version-history":[{"count":9,"href":"https:\/\/webs.uab.cat\/thal-ia\/en\/wp-json\/wp\/v2\/pages\/219\/revisions"}],"predecessor-version":[{"id":512,"href":"https:\/\/webs.uab.cat\/thal-ia\/en\/wp-json\/wp\/v2\/pages\/219\/revisions\/512"}],"wp:attachment":[{"href":"https:\/\/webs.uab.cat\/thal-ia\/en\/wp-json\/wp\/v2\/media?parent=219"}],"curies":[{"name":"wp","href":"https:\/\/api.w.org\/{rel}","templated":true}]}}